{"id":16130,"date":"2025-07-22T09:26:39","date_gmt":"2025-07-22T07:26:39","guid":{"rendered":"https:\/\/pot-ole.dk\/franskinspirerad\/"},"modified":"2026-03-23T13:44:57","modified_gmt":"2026-03-23T12:44:57","slug":"franskinspirerad","status":"publish","type":"page","link":"https:\/\/pot-ole.dk\/sv\/franskinspirerad\/","title":{"rendered":"Franskinspirerad"},"content":{"rendered":"\t\t<div data-elementor-type=\"wp-page\" data-elementor-id=\"16130\" class=\"elementor elementor-16130 elementor-9555\" data-elementor-post-type=\"page\">\n\t\t\t\t<div class=\"elementor-element elementor-element-865fbc0 e-flex e-con-boxed e-con e-parent\" data-id=\"865fbc0\" data-element_type=\"container\" data-e-type=\"container\" data-settings=\"{&quot;background_background&quot;:&quot;classic&quot;,&quot;shape_divider_bottom&quot;:&quot;waves&quot;}\">\n\t\t\t\t\t<div class=\"e-con-inner\">\n\t\t\t\t<div class=\"elementor-shape elementor-shape-bottom\" aria-hidden=\"true\" data-negative=\"false\">\n\t\t\t<svg xmlns=\"http:\/\/www.w3.org\/2000\/svg\" viewBox=\"0 0 1000 100\" preserveAspectRatio=\"none\">\n\t<path class=\"elementor-shape-fill\" d=\"M421.9,6.5c22.6-2.5,51.5,0.4,75.5,5.3c23.6,4.9,70.9,23.5,100.5,35.7c75.8,32.2,133.7,44.5,192.6,49.7\n\tc23.6,2.1,48.7,3.5,103.4-2.5c54.7-6,106.2-25.6,106.2-25.6V0H0v30.3c0,0,72,32.6,158.4,30.5c39.2-0.7,92.8-6.7,134-22.4\n\tc21.2-8.1,52.2-18.2,79.7-24.2C399.3,7.9,411.6,7.5,421.9,6.5z\"\/>\n<\/svg>\t\t<\/div>\n\t\t<div class=\"elementor-element elementor-element-8f85ad5 e-con-full no-padding e-flex e-con e-child\" data-id=\"8f85ad5\" data-element_type=\"container\" data-e-type=\"container\">\n\t\t\t\t<div class=\"elementor-element elementor-element-613ca82 elementor-widget elementor-widget-heading\" data-id=\"613ca82\" data-element_type=\"widget\" data-e-type=\"widget\" data-widget_type=\"heading.default\">\n\t\t\t\t<div class=\"elementor-widget-container\">\n\t\t\t\t\t<h1 class=\"elementor-heading-title elementor-size-default\">Franskinspirerade burkar f\u00f6r alla rum<\/h1>\t\t\t\t<\/div>\n\t\t\t\t<\/div>\n\t\t\t\t<\/div>\n\t\t\t\t\t<\/div>\n\t\t\t\t<\/div>\n\t\t<div class=\"elementor-element elementor-element-9ec6327 e-flex e-con-boxed e-con e-parent\" data-id=\"9ec6327\" data-element_type=\"container\" data-e-type=\"container\" data-settings=\"{&quot;background_background&quot;:&quot;classic&quot;}\">\n\t\t\t\t\t<div class=\"e-con-inner\">\n\t\t<div class=\"elementor-element elementor-element-a8b8d29 e-con-full e-flex e-con e-child\" data-id=\"a8b8d29\" data-element_type=\"container\" data-e-type=\"container\">\n\t\t<div class=\"elementor-element elementor-element-eaa281b e-con-full e-flex e-con e-child\" data-id=\"eaa281b\" data-element_type=\"container\" data-e-type=\"container\">\n\t\t\t\t<div class=\"elementor-element elementor-element-f2987b6 elementor-widget-tablet__width-inherit elementor-widget-mobile__width-inherit elementor-widget elementor-widget-text-editor\" data-id=\"f2987b6\" data-element_type=\"widget\" data-e-type=\"widget\" data-widget_type=\"text-editor.default\">\n\t\t\t\t<div class=\"elementor-widget-container\">\n\t\t\t\t\t\t\t\t\t<p class=\"custom125 custom126\">Blomkrukor f\u00f6r f\u00f6retag<\/p>\t\t\t\t\t\t\t\t<\/div>\n\t\t\t\t<\/div>\n\t\t\t\t<div class=\"elementor-element elementor-element-614134f elementor-widget elementor-widget-text-editor\" data-id=\"614134f\" data-element_type=\"widget\" data-e-type=\"widget\" data-widget_type=\"text-editor.default\">\n\t\t\t\t<div class=\"elementor-widget-container\">\n\t\t\t\t\t\t\t\t\t<div class=\"column step-3-12 step-2-6\"><div id=\"site-container-58587\" class=\"Container Placeholder con-142 \" data-snap=\"1\"><div class=\"row\"><div class=\"column step-3-12\"><div id=\"site-container-58586\" class=\"Container ModuleElement Textarea AutoResizable con-113 \" data-snap=\"1\" data-containertype=\"Textarea\" data-moduleelement=\"20000\"><div class=\"Module-20000 Textarea\"><h2>Partihandel med stora och sm\u00e5 burkar<\/h2><p>P\u00e5 WET By Pot Ol\u00e9 s\u00e4ljer vi sydeuropeiskt inspirerade terrakottakrukor och -burkar. Genom v\u00e5rt l\u00e5ngvariga samarbete och n\u00e4ra relation med v\u00e5r leverant\u00f6r i Vietnam kan vi skr\u00e4ddarsy l\u00f6sningar efter dina behov \u2013 b\u00e5de vad g\u00e4ller storlekar, modeller och f\u00e4rger. <\/p><p>Vi s\u00e4ljer v\u00e5ra krukor i grossistledet till tr\u00e4dg\u00e5rdscenter, blomsteraff\u00e4rer, plantskolor, g\u00e5rdsbutiker och flera andra typer av kommersiella kunder.<\/p><p>Vi samarbetar med f\u00f6retag \u00f6ver hela landet, bland annat p\u00e5 Jylland, Sj\u00e4lland och Fyn, men m\u00e5nga av v\u00e5ra burkar, som \u00e4r italienskt, franskt och grekiskt inspirerade, s\u00e4ljs \u00e4ven i Norden och st\u00f6rre delen av Europa.  <\/p><h3>Inomhus- och utomhuskrukor<\/h3><p>Vi s\u00e4ljer terrakottakrukor med italiensk och fransk inspiration, f\u00f6r b\u00e5de inomhus- och utomhusbruk.<\/p><p>Krukorna \u00e4r frosts\u00e4kra och kan d\u00e4rf\u00f6r anv\u00e4ndas utomhus \u00e5ret runt. De blir bara vackrare \u00e5r efter \u00e5r, eftersom de \u00e4r tillverkade av 100 % terrakotta och absorberar allt, vilket ger den \u00f6nskade och omtyckta patinan.   <\/p><h3>V\u00e4lj mellan m\u00e5nga olika storlekar och former<\/h3><p>V\u00e5ra italiensk- och franskinspirerade krukor finns i en m\u00e4ngd olika storlekar, f\u00e4rger och former, vilket ger dig och dina kunder m\u00f6jligheten att f\u00e5 krukor som passar alla behov och \u00e4ndam\u00e5l, b\u00e5de inomhus och utomhus. De \u00e4r ocks\u00e5 l\u00e4mpliga f\u00f6r alla typer av blommor och v\u00e4xter.    <\/p><\/div><\/div><\/div><\/div><\/div><\/div>\t\t\t\t\t\t\t\t<\/div>\n\t\t\t\t<\/div>\n\t\t\t\t<\/div>\n\t\t<div class=\"elementor-element elementor-element-b352324 e-con-full e-flex e-con e-child\" data-id=\"b352324\" data-element_type=\"container\" data-e-type=\"container\" data-settings=\"{&quot;background_background&quot;:&quot;classic&quot;}\">\n\t\t\t\t<\/div>\n\t\t\t\t<\/div>\n\t\t\t\t\t<\/div>\n\t\t\t\t<\/div>\n\t\t<div class=\"elementor-element elementor-element-6731456 e-flex e-con-boxed e-con e-parent\" data-id=\"6731456\" data-element_type=\"container\" data-e-type=\"container\" data-settings=\"{&quot;background_background&quot;:&quot;classic&quot;}\">\n\t\t\t\t\t<div class=\"e-con-inner\">\n\t\t<div class=\"elementor-element elementor-element-7a4db39 e-con-full e-flex e-con e-child\" data-id=\"7a4db39\" data-element_type=\"container\" data-e-type=\"container\">\n\t\t\t\t<div class=\"elementor-element elementor-element-bff81f4 elementor-widget-tablet__width-inherit elementor-widget-mobile__width-inherit elementor-widget elementor-widget-text-editor\" data-id=\"bff81f4\" data-element_type=\"widget\" data-e-type=\"widget\" data-widget_type=\"text-editor.default\">\n\t\t\t\t<div class=\"elementor-widget-container\">\n\t\t\t\t\t\t\t\t\t<p class=\"custom125 custom126\">Blomkrukor f\u00f6r f\u00f6retag<\/p>\t\t\t\t\t\t\t\t<\/div>\n\t\t\t\t<\/div>\n\t\t\t\t<div class=\"elementor-element elementor-element-3b0b55f elementor-widget elementor-widget-text-editor\" data-id=\"3b0b55f\" data-element_type=\"widget\" data-e-type=\"widget\" data-widget_type=\"text-editor.default\">\n\t\t\t\t<div class=\"elementor-widget-container\">\n\t\t\t\t\t\t\t\t\t<h2>V\u00e5ra italiensk-, fransk- och grekiskinspirerade burkar \u00e4r en tidl\u00f6s klassiker<\/h2><p>V\u00e5ra burkar \u00e4r en tidl\u00f6s klassiker som aldrig g\u00e5r ur modet. Burkarna har ett romantiskt, rustikt och naturligt utseende som passar in i alla milj\u00f6er. <\/p><p>Dessutom \u00e4r alla krukor handdrejade, unika och antika. De kommer att dekorera, oavsett om de anv\u00e4nds utomhus i tr\u00e4dg\u00e5rden, inomhus i hemmet eller butiken eller n\u00e5gon annanstans. Vi s\u00e4ljer \u00e4ven v\u00e5ra mycket popul\u00e4ra sm\u00e5 terrakottakrukor i storlekarna \u00d86 cm &#8211; \u00d832 cm.    <\/p><h3>Kontakta oss f\u00f6r mer information om v\u00e5rt sortiment och priser.<\/h3><p>Du \u00e4r v\u00e4lkommen att kontakta oss genom att fylla i v\u00e5rt <a href=\"https:\/\/pot-ole.dk\/sv\/kontakta\/\">kontaktformul\u00e4r<\/a> . Om du har en prisf\u00f6rfr\u00e5gan, eller vill ha mer information om v\u00e5rt utbud av vackra och rustika burkar, kommer vi att svara p\u00e5 din f\u00f6rfr\u00e5gan s\u00e5 snabbt som m\u00f6jligt.<\/p>\t\t\t\t\t\t\t\t<\/div>\n\t\t\t\t<\/div>\n\t\t\t\t<\/div>\n\t\t<div class=\"elementor-element elementor-element-3fd02d7 e-con-full e-flex e-con e-child\" data-id=\"3fd02d7\" data-element_type=\"container\" data-e-type=\"container\" data-settings=\"{&quot;background_background&quot;:&quot;classic&quot;}\">\n\t\t\t\t<\/div>\n\t\t\t\t\t<\/div>\n\t\t\t\t<\/div>\n\t\t\t\t<\/div>\n\t\t","protected":false},"excerpt":{"rendered":"<p>Franskinspirerade burkar f\u00f6r alla rum Blomkrukor f\u00f6r f\u00f6retag Partihandel med stora och sm\u00e5 burkar P\u00e5 WET By Pot Ol\u00e9 s\u00e4ljer vi sydeuropeiskt inspirerade terrakottakrukor och -burkar. Genom v\u00e5rt l\u00e5ngvariga samarbete och n\u00e4ra relation med v\u00e5r leverant\u00f6r i Vietnam kan vi skr\u00e4ddarsy l\u00f6sningar efter dina behov \u2013 b\u00e5de vad g\u00e4ller storlekar, modeller och f\u00e4rger. Vi s\u00e4ljer &#8230; <a title=\"Franskinspirerad\" class=\"read-more\" href=\"https:\/\/pot-ole.dk\/sv\/franskinspirerad\/\" aria-label=\"L\u00e4s mer om Franskinspirerad\">L\u00e4s mer<\/a><\/p>\n","protected":false},"author":5,"featured_media":0,"parent":0,"menu_order":1013,"comment_status":"closed","ping_status":"closed","template":"","meta":{"_acf_changed":false,"footnotes":""},"categories":[],"class_list":["post-16130","page","type-page","status-publish"],"acf":[],"yoast_head":"<!-- This site is optimized with the Yoast SEO plugin v27.4 - https:\/\/yoast.com\/product\/yoast-seo-wordpress\/ -->\n<title>Italieninspirerade burkar s\u00e4ljs i hela Norden<\/title>\n<meta name=\"description\" content=\"Vi s\u00e4ljer italienskinspirerade krukor f\u00f6r tr\u00e4dg\u00e5rden eller handla i hela Norden. L\u00e4s mer p\u00e5 v\u00e5r hemsida och se urvalet.\" \/>\n<meta name=\"robots\" content=\"index, follow, max-snippet:-1, max-image-preview:large, max-video-preview:-1\" \/>\n<link rel=\"canonical\" href=\"https:\/\/pot-ole.dk\/sv\/franskinspirerad\/\" \/>\n<meta property=\"og:locale\" content=\"sv_SE\" \/>\n<meta property=\"og:type\" content=\"article\" \/>\n<meta property=\"og:title\" content=\"Italieninspirerade burkar s\u00e4ljs i hela Norden\" \/>\n<meta property=\"og:description\" content=\"Vi s\u00e4ljer italienskinspirerade krukor f\u00f6r tr\u00e4dg\u00e5rden eller handla i hela Norden. L\u00e4s mer p\u00e5 v\u00e5r hemsida och se urvalet.\" \/>\n<meta property=\"og:url\" content=\"https:\/\/pot-ole.dk\/sv\/franskinspirerad\/\" \/>\n<meta property=\"og:site_name\" content=\"W.E.T. BY POT OL\u00c9 ApS\" \/>\n<meta property=\"article:modified_time\" content=\"2026-03-23T12:44:57+00:00\" \/>\n<meta name=\"twitter:card\" content=\"summary_large_image\" \/>\n<meta name=\"twitter:label1\" content=\"Ber\u00e4knad l\u00e4stid\" \/>\n\t<meta name=\"twitter:data1\" content=\"2 minuter\" \/>\n<script type=\"application\/ld+json\" class=\"yoast-schema-graph\">{\"@context\":\"https:\\\/\\\/schema.org\",\"@graph\":[{\"@type\":\"WebPage\",\"@id\":\"https:\\\/\\\/pot-ole.dk\\\/sv\\\/franskinspirerad\\\/\",\"url\":\"https:\\\/\\\/pot-ole.dk\\\/sv\\\/franskinspirerad\\\/\",\"name\":\"Italieninspirerade burkar s\u00e4ljs i hela Norden\",\"isPartOf\":{\"@id\":\"https:\\\/\\\/pot-ole.dk\\\/sv\\\/#website\"},\"datePublished\":\"2025-07-22T07:26:39+00:00\",\"dateModified\":\"2026-03-23T12:44:57+00:00\",\"description\":\"Vi s\u00e4ljer italienskinspirerade krukor f\u00f6r tr\u00e4dg\u00e5rden eller handla i hela Norden. L\u00e4s mer p\u00e5 v\u00e5r hemsida och se urvalet.\",\"breadcrumb\":{\"@id\":\"https:\\\/\\\/pot-ole.dk\\\/sv\\\/franskinspirerad\\\/#breadcrumb\"},\"inLanguage\":\"sv-SE\",\"potentialAction\":[{\"@type\":\"ReadAction\",\"target\":[\"https:\\\/\\\/pot-ole.dk\\\/sv\\\/franskinspirerad\\\/\"]}]},{\"@type\":\"BreadcrumbList\",\"@id\":\"https:\\\/\\\/pot-ole.dk\\\/sv\\\/franskinspirerad\\\/#breadcrumb\",\"itemListElement\":[{\"@type\":\"ListItem\",\"position\":1,\"name\":\"Forside\",\"item\":\"https:\\\/\\\/pot-ole.dk\\\/sv\\\/fraemre\\\/\"},{\"@type\":\"ListItem\",\"position\":2,\"name\":\"Franskinspirerad\"}]},{\"@type\":\"WebSite\",\"@id\":\"https:\\\/\\\/pot-ole.dk\\\/sv\\\/#website\",\"url\":\"https:\\\/\\\/pot-ole.dk\\\/sv\\\/\",\"name\":\"W.E.T. BY POT OL\u00c9 ApS\",\"description\":\"W.E.T. BY POT OL\u00c9 ApS:\",\"publisher\":{\"@id\":\"https:\\\/\\\/pot-ole.dk\\\/sv\\\/#organization\"},\"potentialAction\":[{\"@type\":\"SearchAction\",\"target\":{\"@type\":\"EntryPoint\",\"urlTemplate\":\"https:\\\/\\\/pot-ole.dk\\\/sv\\\/?s={search_term_string}\"},\"query-input\":{\"@type\":\"PropertyValueSpecification\",\"valueRequired\":true,\"valueName\":\"search_term_string\"}}],\"inLanguage\":\"sv-SE\"},{\"@type\":\"Organization\",\"@id\":\"https:\\\/\\\/pot-ole.dk\\\/sv\\\/#organization\",\"name\":\"W.E.T. BY POT OL\u00c9 ApS\",\"url\":\"https:\\\/\\\/pot-ole.dk\\\/sv\\\/\",\"logo\":{\"@type\":\"ImageObject\",\"inLanguage\":\"sv-SE\",\"@id\":\"https:\\\/\\\/pot-ole.dk\\\/sv\\\/#\\\/schema\\\/logo\\\/image\\\/\",\"url\":\"https:\\\/\\\/pot-ole.dk\\\/wp-content\\\/uploads\\\/2025\\\/07\\\/logo_hvid_1360_2878.svg\",\"contentUrl\":\"https:\\\/\\\/pot-ole.dk\\\/wp-content\\\/uploads\\\/2025\\\/07\\\/logo_hvid_1360_2878.svg\",\"width\":163,\"height\":66,\"caption\":\"W.E.T. BY POT OL\u00c9 ApS\"},\"image\":{\"@id\":\"https:\\\/\\\/pot-ole.dk\\\/sv\\\/#\\\/schema\\\/logo\\\/image\\\/\"}}]}<\/script>\n<!-- \/ Yoast SEO plugin. -->","yoast_head_json":{"title":"Italieninspirerade burkar s\u00e4ljs i hela Norden","description":"Vi s\u00e4ljer italienskinspirerade krukor f\u00f6r tr\u00e4dg\u00e5rden eller handla i hela Norden. L\u00e4s mer p\u00e5 v\u00e5r hemsida och se urvalet.","robots":{"index":"index","follow":"follow","max-snippet":"max-snippet:-1","max-image-preview":"max-image-preview:large","max-video-preview":"max-video-preview:-1"},"canonical":"https:\/\/pot-ole.dk\/sv\/franskinspirerad\/","og_locale":"sv_SE","og_type":"article","og_title":"Italieninspirerade burkar s\u00e4ljs i hela Norden","og_description":"Vi s\u00e4ljer italienskinspirerade krukor f\u00f6r tr\u00e4dg\u00e5rden eller handla i hela Norden. L\u00e4s mer p\u00e5 v\u00e5r hemsida och se urvalet.","og_url":"https:\/\/pot-ole.dk\/sv\/franskinspirerad\/","og_site_name":"W.E.T. BY POT OL\u00c9 ApS","article_modified_time":"2026-03-23T12:44:57+00:00","twitter_card":"summary_large_image","twitter_misc":{"Ber\u00e4knad l\u00e4stid":"2 minuter"},"schema":{"@context":"https:\/\/schema.org","@graph":[{"@type":"WebPage","@id":"https:\/\/pot-ole.dk\/sv\/franskinspirerad\/","url":"https:\/\/pot-ole.dk\/sv\/franskinspirerad\/","name":"Italieninspirerade burkar s\u00e4ljs i hela Norden","isPartOf":{"@id":"https:\/\/pot-ole.dk\/sv\/#website"},"datePublished":"2025-07-22T07:26:39+00:00","dateModified":"2026-03-23T12:44:57+00:00","description":"Vi s\u00e4ljer italienskinspirerade krukor f\u00f6r tr\u00e4dg\u00e5rden eller handla i hela Norden. L\u00e4s mer p\u00e5 v\u00e5r hemsida och se urvalet.","breadcrumb":{"@id":"https:\/\/pot-ole.dk\/sv\/franskinspirerad\/#breadcrumb"},"inLanguage":"sv-SE","potentialAction":[{"@type":"ReadAction","target":["https:\/\/pot-ole.dk\/sv\/franskinspirerad\/"]}]},{"@type":"BreadcrumbList","@id":"https:\/\/pot-ole.dk\/sv\/franskinspirerad\/#breadcrumb","itemListElement":[{"@type":"ListItem","position":1,"name":"Forside","item":"https:\/\/pot-ole.dk\/sv\/fraemre\/"},{"@type":"ListItem","position":2,"name":"Franskinspirerad"}]},{"@type":"WebSite","@id":"https:\/\/pot-ole.dk\/sv\/#website","url":"https:\/\/pot-ole.dk\/sv\/","name":"W.E.T. BY POT OL\u00c9 ApS","description":"W.E.T. BY POT OL\u00c9 ApS:","publisher":{"@id":"https:\/\/pot-ole.dk\/sv\/#organization"},"potentialAction":[{"@type":"SearchAction","target":{"@type":"EntryPoint","urlTemplate":"https:\/\/pot-ole.dk\/sv\/?s={search_term_string}"},"query-input":{"@type":"PropertyValueSpecification","valueRequired":true,"valueName":"search_term_string"}}],"inLanguage":"sv-SE"},{"@type":"Organization","@id":"https:\/\/pot-ole.dk\/sv\/#organization","name":"W.E.T. BY POT OL\u00c9 ApS","url":"https:\/\/pot-ole.dk\/sv\/","logo":{"@type":"ImageObject","inLanguage":"sv-SE","@id":"https:\/\/pot-ole.dk\/sv\/#\/schema\/logo\/image\/","url":"https:\/\/pot-ole.dk\/wp-content\/uploads\/2025\/07\/logo_hvid_1360_2878.svg","contentUrl":"https:\/\/pot-ole.dk\/wp-content\/uploads\/2025\/07\/logo_hvid_1360_2878.svg","width":163,"height":66,"caption":"W.E.T. BY POT OL\u00c9 ApS"},"image":{"@id":"https:\/\/pot-ole.dk\/sv\/#\/schema\/logo\/image\/"}}]}},"_links":{"self":[{"href":"https:\/\/pot-ole.dk\/sv\/wp-json\/wp\/v2\/pages\/16130","targetHints":{"allow":["GET"]}}],"collection":[{"href":"https:\/\/pot-ole.dk\/sv\/wp-json\/wp\/v2\/pages"}],"about":[{"href":"https:\/\/pot-ole.dk\/sv\/wp-json\/wp\/v2\/types\/page"}],"author":[{"embeddable":true,"href":"https:\/\/pot-ole.dk\/sv\/wp-json\/wp\/v2\/users\/5"}],"replies":[{"embeddable":true,"href":"https:\/\/pot-ole.dk\/sv\/wp-json\/wp\/v2\/comments?post=16130"}],"version-history":[{"count":6,"href":"https:\/\/pot-ole.dk\/sv\/wp-json\/wp\/v2\/pages\/16130\/revisions"}],"predecessor-version":[{"id":21497,"href":"https:\/\/pot-ole.dk\/sv\/wp-json\/wp\/v2\/pages\/16130\/revisions\/21497"}],"wp:attachment":[{"href":"https:\/\/pot-ole.dk\/sv\/wp-json\/wp\/v2\/media?parent=16130"}],"wp:term":[{"taxonomy":"category","embeddable":true,"href":"https:\/\/pot-ole.dk\/sv\/wp-json\/wp\/v2\/categories?post=16130"}],"curies":[{"name":"wp","href":"https:\/\/api.w.org\/{rel}","templated":true}]}}