{"id":16012,"date":"2025-07-22T09:26:40","date_gmt":"2025-07-22T07:26:40","guid":{"rendered":"https:\/\/pot-ole.dk\/vaextbrickor\/"},"modified":"2026-03-20T09:41:07","modified_gmt":"2026-03-20T08:41:07","slug":"vaextbrickor","status":"publish","type":"page","link":"https:\/\/pot-ole.dk\/sv\/vaextbrickor\/","title":{"rendered":"V\u00e4xtbrickor"},"content":{"rendered":"\t\t<div data-elementor-type=\"wp-page\" data-elementor-id=\"16012\" class=\"elementor elementor-16012 elementor-9575\" data-elementor-post-type=\"page\">\n\t\t\t\t<div class=\"elementor-element elementor-element-4387021 e-flex e-con-boxed e-con e-parent\" data-id=\"4387021\" data-element_type=\"container\" data-e-type=\"container\" data-settings=\"{&quot;background_background&quot;:&quot;classic&quot;,&quot;shape_divider_bottom&quot;:&quot;waves&quot;}\">\n\t\t\t\t\t<div class=\"e-con-inner\">\n\t\t\t\t<div class=\"elementor-shape elementor-shape-bottom\" aria-hidden=\"true\" data-negative=\"false\">\n\t\t\t<svg xmlns=\"http:\/\/www.w3.org\/2000\/svg\" viewBox=\"0 0 1000 100\" preserveAspectRatio=\"none\">\n\t<path class=\"elementor-shape-fill\" d=\"M421.9,6.5c22.6-2.5,51.5,0.4,75.5,5.3c23.6,4.9,70.9,23.5,100.5,35.7c75.8,32.2,133.7,44.5,192.6,49.7\n\tc23.6,2.1,48.7,3.5,103.4-2.5c54.7-6,106.2-25.6,106.2-25.6V0H0v30.3c0,0,72,32.6,158.4,30.5c39.2-0.7,92.8-6.7,134-22.4\n\tc21.2-8.1,52.2-18.2,79.7-24.2C399.3,7.9,411.6,7.5,421.9,6.5z\"\/>\n<\/svg>\t\t<\/div>\n\t\t<div class=\"elementor-element elementor-element-76e950c e-con-full no-padding e-flex e-con e-child\" data-id=\"76e950c\" data-element_type=\"container\" data-e-type=\"container\">\n\t\t\t\t<div class=\"elementor-element elementor-element-26f3ed4 elementor-widget elementor-widget-heading\" data-id=\"26f3ed4\" data-element_type=\"widget\" data-e-type=\"widget\" data-widget_type=\"heading.default\">\n\t\t\t\t<div class=\"elementor-widget-container\">\n\t\t\t\t\t<h1 class=\"elementor-heading-title elementor-size-default\">V\u00e4xtbrickor till salu grossist<\/h1>\t\t\t\t<\/div>\n\t\t\t\t<\/div>\n\t\t\t\t<\/div>\n\t\t\t\t\t<\/div>\n\t\t\t\t<\/div>\n\t\t<div class=\"elementor-element elementor-element-72be810 e-flex e-con-boxed e-con e-parent\" data-id=\"72be810\" data-element_type=\"container\" data-e-type=\"container\">\n\t\t\t\t\t<div class=\"e-con-inner\">\n\t\t<div class=\"elementor-element elementor-element-74c3b4c e-con-full e-flex elementor-invisible e-con e-child\" data-id=\"74c3b4c\" data-element_type=\"container\" data-e-type=\"container\" data-settings=\"{&quot;animation&quot;:&quot;fadeIn&quot;,&quot;animation_delay&quot;:50}\">\n\t\t<div class=\"elementor-element elementor-element-a80bdb5 e-con-full e-flex e-con e-child\" data-id=\"a80bdb5\" data-element_type=\"container\" data-e-type=\"container\">\n\t\t\t\t<div class=\"elementor-element elementor-element-e3dfbc7 elementor-headline--style-highlight elementor-widget elementor-widget-animated-headline\" data-id=\"e3dfbc7\" data-element_type=\"widget\" data-e-type=\"widget\" data-settings=\"{&quot;marker&quot;:&quot;underline&quot;,&quot;highlighted_text&quot;:&quot;Pot Ol\\u00e9&quot;,&quot;headline_style&quot;:&quot;highlight&quot;,&quot;loop&quot;:&quot;yes&quot;,&quot;highlight_animation_duration&quot;:1200,&quot;highlight_iteration_delay&quot;:8000}\" data-widget_type=\"animated-headline.default\">\n\t\t\t\t<div class=\"elementor-widget-container\">\n\t\t\t\t\t\t\t<p class=\"elementor-headline\">\n\t\t\t\t<span class=\"elementor-headline-dynamic-wrapper elementor-headline-text-wrapper\">\n\t\t\t\t\t<span class=\"elementor-headline-dynamic-text elementor-headline-text-active\">Pot Ol\u00e9<\/span>\n\t\t\t\t<\/span>\n\t\t\t\t\t<span class=\"elementor-headline-plain-text elementor-headline-text-wrapper\">\u00e4r ledande inom unika och antika krukor<\/span>\n\t\t\t\t\t<\/p>\n\t\t\t\t\t\t<\/div>\n\t\t\t\t<\/div>\n\t\t\t\t<div class=\"elementor-element elementor-element-fa99996 elementor-widget elementor-widget-text-editor\" data-id=\"fa99996\" data-element_type=\"widget\" data-e-type=\"widget\" data-widget_type=\"text-editor.default\">\n\t\t\t\t<div class=\"elementor-widget-container\">\n\t\t\t\t\t\t\t\t\t<h2>F\u00f6rs\u00e4ljning av zinkplanteringsbrickor<\/h2><p>Hos WET By Pot Ol\u00e9 ApS s\u00e4ljer vi <a href=\"https:\/\/pot-ole.dk\/sv\/\">blomkrukor<\/a> men \u00e4ven ett brett utbud av v\u00e4xtbrickor i zink f\u00f6r m\u00e5nga olika \u00e4ndam\u00e5l. V\u00e5ra kunder \u00e4r vanligtvis plantskolor och tr\u00e4dg\u00e5rdscenter. De finns bland annat p\u00e5 Fyn, Sj\u00e4lland eller Jylland \u2013 vi s\u00e4ljer v\u00e5ra produkter till f\u00f6retagskunder i hela landet och resten av Skandinavien och Europa.  <\/p><h2>Vi har v\u00e4xtbrickor i m\u00e5nga olika storlekar, former och f\u00e4rger.<\/h2><p class=\"\">V\u00e5ra v\u00e4xtbrickor \u00e4r tillverkade av zink och \u00e4r extremt charmiga, men ocks\u00e5 mycket praktiska. De kan anv\u00e4ndas f\u00f6r m\u00e5nga olika blomsterdekorationer, eftersom de finns i flera olika storlekar och f\u00e4rger. De finns till exempel i den traditionella zinkf\u00e4rgen silver samt i svart. Dessutom finns de med b\u00e5de h\u00f6g och l\u00e5g kant.   <\/p>\t\t\t\t\t\t\t\t<\/div>\n\t\t\t\t<\/div>\n\t\t\t\t<\/div>\n\t\t<div class=\"elementor-element elementor-element-73361cd e-con-full e-flex e-con e-child\" data-id=\"73361cd\" data-element_type=\"container\" data-e-type=\"container\" data-settings=\"{&quot;background_background&quot;:&quot;classic&quot;}\">\n\t\t\t\t<\/div>\n\t\t\t\t<\/div>\n\t\t\t\t\t<\/div>\n\t\t\t\t<\/div>\n\t\t<div class=\"elementor-element elementor-element-e133ae8 e-flex e-con-boxed elementor-invisible e-con e-parent\" data-id=\"e133ae8\" data-element_type=\"container\" data-e-type=\"container\" data-settings=\"{&quot;background_background&quot;:&quot;classic&quot;,&quot;animation&quot;:&quot;fadeIn&quot;}\">\n\t\t\t\t\t<div class=\"e-con-inner\">\n\t\t<div class=\"elementor-element elementor-element-b1e69cb e-con-full e-flex e-con e-child\" data-id=\"b1e69cb\" data-element_type=\"container\" data-e-type=\"container\">\n\t\t\t\t<div class=\"elementor-element elementor-element-a4661fe elementor-headline--style-highlight elementor-widget elementor-widget-animated-headline\" data-id=\"a4661fe\" data-element_type=\"widget\" data-e-type=\"widget\" data-settings=\"{&quot;marker&quot;:&quot;underline&quot;,&quot;highlighted_text&quot;:&quot;Familje\\u00e4gt  &quot;,&quot;headline_style&quot;:&quot;highlight&quot;,&quot;loop&quot;:&quot;yes&quot;,&quot;highlight_animation_duration&quot;:1200,&quot;highlight_iteration_delay&quot;:8000}\" data-widget_type=\"animated-headline.default\">\n\t\t\t\t<div class=\"elementor-widget-container\">\n\t\t\t\t\t\t\t<p class=\"elementor-headline\">\n\t\t\t\t<span class=\"elementor-headline-dynamic-wrapper elementor-headline-text-wrapper\">\n\t\t\t\t\t<span class=\"elementor-headline-dynamic-text elementor-headline-text-active\">Familje\u00e4gt  <\/span>\n\t\t\t\t<\/span>\n\t\t\t\t\t<span class=\"elementor-headline-plain-text elementor-headline-text-wrapper\">f\u00f6retag sedan 1986<\/span>\n\t\t\t\t\t<\/p>\n\t\t\t\t\t\t<\/div>\n\t\t\t\t<\/div>\n\t\t\t\t<div class=\"elementor-element elementor-element-ebd203f elementor-widget elementor-widget-text-editor\" data-id=\"ebd203f\" data-element_type=\"widget\" data-e-type=\"widget\" data-widget_type=\"text-editor.default\">\n\t\t\t\t<div class=\"elementor-widget-container\">\n\t\t\t\t\t\t\t\t\t<h2>G\u00f6r din blomsterdekoration vacker och l\u00e4tt att vattna<\/h2><p>V\u00e5ra v\u00e4xtbrickor i zink \u00e4r mycket h\u00e5llbara och \u00e5teranv\u00e4ndbara, och kan anv\u00e4ndas b\u00e5de inomhus och utomhus. Oavsett var de anv\u00e4nds kan du vara s\u00e4ker p\u00e5 att de kommer att g\u00f6ra vilken butiks blomsterdekoration som helst b\u00e5de vacker och presentabel, och l\u00e4tt att vattna.   <\/p><p>Du hittar en \u00f6versikt \u00f6ver v\u00e5rt sortiment genom att klicka <a class=\"custom7\" title=\"L\u00e4s mer\" href=\"https:\/\/pot-ole.dk\/sv\/bevattningsbrickor\/\">h\u00e4r<\/a> .  <\/p><h2>Vi har s\u00e5lt burkar, krukor och brickor sedan 1986<\/h2><p class=\"\">WET By Pot Ol\u00e9 ApS \u00e4r ett familjef\u00f6retag som har s\u00e5lt utomhuskrukor och -l\u00e5dor samt <a title=\"L\u00e4s mer om v\u00e5ra vattentr\u00e5g h\u00e4r!\" href=\"https:\/\/pot-ole.dk\/sv\/vaextbrickor\/\"><strong>vattenbrickor<\/strong><\/a> och -l\u00e5dor till kunder i hela Norden och st\u00f6rre delen av Europa under de senaste fyra decennierna. Alla v\u00e5ra produkter \u00e4r av h\u00f6gsta kvalitet. Vi har ocks\u00e5 ett stort urval av de popul\u00e4ra franskinspirerade och vietnamesiska <a href=\"https:\/\/pot-ole.dk\/sv\/stora-burkar\/\">terrakottakrukorna<\/a> .<\/p><h2 class=\"\">Kontakta oss med din prisf\u00f6rfr\u00e5gan<\/h2><p class=\"\">Du \u00e4r v\u00e4lkommen att <a href=\"https:\/\/pot-ole.dk\/sv\/kontakta\/\">kontakta oss<\/a> om du har en prisf\u00f6rfr\u00e5gan p\u00e5 v\u00e5ra v\u00e4xtbrickor i zink eller v\u00e5ra andra produkter.  <\/p>\t\t\t\t\t\t\t\t<\/div>\n\t\t\t\t<\/div>\n\t\t\t\t<div class=\"elementor-element elementor-element-c513c91 elementor-widget-divider--view-line elementor-widget elementor-widget-divider\" data-id=\"c513c91\" data-element_type=\"widget\" data-e-type=\"widget\" data-widget_type=\"divider.default\">\n\t\t\t\t<div class=\"elementor-widget-container\">\n\t\t\t\t\t\t\t<div class=\"elementor-divider\">\n\t\t\t<span class=\"elementor-divider-separator\">\n\t\t\t\t\t\t<\/span>\n\t\t<\/div>\n\t\t\t\t\t\t<\/div>\n\t\t\t\t<\/div>\n\t\t\t\t<\/div>\n\t\t<div class=\"elementor-element elementor-element-34a6fae e-con-full e-flex elementor-invisible e-con e-child\" data-id=\"34a6fae\" data-element_type=\"container\" data-e-type=\"container\" data-settings=\"{&quot;background_background&quot;:&quot;classic&quot;,&quot;animation&quot;:&quot;fadeIn&quot;}\">\n\t\t\t\t<\/div>\n\t\t\t\t\t<\/div>\n\t\t\t\t<\/div>\n\t\t\t\t<\/div>\n\t\t","protected":false},"excerpt":{"rendered":"<p>V\u00e4xtbrickor till salu grossist Pot Ol\u00e9 \u00e4r ledande inom unika och antika krukor F\u00f6rs\u00e4ljning av zinkplanteringsbrickor Hos WET By Pot Ol\u00e9 ApS s\u00e4ljer vi blomkrukor men \u00e4ven ett brett utbud av v\u00e4xtbrickor i zink f\u00f6r m\u00e5nga olika \u00e4ndam\u00e5l. V\u00e5ra kunder \u00e4r vanligtvis plantskolor och tr\u00e4dg\u00e5rdscenter. De finns bland annat p\u00e5 Fyn, Sj\u00e4lland eller Jylland \u2013 &#8230; <a title=\"V\u00e4xtbrickor\" class=\"read-more\" href=\"https:\/\/pot-ole.dk\/sv\/vaextbrickor\/\" aria-label=\"L\u00e4s mer om V\u00e4xtbrickor\">L\u00e4s mer<\/a><\/p>\n","protected":false},"author":5,"featured_media":14672,"parent":0,"menu_order":1033,"comment_status":"closed","ping_status":"closed","template":"","meta":{"_acf_changed":false,"footnotes":""},"categories":[],"class_list":["post-16012","page","type-page","status-publish","has-post-thumbnail"],"acf":[],"yoast_head":"<!-- This site is optimized with the Yoast SEO plugin v27.4 - https:\/\/yoast.com\/product\/yoast-seo-wordpress\/ -->\n<title>V\u00e4xtbrickor \u2013 kunder p\u00e5 Sj\u00e4lland, Fyn och Jylland | L\u00e4s mer!<\/title>\n<meta name=\"description\" content=\"K\u00f6p v\u00e4xtbrickor fr\u00e5n oss \u2013 vi s\u00e4ljer till kunder p\u00e5 Sj\u00e4lland, Fyn och Jylland | Kvalitet f\u00f6r tr\u00e4dg\u00e5rdssk\u00f6tsel och tr\u00e4dg\u00e5rdssk\u00f6tsel | Kontakta oss idag!\" \/>\n<meta name=\"robots\" content=\"index, follow, max-snippet:-1, max-image-preview:large, max-video-preview:-1\" \/>\n<link rel=\"canonical\" href=\"https:\/\/pot-ole.dk\/sv\/vaextbrickor\/\" \/>\n<meta property=\"og:locale\" content=\"sv_SE\" \/>\n<meta property=\"og:type\" content=\"article\" \/>\n<meta property=\"og:title\" content=\"V\u00e4xtbrickor \u2013 kunder p\u00e5 Sj\u00e4lland, Fyn och Jylland | L\u00e4s mer!\" \/>\n<meta property=\"og:description\" content=\"K\u00f6p v\u00e4xtbrickor fr\u00e5n oss \u2013 vi s\u00e4ljer till kunder p\u00e5 Sj\u00e4lland, Fyn och Jylland | Kvalitet f\u00f6r tr\u00e4dg\u00e5rdssk\u00f6tsel och tr\u00e4dg\u00e5rdssk\u00f6tsel | Kontakta oss idag!\" \/>\n<meta property=\"og:url\" content=\"https:\/\/pot-ole.dk\/sv\/vaextbrickor\/\" \/>\n<meta property=\"og:site_name\" content=\"W.E.T. BY POT OL\u00c9 ApS\" \/>\n<meta property=\"article:modified_time\" content=\"2026-03-20T08:41:07+00:00\" \/>\n<meta property=\"og:image\" content=\"https:\/\/pot-ole.dk\/wp-content\/uploads\/2025\/08\/wet_pic_ny1_5043-1.png\" \/>\n\t<meta property=\"og:image:width\" content=\"570\" \/>\n\t<meta property=\"og:image:height\" content=\"500\" \/>\n\t<meta property=\"og:image:type\" content=\"image\/png\" \/>\n<meta name=\"twitter:card\" content=\"summary_large_image\" \/>\n<meta name=\"twitter:label1\" content=\"Ber\u00e4knad l\u00e4stid\" \/>\n\t<meta name=\"twitter:data1\" content=\"2 minuter\" \/>\n<script type=\"application\/ld+json\" class=\"yoast-schema-graph\">{\"@context\":\"https:\\\/\\\/schema.org\",\"@graph\":[{\"@type\":\"WebPage\",\"@id\":\"https:\\\/\\\/pot-ole.dk\\\/sv\\\/vaextbrickor\\\/\",\"url\":\"https:\\\/\\\/pot-ole.dk\\\/sv\\\/vaextbrickor\\\/\",\"name\":\"V\u00e4xtbrickor \u2013 kunder p\u00e5 Sj\u00e4lland, Fyn och Jylland | L\u00e4s mer!\",\"isPartOf\":{\"@id\":\"https:\\\/\\\/pot-ole.dk\\\/sv\\\/#website\"},\"primaryImageOfPage\":{\"@id\":\"https:\\\/\\\/pot-ole.dk\\\/sv\\\/vaextbrickor\\\/#primaryimage\"},\"image\":{\"@id\":\"https:\\\/\\\/pot-ole.dk\\\/sv\\\/vaextbrickor\\\/#primaryimage\"},\"thumbnailUrl\":\"https:\\\/\\\/pot-ole.dk\\\/wp-content\\\/uploads\\\/2025\\\/08\\\/wet_pic_ny1_5043-1.png\",\"datePublished\":\"2025-07-22T07:26:40+00:00\",\"dateModified\":\"2026-03-20T08:41:07+00:00\",\"description\":\"K\u00f6p v\u00e4xtbrickor fr\u00e5n oss \u2013 vi s\u00e4ljer till kunder p\u00e5 Sj\u00e4lland, Fyn och Jylland | Kvalitet f\u00f6r tr\u00e4dg\u00e5rdssk\u00f6tsel och tr\u00e4dg\u00e5rdssk\u00f6tsel | Kontakta oss idag!\",\"breadcrumb\":{\"@id\":\"https:\\\/\\\/pot-ole.dk\\\/sv\\\/vaextbrickor\\\/#breadcrumb\"},\"inLanguage\":\"sv-SE\",\"potentialAction\":[{\"@type\":\"ReadAction\",\"target\":[\"https:\\\/\\\/pot-ole.dk\\\/sv\\\/vaextbrickor\\\/\"]}]},{\"@type\":\"ImageObject\",\"inLanguage\":\"sv-SE\",\"@id\":\"https:\\\/\\\/pot-ole.dk\\\/sv\\\/vaextbrickor\\\/#primaryimage\",\"url\":\"https:\\\/\\\/pot-ole.dk\\\/wp-content\\\/uploads\\\/2025\\\/08\\\/wet_pic_ny1_5043-1.png\",\"contentUrl\":\"https:\\\/\\\/pot-ole.dk\\\/wp-content\\\/uploads\\\/2025\\\/08\\\/wet_pic_ny1_5043-1.png\",\"width\":570,\"height\":500},{\"@type\":\"BreadcrumbList\",\"@id\":\"https:\\\/\\\/pot-ole.dk\\\/sv\\\/vaextbrickor\\\/#breadcrumb\",\"itemListElement\":[{\"@type\":\"ListItem\",\"position\":1,\"name\":\"Forside\",\"item\":\"https:\\\/\\\/pot-ole.dk\\\/sv\\\/fraemre\\\/\"},{\"@type\":\"ListItem\",\"position\":2,\"name\":\"V\u00e4xtbrickor\"}]},{\"@type\":\"WebSite\",\"@id\":\"https:\\\/\\\/pot-ole.dk\\\/sv\\\/#website\",\"url\":\"https:\\\/\\\/pot-ole.dk\\\/sv\\\/\",\"name\":\"W.E.T. BY POT OL\u00c9 ApS\",\"description\":\"W.E.T. BY POT OL\u00c9 ApS:\",\"publisher\":{\"@id\":\"https:\\\/\\\/pot-ole.dk\\\/sv\\\/#organization\"},\"potentialAction\":[{\"@type\":\"SearchAction\",\"target\":{\"@type\":\"EntryPoint\",\"urlTemplate\":\"https:\\\/\\\/pot-ole.dk\\\/sv\\\/?s={search_term_string}\"},\"query-input\":{\"@type\":\"PropertyValueSpecification\",\"valueRequired\":true,\"valueName\":\"search_term_string\"}}],\"inLanguage\":\"sv-SE\"},{\"@type\":\"Organization\",\"@id\":\"https:\\\/\\\/pot-ole.dk\\\/sv\\\/#organization\",\"name\":\"W.E.T. BY POT OL\u00c9 ApS\",\"url\":\"https:\\\/\\\/pot-ole.dk\\\/sv\\\/\",\"logo\":{\"@type\":\"ImageObject\",\"inLanguage\":\"sv-SE\",\"@id\":\"https:\\\/\\\/pot-ole.dk\\\/sv\\\/#\\\/schema\\\/logo\\\/image\\\/\",\"url\":\"https:\\\/\\\/pot-ole.dk\\\/wp-content\\\/uploads\\\/2025\\\/07\\\/logo_hvid_1360_2878.svg\",\"contentUrl\":\"https:\\\/\\\/pot-ole.dk\\\/wp-content\\\/uploads\\\/2025\\\/07\\\/logo_hvid_1360_2878.svg\",\"width\":163,\"height\":66,\"caption\":\"W.E.T. BY POT OL\u00c9 ApS\"},\"image\":{\"@id\":\"https:\\\/\\\/pot-ole.dk\\\/sv\\\/#\\\/schema\\\/logo\\\/image\\\/\"}}]}<\/script>\n<!-- \/ Yoast SEO plugin. -->","yoast_head_json":{"title":"V\u00e4xtbrickor \u2013 kunder p\u00e5 Sj\u00e4lland, Fyn och Jylland | L\u00e4s mer!","description":"K\u00f6p v\u00e4xtbrickor fr\u00e5n oss \u2013 vi s\u00e4ljer till kunder p\u00e5 Sj\u00e4lland, Fyn och Jylland | Kvalitet f\u00f6r tr\u00e4dg\u00e5rdssk\u00f6tsel och tr\u00e4dg\u00e5rdssk\u00f6tsel | Kontakta oss idag!","robots":{"index":"index","follow":"follow","max-snippet":"max-snippet:-1","max-image-preview":"max-image-preview:large","max-video-preview":"max-video-preview:-1"},"canonical":"https:\/\/pot-ole.dk\/sv\/vaextbrickor\/","og_locale":"sv_SE","og_type":"article","og_title":"V\u00e4xtbrickor \u2013 kunder p\u00e5 Sj\u00e4lland, Fyn och Jylland | L\u00e4s mer!","og_description":"K\u00f6p v\u00e4xtbrickor fr\u00e5n oss \u2013 vi s\u00e4ljer till kunder p\u00e5 Sj\u00e4lland, Fyn och Jylland | Kvalitet f\u00f6r tr\u00e4dg\u00e5rdssk\u00f6tsel och tr\u00e4dg\u00e5rdssk\u00f6tsel | Kontakta oss idag!","og_url":"https:\/\/pot-ole.dk\/sv\/vaextbrickor\/","og_site_name":"W.E.T. BY POT OL\u00c9 ApS","article_modified_time":"2026-03-20T08:41:07+00:00","og_image":[{"width":570,"height":500,"url":"https:\/\/pot-ole.dk\/wp-content\/uploads\/2025\/08\/wet_pic_ny1_5043-1.png","type":"image\/png"}],"twitter_card":"summary_large_image","twitter_misc":{"Ber\u00e4knad l\u00e4stid":"2 minuter"},"schema":{"@context":"https:\/\/schema.org","@graph":[{"@type":"WebPage","@id":"https:\/\/pot-ole.dk\/sv\/vaextbrickor\/","url":"https:\/\/pot-ole.dk\/sv\/vaextbrickor\/","name":"V\u00e4xtbrickor \u2013 kunder p\u00e5 Sj\u00e4lland, Fyn och Jylland | L\u00e4s mer!","isPartOf":{"@id":"https:\/\/pot-ole.dk\/sv\/#website"},"primaryImageOfPage":{"@id":"https:\/\/pot-ole.dk\/sv\/vaextbrickor\/#primaryimage"},"image":{"@id":"https:\/\/pot-ole.dk\/sv\/vaextbrickor\/#primaryimage"},"thumbnailUrl":"https:\/\/pot-ole.dk\/wp-content\/uploads\/2025\/08\/wet_pic_ny1_5043-1.png","datePublished":"2025-07-22T07:26:40+00:00","dateModified":"2026-03-20T08:41:07+00:00","description":"K\u00f6p v\u00e4xtbrickor fr\u00e5n oss \u2013 vi s\u00e4ljer till kunder p\u00e5 Sj\u00e4lland, Fyn och Jylland | Kvalitet f\u00f6r tr\u00e4dg\u00e5rdssk\u00f6tsel och tr\u00e4dg\u00e5rdssk\u00f6tsel | Kontakta oss idag!","breadcrumb":{"@id":"https:\/\/pot-ole.dk\/sv\/vaextbrickor\/#breadcrumb"},"inLanguage":"sv-SE","potentialAction":[{"@type":"ReadAction","target":["https:\/\/pot-ole.dk\/sv\/vaextbrickor\/"]}]},{"@type":"ImageObject","inLanguage":"sv-SE","@id":"https:\/\/pot-ole.dk\/sv\/vaextbrickor\/#primaryimage","url":"https:\/\/pot-ole.dk\/wp-content\/uploads\/2025\/08\/wet_pic_ny1_5043-1.png","contentUrl":"https:\/\/pot-ole.dk\/wp-content\/uploads\/2025\/08\/wet_pic_ny1_5043-1.png","width":570,"height":500},{"@type":"BreadcrumbList","@id":"https:\/\/pot-ole.dk\/sv\/vaextbrickor\/#breadcrumb","itemListElement":[{"@type":"ListItem","position":1,"name":"Forside","item":"https:\/\/pot-ole.dk\/sv\/fraemre\/"},{"@type":"ListItem","position":2,"name":"V\u00e4xtbrickor"}]},{"@type":"WebSite","@id":"https:\/\/pot-ole.dk\/sv\/#website","url":"https:\/\/pot-ole.dk\/sv\/","name":"W.E.T. BY POT OL\u00c9 ApS","description":"W.E.T. BY POT OL\u00c9 ApS:","publisher":{"@id":"https:\/\/pot-ole.dk\/sv\/#organization"},"potentialAction":[{"@type":"SearchAction","target":{"@type":"EntryPoint","urlTemplate":"https:\/\/pot-ole.dk\/sv\/?s={search_term_string}"},"query-input":{"@type":"PropertyValueSpecification","valueRequired":true,"valueName":"search_term_string"}}],"inLanguage":"sv-SE"},{"@type":"Organization","@id":"https:\/\/pot-ole.dk\/sv\/#organization","name":"W.E.T. BY POT OL\u00c9 ApS","url":"https:\/\/pot-ole.dk\/sv\/","logo":{"@type":"ImageObject","inLanguage":"sv-SE","@id":"https:\/\/pot-ole.dk\/sv\/#\/schema\/logo\/image\/","url":"https:\/\/pot-ole.dk\/wp-content\/uploads\/2025\/07\/logo_hvid_1360_2878.svg","contentUrl":"https:\/\/pot-ole.dk\/wp-content\/uploads\/2025\/07\/logo_hvid_1360_2878.svg","width":163,"height":66,"caption":"W.E.T. BY POT OL\u00c9 ApS"},"image":{"@id":"https:\/\/pot-ole.dk\/sv\/#\/schema\/logo\/image\/"}}]}},"_links":{"self":[{"href":"https:\/\/pot-ole.dk\/sv\/wp-json\/wp\/v2\/pages\/16012","targetHints":{"allow":["GET"]}}],"collection":[{"href":"https:\/\/pot-ole.dk\/sv\/wp-json\/wp\/v2\/pages"}],"about":[{"href":"https:\/\/pot-ole.dk\/sv\/wp-json\/wp\/v2\/types\/page"}],"author":[{"embeddable":true,"href":"https:\/\/pot-ole.dk\/sv\/wp-json\/wp\/v2\/users\/5"}],"replies":[{"embeddable":true,"href":"https:\/\/pot-ole.dk\/sv\/wp-json\/wp\/v2\/comments?post=16012"}],"version-history":[{"count":11,"href":"https:\/\/pot-ole.dk\/sv\/wp-json\/wp\/v2\/pages\/16012\/revisions"}],"predecessor-version":[{"id":21335,"href":"https:\/\/pot-ole.dk\/sv\/wp-json\/wp\/v2\/pages\/16012\/revisions\/21335"}],"wp:featuredmedia":[{"embeddable":true,"href":"https:\/\/pot-ole.dk\/sv\/wp-json\/wp\/v2\/media\/14672"}],"wp:attachment":[{"href":"https:\/\/pot-ole.dk\/sv\/wp-json\/wp\/v2\/media?parent=16012"}],"wp:term":[{"taxonomy":"category","embeddable":true,"href":"https:\/\/pot-ole.dk\/sv\/wp-json\/wp\/v2\/categories?post=16012"}],"curies":[{"name":"wp","href":"https:\/\/api.w.org\/{rel}","templated":true}]}}