{"id":15901,"date":"2025-08-13T09:26:40","date_gmt":"2025-08-13T07:26:40","guid":{"rendered":"https:\/\/pot-ole.dk\/vaatt-oeverdrag\/"},"modified":"2026-02-13T09:41:34","modified_gmt":"2026-02-13T08:41:34","slug":"vaatt-oeverdrag","status":"publish","type":"page","link":"https:\/\/pot-ole.dk\/sv\/vaatt-oeverdrag\/","title":{"rendered":"W.E.T. \u00d6verdrag"},"content":{"rendered":"\t\t<div data-elementor-type=\"wp-page\" data-elementor-id=\"15901\" class=\"elementor elementor-15901 elementor-9578\" data-elementor-post-type=\"page\">\n\t\t\t\t<div class=\"elementor-element elementor-element-ec7468a e-flex e-con-boxed e-con e-parent\" data-id=\"ec7468a\" data-element_type=\"container\" data-e-type=\"container\" data-settings=\"{&quot;background_background&quot;:&quot;classic&quot;,&quot;shape_divider_bottom&quot;:&quot;waves&quot;}\">\n\t\t\t\t\t<div class=\"e-con-inner\">\n\t\t\t\t<div class=\"elementor-shape elementor-shape-bottom\" aria-hidden=\"true\" data-negative=\"false\">\n\t\t\t<svg xmlns=\"http:\/\/www.w3.org\/2000\/svg\" viewBox=\"0 0 1000 100\" preserveAspectRatio=\"none\">\n\t<path class=\"elementor-shape-fill\" d=\"M421.9,6.5c22.6-2.5,51.5,0.4,75.5,5.3c23.6,4.9,70.9,23.5,100.5,35.7c75.8,32.2,133.7,44.5,192.6,49.7\n\tc23.6,2.1,48.7,3.5,103.4-2.5c54.7-6,106.2-25.6,106.2-25.6V0H0v30.3c0,0,72,32.6,158.4,30.5c39.2-0.7,92.8-6.7,134-22.4\n\tc21.2-8.1,52.2-18.2,79.7-24.2C399.3,7.9,411.6,7.5,421.9,6.5z\"\/>\n<\/svg>\t\t<\/div>\n\t\t<div class=\"elementor-element elementor-element-77157ea e-con-full no-padding e-flex e-con e-child\" data-id=\"77157ea\" data-element_type=\"container\" data-e-type=\"container\">\n\t\t\t\t<div class=\"elementor-element elementor-element-ba3d965 elementor-widget elementor-widget-heading\" data-id=\"ba3d965\" data-element_type=\"widget\" data-e-type=\"widget\" data-widget_type=\"heading.default\">\n\t\t\t\t<div class=\"elementor-widget-container\">\n\t\t\t\t\t<h1 class=\"elementor-heading-title elementor-size-default\">W.E.T. \u00f6verdrag\n<\/h1>\t\t\t\t<\/div>\n\t\t\t\t<\/div>\n\t\t\t\t<\/div>\n\t\t\t\t\t<\/div>\n\t\t\t\t<\/div>\n\t\t<div class=\"elementor-element elementor-element-85ed67b e-flex e-con-boxed e-con e-parent\" data-id=\"85ed67b\" data-element_type=\"container\" data-e-type=\"container\">\n\t\t\t\t\t<div class=\"e-con-inner\">\n\t\t\t\t<div class=\"elementor-element elementor-element-e780a6c elementor-widget elementor-widget-text-editor\" data-id=\"e780a6c\" data-element_type=\"widget\" data-e-type=\"widget\" data-widget_type=\"text-editor.default\">\n\t\t\t\t<div class=\"elementor-widget-container\">\n\t\t\t\t\t\t\t\t\t<p>W.E.T. \u00f6verdrag hj\u00e4lper till att komplettera din blom- och v\u00e4xtuppst\u00e4llning.<br>W.E.T. Euro-vattningstr\u00e5get, som kan st\u00e5 p\u00e5 en eller flera niv\u00e5er av en europall,<br>ger utst\u00e4llningsh\u00f6jden, till vilken olika W.E.T. \u00f6verdrag kan t\u00e4cka pallen och ge en vacker och elegant fasad.<br>W.E.T. \u00f6verdrag finns i m\u00e5nga olika modeller, som passar antingen en hel europall, en halv europall och ner till en kvarts europall. Se m\u00e5tt och modeller nedan.<\/p>\t\t\t\t\t\t\t\t<\/div>\n\t\t\t\t<\/div>\n\t\t\t\t\t<\/div>\n\t\t\t\t<\/div>\n\t\t<div class=\"elementor-element elementor-element-50a346f e-flex e-con-boxed elementor-invisible e-con e-parent\" data-id=\"50a346f\" data-element_type=\"container\" data-e-type=\"container\" data-settings=\"{&quot;background_background&quot;:&quot;classic&quot;,&quot;animation&quot;:&quot;fadeIn&quot;}\">\n\t\t\t\t\t<div class=\"e-con-inner\">\n\t\t<div class=\"elementor-element elementor-element-17d3a13 e-con-full e-flex e-con e-child\" data-id=\"17d3a13\" data-element_type=\"container\" data-e-type=\"container\">\n\t\t\t\t<div class=\"elementor-element elementor-element-93aa45a elementor-headline--style-highlight elementor-widget elementor-widget-animated-headline\" data-id=\"93aa45a\" data-element_type=\"widget\" data-e-type=\"widget\" data-settings=\"{&quot;marker&quot;:&quot;underline&quot;,&quot;highlighted_text&quot;:&quot;Familje\\u00e4gt  &quot;,&quot;headline_style&quot;:&quot;highlight&quot;,&quot;loop&quot;:&quot;yes&quot;,&quot;highlight_animation_duration&quot;:1200,&quot;highlight_iteration_delay&quot;:8000}\" data-widget_type=\"animated-headline.default\">\n\t\t\t\t<div class=\"elementor-widget-container\">\n\t\t\t\t\t\t\t<p class=\"elementor-headline\">\n\t\t\t\t<span class=\"elementor-headline-dynamic-wrapper elementor-headline-text-wrapper\">\n\t\t\t\t\t<span class=\"elementor-headline-dynamic-text elementor-headline-text-active\">Familje\u00e4gt  <\/span>\n\t\t\t\t<\/span>\n\t\t\t\t\t<span class=\"elementor-headline-plain-text elementor-headline-text-wrapper\">f\u00f6retag sedan 1986<\/span>\n\t\t\t\t\t<\/p>\n\t\t\t\t\t\t<\/div>\n\t\t\t\t<\/div>\n\t\t\t\t<div class=\"elementor-element elementor-element-0b9c871 elementor-widget elementor-widget-text-editor\" data-id=\"0b9c871\" data-element_type=\"widget\" data-e-type=\"widget\" data-widget_type=\"text-editor.default\">\n\t\t\t\t<div class=\"elementor-widget-container\">\n\t\t\t\t\t\t\t\t\t<h2 class=\"\">Modell 1<\/h2><p>W.E.T. Euro-pall\u00f6verdrag<\/p><p>120 x 80 H: 18 cm.<br>120 x 80 cm H: 34 cm.<br>120 x 80 cm H: 48 cm.<br>120 x 80 H: 62 cm.<\/p>\t\t\t\t\t\t\t\t<\/div>\n\t\t\t\t<\/div>\n\t\t\t\t<div class=\"elementor-element elementor-element-64c055f elementor-widget-divider--view-line elementor-widget elementor-widget-divider\" data-id=\"64c055f\" data-element_type=\"widget\" data-e-type=\"widget\" data-widget_type=\"divider.default\">\n\t\t\t\t<div class=\"elementor-widget-container\">\n\t\t\t\t\t\t\t<div class=\"elementor-divider\">\n\t\t\t<span class=\"elementor-divider-separator\">\n\t\t\t\t\t\t<\/span>\n\t\t<\/div>\n\t\t\t\t\t\t<\/div>\n\t\t\t\t<\/div>\n\t\t\t\t<\/div>\n\t\t<div class=\"elementor-element elementor-element-3741c8d e-con-full e-flex elementor-invisible e-con e-child\" data-id=\"3741c8d\" data-element_type=\"container\" data-e-type=\"container\" data-settings=\"{&quot;background_background&quot;:&quot;classic&quot;,&quot;animation&quot;:&quot;fadeIn&quot;}\">\n\t\t\t\t<\/div>\n\t\t\t\t\t<\/div>\n\t\t\t\t<\/div>\n\t\t<div class=\"elementor-element elementor-element-4553a23 e-flex e-con-boxed e-con e-parent\" data-id=\"4553a23\" data-element_type=\"container\" data-e-type=\"container\">\n\t\t\t\t\t<div class=\"e-con-inner\">\n\t\t<div class=\"elementor-element elementor-element-804e0b7 e-con-full e-flex elementor-invisible e-con e-child\" data-id=\"804e0b7\" data-element_type=\"container\" data-e-type=\"container\" data-settings=\"{&quot;animation&quot;:&quot;fadeIn&quot;,&quot;animation_delay&quot;:50}\">\n\t\t<div class=\"elementor-element elementor-element-7e6d057 e-con-full e-flex e-con e-child\" data-id=\"7e6d057\" data-element_type=\"container\" data-e-type=\"container\">\n\t\t\t\t<div class=\"elementor-element elementor-element-8e759ae elementor-headline--style-highlight elementor-widget elementor-widget-animated-headline\" data-id=\"8e759ae\" data-element_type=\"widget\" data-e-type=\"widget\" data-settings=\"{&quot;marker&quot;:&quot;underline&quot;,&quot;highlighted_text&quot;:&quot;Pot Ol\\u00e9&quot;,&quot;headline_style&quot;:&quot;highlight&quot;,&quot;loop&quot;:&quot;yes&quot;,&quot;highlight_animation_duration&quot;:1200,&quot;highlight_iteration_delay&quot;:8000}\" data-widget_type=\"animated-headline.default\">\n\t\t\t\t<div class=\"elementor-widget-container\">\n\t\t\t\t\t\t\t<p class=\"elementor-headline\">\n\t\t\t\t<span class=\"elementor-headline-dynamic-wrapper elementor-headline-text-wrapper\">\n\t\t\t\t\t<span class=\"elementor-headline-dynamic-text elementor-headline-text-active\">Pot Ol\u00e9<\/span>\n\t\t\t\t<\/span>\n\t\t\t\t\t<span class=\"elementor-headline-plain-text elementor-headline-text-wrapper\">\u00e4r ledande inom unika och antika krukor<\/span>\n\t\t\t\t\t<\/p>\n\t\t\t\t\t\t<\/div>\n\t\t\t\t<\/div>\n\t\t\t\t<div class=\"elementor-element elementor-element-28c6588 elementor-widget elementor-widget-text-editor\" data-id=\"28c6588\" data-element_type=\"widget\" data-e-type=\"widget\" data-widget_type=\"text-editor.default\">\n\t\t\t\t<div class=\"elementor-widget-container\">\n\t\t\t\t\t\t\t\t\t<h2 class=\"\">Modell 2<\/h2><p>W.E.T. 1\u20442 europalls\u00f6verdrag:<\/p><p>60 x 80 H: 34 cm.<br> 60 x 80 H: 48 cm.<\/p>\t\t\t\t\t\t\t\t<\/div>\n\t\t\t\t<\/div>\n\t\t\t\t<\/div>\n\t\t<div class=\"elementor-element elementor-element-02ad377 e-con-full e-flex e-con e-child\" data-id=\"02ad377\" data-element_type=\"container\" data-e-type=\"container\" data-settings=\"{&quot;background_background&quot;:&quot;classic&quot;}\">\n\t\t\t\t<\/div>\n\t\t\t\t<\/div>\n\t\t\t\t\t<\/div>\n\t\t\t\t<\/div>\n\t\t<div class=\"elementor-element elementor-element-b1b88ec e-flex e-con-boxed elementor-invisible e-con e-parent\" data-id=\"b1b88ec\" data-element_type=\"container\" data-e-type=\"container\" data-settings=\"{&quot;background_background&quot;:&quot;classic&quot;,&quot;animation&quot;:&quot;fadeIn&quot;}\">\n\t\t\t\t\t<div class=\"e-con-inner\">\n\t\t<div class=\"elementor-element elementor-element-4e2ccf0 e-con-full e-flex e-con e-child\" data-id=\"4e2ccf0\" data-element_type=\"container\" data-e-type=\"container\">\n\t\t\t\t<div class=\"elementor-element elementor-element-383c878 elementor-headline--style-highlight elementor-widget elementor-widget-animated-headline\" data-id=\"383c878\" data-element_type=\"widget\" data-e-type=\"widget\" data-settings=\"{&quot;marker&quot;:&quot;underline&quot;,&quot;highlighted_text&quot;:&quot;Familje\\u00e4gt  &quot;,&quot;headline_style&quot;:&quot;highlight&quot;,&quot;loop&quot;:&quot;yes&quot;,&quot;highlight_animation_duration&quot;:1200,&quot;highlight_iteration_delay&quot;:8000}\" data-widget_type=\"animated-headline.default\">\n\t\t\t\t<div class=\"elementor-widget-container\">\n\t\t\t\t\t\t\t<p class=\"elementor-headline\">\n\t\t\t\t<span class=\"elementor-headline-dynamic-wrapper elementor-headline-text-wrapper\">\n\t\t\t\t\t<span class=\"elementor-headline-dynamic-text elementor-headline-text-active\">Familje\u00e4gt  <\/span>\n\t\t\t\t<\/span>\n\t\t\t\t\t<span class=\"elementor-headline-plain-text elementor-headline-text-wrapper\">f\u00f6retag sedan 1986<\/span>\n\t\t\t\t\t<\/p>\n\t\t\t\t\t\t<\/div>\n\t\t\t\t<\/div>\n\t\t\t\t<div class=\"elementor-element elementor-element-190e06d elementor-widget elementor-widget-text-editor\" data-id=\"190e06d\" data-element_type=\"widget\" data-e-type=\"widget\" data-widget_type=\"text-editor.default\">\n\t\t\t\t<div class=\"elementor-widget-container\">\n\t\t\t\t\t\t\t\t\t<h2 class=\"\">Modell 3<\/h2><p>W.E.T. 1\/4 europall\u00f6verdrag:<\/p><p>40 x 60 H: 34 cm.<\/p><p>Passar en standardmodell. 3 bevattningsbrickor.<\/p>\t\t\t\t\t\t\t\t<\/div>\n\t\t\t\t<\/div>\n\t\t\t\t<div class=\"elementor-element elementor-element-04b86e4 elementor-widget-divider--view-line elementor-widget elementor-widget-divider\" data-id=\"04b86e4\" data-element_type=\"widget\" data-e-type=\"widget\" data-widget_type=\"divider.default\">\n\t\t\t\t<div class=\"elementor-widget-container\">\n\t\t\t\t\t\t\t<div class=\"elementor-divider\">\n\t\t\t<span class=\"elementor-divider-separator\">\n\t\t\t\t\t\t<\/span>\n\t\t<\/div>\n\t\t\t\t\t\t<\/div>\n\t\t\t\t<\/div>\n\t\t<div class=\"elementor-element elementor-element-5091b29 e-con-full e-flex e-con e-child\" data-id=\"5091b29\" data-element_type=\"container\" data-e-type=\"container\">\n\t\t\t\t<\/div>\n\t\t\t\t<\/div>\n\t\t<div class=\"elementor-element elementor-element-69abedf e-con-full e-flex elementor-invisible e-con e-child\" data-id=\"69abedf\" data-element_type=\"container\" data-e-type=\"container\" data-settings=\"{&quot;background_background&quot;:&quot;classic&quot;,&quot;animation&quot;:&quot;fadeIn&quot;}\">\n\t\t\t\t<\/div>\n\t\t\t\t\t<\/div>\n\t\t\t\t<\/div>\n\t\t\t\t<\/div>\n\t\t","protected":false},"excerpt":{"rendered":"<p>W.E.T. \u00f6verdrag W.E.T. \u00f6verdrag hj\u00e4lper till att komplettera din blom- och v\u00e4xtuppst\u00e4llning.W.E.T. Euro-vattningstr\u00e5get, som kan st\u00e5 p\u00e5 en eller flera niv\u00e5er av en europall,ger utst\u00e4llningsh\u00f6jden, till vilken olika W.E.T. \u00f6verdrag kan t\u00e4cka pallen och ge en vacker och elegant fasad.W.E.T. \u00f6verdrag finns i m\u00e5nga olika modeller, som passar antingen en hel europall, en halv europall &#8230; <a title=\"W.E.T. \u00d6verdrag\" class=\"read-more\" href=\"https:\/\/pot-ole.dk\/sv\/vaatt-oeverdrag\/\" aria-label=\"L\u00e4s mer om W.E.T. \u00d6verdrag\">L\u00e4s mer<\/a><\/p>\n","protected":false},"author":5,"featured_media":14660,"parent":0,"menu_order":1036,"comment_status":"closed","ping_status":"closed","template":"","meta":{"_acf_changed":false,"footnotes":""},"categories":[320],"class_list":{"0":"post-15901","1":"page","2":"type-page","3":"status-publish","4":"has-post-thumbnail","6":"category-bevattningsbrickor"},"acf":[],"yoast_head":"<!-- This site is optimized with the Yoast SEO plugin v27.4 - https:\/\/yoast.com\/product\/yoast-seo-wordpress\/ -->\n<title>W.E.T. \u00d6verdrag | W.E.T. BY POT OL\u00c9 ApS<\/title>\n<meta name=\"robots\" content=\"index, follow, max-snippet:-1, max-image-preview:large, max-video-preview:-1\" \/>\n<link rel=\"canonical\" href=\"https:\/\/pot-ole.dk\/sv\/vaatt-oeverdrag\/\" \/>\n<meta property=\"og:locale\" content=\"sv_SE\" \/>\n<meta property=\"og:type\" content=\"article\" \/>\n<meta property=\"og:title\" content=\"W.E.T. \u00d6verdrag | W.E.T. BY POT OL\u00c9 ApS\" \/>\n<meta property=\"og:description\" content=\"W.E.T. \u00f6verdrag W.E.T. \u00f6verdrag hj\u00e4lper till att komplettera din blom- och v\u00e4xtuppst\u00e4llning.W.E.T. Euro-vattningstr\u00e5get, som kan st\u00e5 p\u00e5 en eller flera niv\u00e5er av en europall,ger utst\u00e4llningsh\u00f6jden, till vilken olika W.E.T. \u00f6verdrag kan t\u00e4cka pallen och ge en vacker och elegant fasad.W.E.T. \u00f6verdrag finns i m\u00e5nga olika modeller, som passar antingen en hel europall, en halv europall ... L\u00e4s mer\" \/>\n<meta property=\"og:url\" content=\"https:\/\/pot-ole.dk\/sv\/vaatt-oeverdrag\/\" \/>\n<meta property=\"og:site_name\" content=\"W.E.T. BY POT OL\u00c9 ApS\" \/>\n<meta property=\"article:modified_time\" content=\"2026-02-13T08:41:34+00:00\" \/>\n<meta property=\"og:image\" content=\"https:\/\/pot-ole.dk\/wp-content\/uploads\/2025\/07\/covers.jpg\" \/>\n\t<meta property=\"og:image:width\" content=\"988\" \/>\n\t<meta property=\"og:image:height\" content=\"781\" \/>\n\t<meta property=\"og:image:type\" content=\"image\/jpeg\" \/>\n<meta name=\"twitter:card\" content=\"summary_large_image\" \/>\n<meta name=\"twitter:label1\" content=\"Ber\u00e4knad l\u00e4stid\" \/>\n\t<meta name=\"twitter:data1\" content=\"1 minut\" \/>\n<script type=\"application\/ld+json\" class=\"yoast-schema-graph\">{\"@context\":\"https:\\\/\\\/schema.org\",\"@graph\":[{\"@type\":\"WebPage\",\"@id\":\"https:\\\/\\\/pot-ole.dk\\\/sv\\\/vaatt-oeverdrag\\\/\",\"url\":\"https:\\\/\\\/pot-ole.dk\\\/sv\\\/vaatt-oeverdrag\\\/\",\"name\":\"W.E.T. \u00d6verdrag | W.E.T. BY POT OL\u00c9 ApS\",\"isPartOf\":{\"@id\":\"https:\\\/\\\/pot-ole.dk\\\/sv\\\/#website\"},\"primaryImageOfPage\":{\"@id\":\"https:\\\/\\\/pot-ole.dk\\\/sv\\\/vaatt-oeverdrag\\\/#primaryimage\"},\"image\":{\"@id\":\"https:\\\/\\\/pot-ole.dk\\\/sv\\\/vaatt-oeverdrag\\\/#primaryimage\"},\"thumbnailUrl\":\"https:\\\/\\\/pot-ole.dk\\\/wp-content\\\/uploads\\\/2025\\\/07\\\/covers.jpg\",\"datePublished\":\"2025-08-13T07:26:40+00:00\",\"dateModified\":\"2026-02-13T08:41:34+00:00\",\"breadcrumb\":{\"@id\":\"https:\\\/\\\/pot-ole.dk\\\/sv\\\/vaatt-oeverdrag\\\/#breadcrumb\"},\"inLanguage\":\"sv-SE\",\"potentialAction\":[{\"@type\":\"ReadAction\",\"target\":[\"https:\\\/\\\/pot-ole.dk\\\/sv\\\/vaatt-oeverdrag\\\/\"]}]},{\"@type\":\"ImageObject\",\"inLanguage\":\"sv-SE\",\"@id\":\"https:\\\/\\\/pot-ole.dk\\\/sv\\\/vaatt-oeverdrag\\\/#primaryimage\",\"url\":\"https:\\\/\\\/pot-ole.dk\\\/wp-content\\\/uploads\\\/2025\\\/07\\\/covers.jpg\",\"contentUrl\":\"https:\\\/\\\/pot-ole.dk\\\/wp-content\\\/uploads\\\/2025\\\/07\\\/covers.jpg\",\"width\":988,\"height\":781},{\"@type\":\"BreadcrumbList\",\"@id\":\"https:\\\/\\\/pot-ole.dk\\\/sv\\\/vaatt-oeverdrag\\\/#breadcrumb\",\"itemListElement\":[{\"@type\":\"ListItem\",\"position\":1,\"name\":\"Forside\",\"item\":\"https:\\\/\\\/pot-ole.dk\\\/sv\\\/fraemre\\\/\"},{\"@type\":\"ListItem\",\"position\":2,\"name\":\"W.E.T. \u00d6verdrag\"}]},{\"@type\":\"WebSite\",\"@id\":\"https:\\\/\\\/pot-ole.dk\\\/sv\\\/#website\",\"url\":\"https:\\\/\\\/pot-ole.dk\\\/sv\\\/\",\"name\":\"W.E.T. BY POT OL\u00c9 ApS\",\"description\":\"W.E.T. BY POT OL\u00c9 ApS:\",\"publisher\":{\"@id\":\"https:\\\/\\\/pot-ole.dk\\\/sv\\\/#organization\"},\"potentialAction\":[{\"@type\":\"SearchAction\",\"target\":{\"@type\":\"EntryPoint\",\"urlTemplate\":\"https:\\\/\\\/pot-ole.dk\\\/sv\\\/?s={search_term_string}\"},\"query-input\":{\"@type\":\"PropertyValueSpecification\",\"valueRequired\":true,\"valueName\":\"search_term_string\"}}],\"inLanguage\":\"sv-SE\"},{\"@type\":\"Organization\",\"@id\":\"https:\\\/\\\/pot-ole.dk\\\/sv\\\/#organization\",\"name\":\"W.E.T. BY POT OL\u00c9 ApS\",\"url\":\"https:\\\/\\\/pot-ole.dk\\\/sv\\\/\",\"logo\":{\"@type\":\"ImageObject\",\"inLanguage\":\"sv-SE\",\"@id\":\"https:\\\/\\\/pot-ole.dk\\\/sv\\\/#\\\/schema\\\/logo\\\/image\\\/\",\"url\":\"https:\\\/\\\/pot-ole.dk\\\/wp-content\\\/uploads\\\/2025\\\/07\\\/logo_hvid_1360_2878.svg\",\"contentUrl\":\"https:\\\/\\\/pot-ole.dk\\\/wp-content\\\/uploads\\\/2025\\\/07\\\/logo_hvid_1360_2878.svg\",\"width\":163,\"height\":66,\"caption\":\"W.E.T. BY POT OL\u00c9 ApS\"},\"image\":{\"@id\":\"https:\\\/\\\/pot-ole.dk\\\/sv\\\/#\\\/schema\\\/logo\\\/image\\\/\"}}]}<\/script>\n<!-- \/ Yoast SEO plugin. -->","yoast_head_json":{"title":"W.E.T. \u00d6verdrag | W.E.T. BY POT OL\u00c9 ApS","robots":{"index":"index","follow":"follow","max-snippet":"max-snippet:-1","max-image-preview":"max-image-preview:large","max-video-preview":"max-video-preview:-1"},"canonical":"https:\/\/pot-ole.dk\/sv\/vaatt-oeverdrag\/","og_locale":"sv_SE","og_type":"article","og_title":"W.E.T. \u00d6verdrag | W.E.T. BY POT OL\u00c9 ApS","og_description":"W.E.T. \u00f6verdrag W.E.T. \u00f6verdrag hj\u00e4lper till att komplettera din blom- och v\u00e4xtuppst\u00e4llning.W.E.T. Euro-vattningstr\u00e5get, som kan st\u00e5 p\u00e5 en eller flera niv\u00e5er av en europall,ger utst\u00e4llningsh\u00f6jden, till vilken olika W.E.T. \u00f6verdrag kan t\u00e4cka pallen och ge en vacker och elegant fasad.W.E.T. \u00f6verdrag finns i m\u00e5nga olika modeller, som passar antingen en hel europall, en halv europall ... L\u00e4s mer","og_url":"https:\/\/pot-ole.dk\/sv\/vaatt-oeverdrag\/","og_site_name":"W.E.T. BY POT OL\u00c9 ApS","article_modified_time":"2026-02-13T08:41:34+00:00","og_image":[{"width":988,"height":781,"url":"https:\/\/pot-ole.dk\/wp-content\/uploads\/2025\/07\/covers.jpg","type":"image\/jpeg"}],"twitter_card":"summary_large_image","twitter_misc":{"Ber\u00e4knad l\u00e4stid":"1 minut"},"schema":{"@context":"https:\/\/schema.org","@graph":[{"@type":"WebPage","@id":"https:\/\/pot-ole.dk\/sv\/vaatt-oeverdrag\/","url":"https:\/\/pot-ole.dk\/sv\/vaatt-oeverdrag\/","name":"W.E.T. \u00d6verdrag | W.E.T. BY POT OL\u00c9 ApS","isPartOf":{"@id":"https:\/\/pot-ole.dk\/sv\/#website"},"primaryImageOfPage":{"@id":"https:\/\/pot-ole.dk\/sv\/vaatt-oeverdrag\/#primaryimage"},"image":{"@id":"https:\/\/pot-ole.dk\/sv\/vaatt-oeverdrag\/#primaryimage"},"thumbnailUrl":"https:\/\/pot-ole.dk\/wp-content\/uploads\/2025\/07\/covers.jpg","datePublished":"2025-08-13T07:26:40+00:00","dateModified":"2026-02-13T08:41:34+00:00","breadcrumb":{"@id":"https:\/\/pot-ole.dk\/sv\/vaatt-oeverdrag\/#breadcrumb"},"inLanguage":"sv-SE","potentialAction":[{"@type":"ReadAction","target":["https:\/\/pot-ole.dk\/sv\/vaatt-oeverdrag\/"]}]},{"@type":"ImageObject","inLanguage":"sv-SE","@id":"https:\/\/pot-ole.dk\/sv\/vaatt-oeverdrag\/#primaryimage","url":"https:\/\/pot-ole.dk\/wp-content\/uploads\/2025\/07\/covers.jpg","contentUrl":"https:\/\/pot-ole.dk\/wp-content\/uploads\/2025\/07\/covers.jpg","width":988,"height":781},{"@type":"BreadcrumbList","@id":"https:\/\/pot-ole.dk\/sv\/vaatt-oeverdrag\/#breadcrumb","itemListElement":[{"@type":"ListItem","position":1,"name":"Forside","item":"https:\/\/pot-ole.dk\/sv\/fraemre\/"},{"@type":"ListItem","position":2,"name":"W.E.T. \u00d6verdrag"}]},{"@type":"WebSite","@id":"https:\/\/pot-ole.dk\/sv\/#website","url":"https:\/\/pot-ole.dk\/sv\/","name":"W.E.T. BY POT OL\u00c9 ApS","description":"W.E.T. BY POT OL\u00c9 ApS:","publisher":{"@id":"https:\/\/pot-ole.dk\/sv\/#organization"},"potentialAction":[{"@type":"SearchAction","target":{"@type":"EntryPoint","urlTemplate":"https:\/\/pot-ole.dk\/sv\/?s={search_term_string}"},"query-input":{"@type":"PropertyValueSpecification","valueRequired":true,"valueName":"search_term_string"}}],"inLanguage":"sv-SE"},{"@type":"Organization","@id":"https:\/\/pot-ole.dk\/sv\/#organization","name":"W.E.T. BY POT OL\u00c9 ApS","url":"https:\/\/pot-ole.dk\/sv\/","logo":{"@type":"ImageObject","inLanguage":"sv-SE","@id":"https:\/\/pot-ole.dk\/sv\/#\/schema\/logo\/image\/","url":"https:\/\/pot-ole.dk\/wp-content\/uploads\/2025\/07\/logo_hvid_1360_2878.svg","contentUrl":"https:\/\/pot-ole.dk\/wp-content\/uploads\/2025\/07\/logo_hvid_1360_2878.svg","width":163,"height":66,"caption":"W.E.T. BY POT OL\u00c9 ApS"},"image":{"@id":"https:\/\/pot-ole.dk\/sv\/#\/schema\/logo\/image\/"}}]}},"_links":{"self":[{"href":"https:\/\/pot-ole.dk\/sv\/wp-json\/wp\/v2\/pages\/15901","targetHints":{"allow":["GET"]}}],"collection":[{"href":"https:\/\/pot-ole.dk\/sv\/wp-json\/wp\/v2\/pages"}],"about":[{"href":"https:\/\/pot-ole.dk\/sv\/wp-json\/wp\/v2\/types\/page"}],"author":[{"embeddable":true,"href":"https:\/\/pot-ole.dk\/sv\/wp-json\/wp\/v2\/users\/5"}],"replies":[{"embeddable":true,"href":"https:\/\/pot-ole.dk\/sv\/wp-json\/wp\/v2\/comments?post=15901"}],"version-history":[{"count":5,"href":"https:\/\/pot-ole.dk\/sv\/wp-json\/wp\/v2\/pages\/15901\/revisions"}],"predecessor-version":[{"id":20909,"href":"https:\/\/pot-ole.dk\/sv\/wp-json\/wp\/v2\/pages\/15901\/revisions\/20909"}],"wp:featuredmedia":[{"embeddable":true,"href":"https:\/\/pot-ole.dk\/sv\/wp-json\/wp\/v2\/media\/14660"}],"wp:attachment":[{"href":"https:\/\/pot-ole.dk\/sv\/wp-json\/wp\/v2\/media?parent=15901"}],"wp:term":[{"taxonomy":"category","embeddable":true,"href":"https:\/\/pot-ole.dk\/sv\/wp-json\/wp\/v2\/categories?post=15901"}],"curies":[{"name":"wp","href":"https:\/\/api.w.org\/{rel}","templated":true}]}}