{"id":15859,"date":"2025-08-14T09:26:40","date_gmt":"2025-08-14T07:26:40","guid":{"rendered":"https:\/\/pot-ole.dk\/balkongtraedgaard\/"},"modified":"2026-02-13T09:41:22","modified_gmt":"2026-02-13T08:41:22","slug":"balkongtraedgaard","status":"publish","type":"page","link":"https:\/\/pot-ole.dk\/sv\/balkongtraedgaard\/","title":{"rendered":"Balkongtr\u00e4dg\u00e5rd"},"content":{"rendered":"\t\t<div data-elementor-type=\"wp-page\" data-elementor-id=\"15859\" class=\"elementor elementor-15859 elementor-9580\" data-elementor-post-type=\"page\">\n\t\t\t\t<div class=\"elementor-element elementor-element-a16dd5a e-flex e-con-boxed e-con e-parent\" data-id=\"a16dd5a\" data-element_type=\"container\" data-e-type=\"container\" data-settings=\"{&quot;background_background&quot;:&quot;classic&quot;,&quot;shape_divider_bottom&quot;:&quot;waves&quot;}\">\n\t\t\t\t\t<div class=\"e-con-inner\">\n\t\t\t\t<div class=\"elementor-shape elementor-shape-bottom\" aria-hidden=\"true\" data-negative=\"false\">\n\t\t\t<svg xmlns=\"http:\/\/www.w3.org\/2000\/svg\" viewBox=\"0 0 1000 100\" preserveAspectRatio=\"none\">\n\t<path class=\"elementor-shape-fill\" d=\"M421.9,6.5c22.6-2.5,51.5,0.4,75.5,5.3c23.6,4.9,70.9,23.5,100.5,35.7c75.8,32.2,133.7,44.5,192.6,49.7\n\tc23.6,2.1,48.7,3.5,103.4-2.5c54.7-6,106.2-25.6,106.2-25.6V0H0v30.3c0,0,72,32.6,158.4,30.5c39.2-0.7,92.8-6.7,134-22.4\n\tc21.2-8.1,52.2-18.2,79.7-24.2C399.3,7.9,411.6,7.5,421.9,6.5z\"\/>\n<\/svg>\t\t<\/div>\n\t\t<div class=\"elementor-element elementor-element-727df61 e-con-full no-padding e-flex e-con e-child\" data-id=\"727df61\" data-element_type=\"container\" data-e-type=\"container\">\n\t\t\t\t<div class=\"elementor-element elementor-element-4392139 elementor-widget elementor-widget-heading\" data-id=\"4392139\" data-element_type=\"widget\" data-e-type=\"widget\" data-widget_type=\"heading.default\">\n\t\t\t\t<div class=\"elementor-widget-container\">\n\t\t\t\t\t<h1 class=\"elementor-heading-title elementor-size-default\">Andra WET-designer\n\n<\/h1>\t\t\t\t<\/div>\n\t\t\t\t<\/div>\n\t\t\t\t<\/div>\n\t\t\t\t\t<\/div>\n\t\t\t\t<\/div>\n\t\t<div class=\"elementor-element elementor-element-d28a317 e-flex e-con-boxed elementor-invisible e-con e-parent\" data-id=\"d28a317\" data-element_type=\"container\" data-e-type=\"container\" data-settings=\"{&quot;background_background&quot;:&quot;classic&quot;,&quot;animation&quot;:&quot;fadeIn&quot;}\">\n\t\t\t\t\t<div class=\"e-con-inner\">\n\t\t<div class=\"elementor-element elementor-element-53ad955 e-con-full e-flex e-con e-child\" data-id=\"53ad955\" data-element_type=\"container\" data-e-type=\"container\">\n\t\t\t\t<div class=\"elementor-element elementor-element-5593f1a elementor-headline--style-highlight elementor-widget elementor-widget-animated-headline\" data-id=\"5593f1a\" data-element_type=\"widget\" data-e-type=\"widget\" data-settings=\"{&quot;marker&quot;:&quot;underline&quot;,&quot;highlighted_text&quot;:&quot;Familje\\u00e4gt  &quot;,&quot;headline_style&quot;:&quot;highlight&quot;,&quot;loop&quot;:&quot;yes&quot;,&quot;highlight_animation_duration&quot;:1200,&quot;highlight_iteration_delay&quot;:8000}\" data-widget_type=\"animated-headline.default\">\n\t\t\t\t<div class=\"elementor-widget-container\">\n\t\t\t\t\t\t\t<p class=\"elementor-headline\">\n\t\t\t\t<span class=\"elementor-headline-dynamic-wrapper elementor-headline-text-wrapper\">\n\t\t\t\t\t<span class=\"elementor-headline-dynamic-text elementor-headline-text-active\">Familje\u00e4gt  <\/span>\n\t\t\t\t<\/span>\n\t\t\t\t\t<span class=\"elementor-headline-plain-text elementor-headline-text-wrapper\">f\u00f6retag sedan 1986<\/span>\n\t\t\t\t\t<\/p>\n\t\t\t\t\t\t<\/div>\n\t\t\t\t<\/div>\n\t\t\t\t<div class=\"elementor-element elementor-element-722cbae elementor-widget elementor-widget-text-editor\" data-id=\"722cbae\" data-element_type=\"widget\" data-e-type=\"widget\" data-widget_type=\"text-editor.default\">\n\t\t\t\t<div class=\"elementor-widget-container\">\n\t\t\t\t\t\t\t\t\t<h2>Balkongtr\u00e4dg\u00e5rd<\/h2><p>En tr\u00e4dg\u00e5rd p\u00e5 balkongen.<\/p><p>Andra designer fr\u00e5n WET g\u00f6r det m\u00f6jligt att visa upp och ha m\u00e5nga v\u00e4xter, \u00f6rter och blommor p\u00e5 v\u00e4ldigt f\u00e5 kvadratmeter.<\/p><p>Id\u00e9n bakom den h\u00e4r modellen uppstod i takt med att intresset f\u00f6r v\u00e4xter v\u00e4xte. Det fanns dock inte alltid tillr\u00e4ckligt med utrymme i sm\u00e5 butiker och bland privatpersoner med mindre tr\u00e4dg\u00e5rdar och balkonger.<\/p><p>Balkongtr\u00e4dg\u00e5rd \u00e4r f\u00f6r f\u00f6retag som vill ha en liten, fin monter i sin butik, men \u00e4ven f\u00f6r privatpersoner som vill ha plats att odla v\u00e4xter, \u00f6rter etc. p\u00e5 sin balkong.<\/p><p>P\u00e5 dess 5 hyllor kan du arrangera v\u00e4xter, blommor eller \u00f6rter precis som du \u00f6nskar. Den kan ocks\u00e5 anv\u00e4ndas f\u00f6r att s\u00e5 fr\u00f6n och sticklingar om du anv\u00e4nder &#8221; <a title=\"L\u00e4s mer om v\u00e5ra s\u00e5krukor h\u00e4r!\" href=\"https:\/\/pot-ole.dk\/sv\/wet-saakrukor\/\"><strong>fr\u00f6krukor<\/strong><\/a> &#8221; p\u00e5 en eller flera av hyllorna.<\/p><p>Dess h\u00f6ga kvalitet, vackra design och robusthet g\u00f6r det m\u00f6jligt att ha den p\u00e5 balkongen eller i tr\u00e4dg\u00e5rden \u00e5ret runt, och den kan anv\u00e4ndas \u00e5r efter \u00e5r. N\u00e4r v\u00e4dret blir f\u00f6r kallt kan vattentr\u00e5gen p\u00e5 hyllorna tas bort och placeras p\u00e5 f\u00f6nsterbr\u00e4dan, och stativet kan sedan f\u00e4llas ihop och st\u00e4llas undan tills v\u00e5ren kommer.<\/p><p><strong>M\u00e5tt:<\/strong> 151 cm x 63 cm x 19 cm.<br> <strong>Vikt:<\/strong> 12 kg.<\/p><p><strong>Stativet levereras med 5 bevattningsbrickor:<br><\/strong>1 x W.E.T. Seed Pot 30<br>4 x W.E.T. Seed Pot 30 utan krukor<br><br><\/p>\t\t\t\t\t\t\t\t<\/div>\n\t\t\t\t<\/div>\n\t\t\t\t<div class=\"elementor-element elementor-element-8dc8675 elementor-widget-divider--view-line elementor-widget elementor-widget-divider\" data-id=\"8dc8675\" data-element_type=\"widget\" data-e-type=\"widget\" data-widget_type=\"divider.default\">\n\t\t\t\t<div class=\"elementor-widget-container\">\n\t\t\t\t\t\t\t<div class=\"elementor-divider\">\n\t\t\t<span class=\"elementor-divider-separator\">\n\t\t\t\t\t\t<\/span>\n\t\t<\/div>\n\t\t\t\t\t\t<\/div>\n\t\t\t\t<\/div>\n\t\t\t\t<\/div>\n\t\t<div class=\"elementor-element elementor-element-52cc3dd e-con-full e-flex elementor-invisible e-con e-child\" data-id=\"52cc3dd\" data-element_type=\"container\" data-e-type=\"container\" data-settings=\"{&quot;background_background&quot;:&quot;classic&quot;,&quot;animation&quot;:&quot;fadeIn&quot;}\">\n\t\t\t\t<\/div>\n\t\t\t\t\t<\/div>\n\t\t\t\t<\/div>\n\t\t<div class=\"elementor-element elementor-element-da1f68f e-flex e-con-boxed e-con e-parent\" data-id=\"da1f68f\" data-element_type=\"container\" data-e-type=\"container\">\n\t\t\t\t\t<div class=\"e-con-inner\">\n\t\t\t\t<div class=\"elementor-element elementor-element-ed71816 elementor-widget elementor-widget-gallery\" data-id=\"ed71816\" data-element_type=\"widget\" data-e-type=\"widget\" data-settings=\"{&quot;aspect_ratio&quot;:&quot;1:1&quot;,&quot;overlay_title&quot;:&quot;caption&quot;,&quot;lazyload&quot;:&quot;yes&quot;,&quot;gallery_layout&quot;:&quot;grid&quot;,&quot;columns&quot;:4,&quot;columns_tablet&quot;:2,&quot;columns_mobile&quot;:1,&quot;gap&quot;:{&quot;unit&quot;:&quot;px&quot;,&quot;size&quot;:10,&quot;sizes&quot;:[]},&quot;gap_laptop&quot;:{&quot;unit&quot;:&quot;px&quot;,&quot;size&quot;:10,&quot;sizes&quot;:[]},&quot;gap_tablet&quot;:{&quot;unit&quot;:&quot;px&quot;,&quot;size&quot;:10,&quot;sizes&quot;:[]},&quot;gap_mobile&quot;:{&quot;unit&quot;:&quot;px&quot;,&quot;size&quot;:10,&quot;sizes&quot;:[]},&quot;link_to&quot;:&quot;file&quot;,&quot;overlay_background&quot;:&quot;yes&quot;}\" data-widget_type=\"gallery.default\">\n\t\t\t\t<div class=\"elementor-widget-container\">\n\t\t\t\t\t\t\t<div class=\"elementor-gallery__container\">\n\t\t\t\t\t\t\t<a class=\"e-gallery-item elementor-gallery-item\" href=\"https:\/\/pot-ole.dk\/wp-content\/uploads\/2025\/12\/balcony1-scaled.jpg\" data-elementor-open-lightbox=\"yes\" data-elementor-lightbox-slideshow=\"ed71816\" data-e-action-hash=\"#elementor-action%3Aaction%3Dlightbox%26settings%3DeyJpZCI6MTkzMzcsInVybCI6Imh0dHBzOlwvXC9wb3Qtb2xlLmRrXC93cC1jb250ZW50XC91cGxvYWRzXC8yMDI1XC8xMlwvYmFsY29ueTEtc2NhbGVkLmpwZyIsInNsaWRlc2hvdyI6ImVkNzE4MTYifQ%3D%3D\" data-rel=\"-image-0\" data-rl_title=\"\" data-rl_caption=\"\" title=\"\">\n\t\t\t\t\t<div class=\"e-gallery-image elementor-gallery-item__image\" data-thumbnail=\"https:\/\/pot-ole.dk\/wp-content\/uploads\/2025\/12\/balcony1-1129x1536.jpg\" data-width=\"1129\" data-height=\"1536\" aria-label=\"\" role=\"img\" ><\/div>\n\t\t\t\t\t\t\t\t\t\t\t<div class=\"elementor-gallery-item__overlay\"><\/div>\n\t\t\t\t\t\t\t\t\t\t\t\t\t\t\t<div class=\"elementor-gallery-item__content\">\n\t\t\t\t\t\t\t\t\t\t\t\t\t\t<div class=\"elementor-gallery-item__title\">\n\t\t\t\t\t\t\t\t\t\t\t\t\t\t\t\t\t\tPhoto by: Helle Troelsen\t\t\t\t\t\t\t\t<\/div>\n\t\t\t\t\t\t\t\t\t\t\t\t<\/div>\n\t\t\t\t\t\t\t\t\t<\/a>\n\t\t\t\t\t\t\t<a class=\"e-gallery-item elementor-gallery-item\" href=\"https:\/\/pot-ole.dk\/wp-content\/uploads\/2025\/12\/balcony3-scaled.jpg\" data-elementor-open-lightbox=\"yes\" data-elementor-lightbox-slideshow=\"ed71816\" data-e-action-hash=\"#elementor-action%3Aaction%3Dlightbox%26settings%3DeyJpZCI6MTkzNDIsInVybCI6Imh0dHBzOlwvXC9wb3Qtb2xlLmRrXC93cC1jb250ZW50XC91cGxvYWRzXC8yMDI1XC8xMlwvYmFsY29ueTMtc2NhbGVkLmpwZyIsInNsaWRlc2hvdyI6ImVkNzE4MTYifQ%3D%3D\" data-rel=\"-image-1\" data-rl_title=\"\" data-rl_caption=\"\" title=\"\">\n\t\t\t\t\t<div class=\"e-gallery-image elementor-gallery-item__image\" data-thumbnail=\"https:\/\/pot-ole.dk\/wp-content\/uploads\/2025\/12\/balcony3-1152x1536.jpg\" data-width=\"1152\" data-height=\"1536\" aria-label=\"\" role=\"img\" ><\/div>\n\t\t\t\t\t\t\t\t\t\t\t<div class=\"elementor-gallery-item__overlay\"><\/div>\n\t\t\t\t\t\t\t\t\t\t\t\t\t\t\t<div class=\"elementor-gallery-item__content\">\n\t\t\t\t\t\t\t\t\t\t\t\t\t\t<div class=\"elementor-gallery-item__title\">\n\t\t\t\t\t\t\t\t\t\t\t\t\t\t\t\t\t\tPhoto by: Helle Troelsen\t\t\t\t\t\t\t\t<\/div>\n\t\t\t\t\t\t\t\t\t\t\t\t<\/div>\n\t\t\t\t\t\t\t\t\t<\/a>\n\t\t\t\t\t\t\t<a class=\"e-gallery-item elementor-gallery-item\" href=\"https:\/\/pot-ole.dk\/wp-content\/uploads\/2025\/12\/balcony2-scaled.jpg\" data-elementor-open-lightbox=\"yes\" data-elementor-lightbox-slideshow=\"ed71816\" data-e-action-hash=\"#elementor-action%3Aaction%3Dlightbox%26settings%3DeyJpZCI6MTkzNDcsInVybCI6Imh0dHBzOlwvXC9wb3Qtb2xlLmRrXC93cC1jb250ZW50XC91cGxvYWRzXC8yMDI1XC8xMlwvYmFsY29ueTItc2NhbGVkLmpwZyIsInNsaWRlc2hvdyI6ImVkNzE4MTYifQ%3D%3D\" data-rel=\"-image-2\" data-rl_title=\"\" data-rl_caption=\"\" title=\"\">\n\t\t\t\t\t<div class=\"e-gallery-image elementor-gallery-item__image\" data-thumbnail=\"https:\/\/pot-ole.dk\/wp-content\/uploads\/2025\/12\/balcony2-1152x1536.jpg\" data-width=\"1152\" data-height=\"1536\" aria-label=\"\" role=\"img\" ><\/div>\n\t\t\t\t\t\t\t\t\t\t\t<div class=\"elementor-gallery-item__overlay\"><\/div>\n\t\t\t\t\t\t\t\t\t\t\t\t\t\t\t<div class=\"elementor-gallery-item__content\">\n\t\t\t\t\t\t\t\t\t\t\t\t\t\t<div class=\"elementor-gallery-item__title\">\n\t\t\t\t\t\t\t\t\t\t\t\t\t\t\t\t\t\tPhoto by: Helle Troelsen\t\t\t\t\t\t\t\t<\/div>\n\t\t\t\t\t\t\t\t\t\t\t\t<\/div>\n\t\t\t\t\t\t\t\t\t<\/a>\n\t\t\t\t\t\t\t<a class=\"e-gallery-item elementor-gallery-item\" href=\"https:\/\/pot-ole.dk\/wp-content\/uploads\/2025\/12\/balkon1-scaled.jpg\" data-elementor-open-lightbox=\"yes\" data-elementor-lightbox-slideshow=\"ed71816\" data-e-action-hash=\"#elementor-action%3Aaction%3Dlightbox%26settings%3DeyJpZCI6MTk1ODUsInVybCI6Imh0dHBzOlwvXC9wb3Qtb2xlLmRrXC93cC1jb250ZW50XC91cGxvYWRzXC8yMDI1XC8xMlwvYmFsa29uMS1zY2FsZWQuanBnIiwic2xpZGVzaG93IjoiZWQ3MTgxNiJ9\" data-rel=\"-image-3\" data-rl_title=\"\" data-rl_caption=\"\" title=\"\">\n\t\t\t\t\t<div class=\"e-gallery-image elementor-gallery-item__image\" data-thumbnail=\"https:\/\/pot-ole.dk\/wp-content\/uploads\/2025\/12\/balkon1-1024x1536.jpg\" data-width=\"1024\" data-height=\"1536\" aria-label=\"\" role=\"img\" ><\/div>\n\t\t\t\t\t\t\t\t\t\t\t<div class=\"elementor-gallery-item__overlay\"><\/div>\n\t\t\t\t\t\t\t\t\t\t\t\t\t\t\t<div class=\"elementor-gallery-item__content\">\n\t\t\t\t\t\t\t\t\t\t\t\t\t\t<div class=\"elementor-gallery-item__title\">\n\t\t\t\t\t\t\t\t\t\t\t\t\t\t\t\t\t\tPhoto by: Vibeke Svenningsen\t\t\t\t\t\t\t\t<\/div>\n\t\t\t\t\t\t\t\t\t\t\t\t<\/div>\n\t\t\t\t\t\t\t\t\t<\/a>\n\t\t\t\t\t\t\t<a class=\"e-gallery-item elementor-gallery-item\" href=\"https:\/\/pot-ole.dk\/wp-content\/uploads\/2025\/12\/balkon4-scaled.jpg\" data-elementor-open-lightbox=\"yes\" data-elementor-lightbox-slideshow=\"ed71816\" data-e-action-hash=\"#elementor-action%3Aaction%3Dlightbox%26settings%3DeyJpZCI6MTk1OTAsInVybCI6Imh0dHBzOlwvXC9wb3Qtb2xlLmRrXC93cC1jb250ZW50XC91cGxvYWRzXC8yMDI1XC8xMlwvYmFsa29uNC1zY2FsZWQuanBnIiwic2xpZGVzaG93IjoiZWQ3MTgxNiJ9\" data-rel=\"-image-4\" data-rl_title=\"\" data-rl_caption=\"\" title=\"\">\n\t\t\t\t\t<div class=\"e-gallery-image elementor-gallery-item__image\" data-thumbnail=\"https:\/\/pot-ole.dk\/wp-content\/uploads\/2025\/12\/balkon4-1024x1536.jpg\" data-width=\"1024\" data-height=\"1536\" aria-label=\"\" role=\"img\" ><\/div>\n\t\t\t\t\t\t\t\t\t\t\t<div class=\"elementor-gallery-item__overlay\"><\/div>\n\t\t\t\t\t\t\t\t\t\t\t\t\t\t\t<div class=\"elementor-gallery-item__content\">\n\t\t\t\t\t\t\t\t\t\t\t\t\t\t<div class=\"elementor-gallery-item__title\">\n\t\t\t\t\t\t\t\t\t\t\t\t\t\t\t\t\t\tPhoto by: Vibeke Svenningsen\t\t\t\t\t\t\t\t<\/div>\n\t\t\t\t\t\t\t\t\t\t\t\t<\/div>\n\t\t\t\t\t\t\t\t\t<\/a>\n\t\t\t\t\t\t\t<a class=\"e-gallery-item elementor-gallery-item\" href=\"https:\/\/pot-ole.dk\/wp-content\/uploads\/2025\/12\/balkon3-scaled.jpg\" data-elementor-open-lightbox=\"yes\" data-elementor-lightbox-slideshow=\"ed71816\" data-e-action-hash=\"#elementor-action%3Aaction%3Dlightbox%26settings%3DeyJpZCI6MTk1OTUsInVybCI6Imh0dHBzOlwvXC9wb3Qtb2xlLmRrXC93cC1jb250ZW50XC91cGxvYWRzXC8yMDI1XC8xMlwvYmFsa29uMy1zY2FsZWQuanBnIiwic2xpZGVzaG93IjoiZWQ3MTgxNiJ9\" data-rel=\"-image-5\" data-rl_title=\"\" data-rl_caption=\"\" title=\"\">\n\t\t\t\t\t<div class=\"e-gallery-image elementor-gallery-item__image\" data-thumbnail=\"https:\/\/pot-ole.dk\/wp-content\/uploads\/2025\/12\/balkon3-1024x1536.jpg\" data-width=\"1024\" data-height=\"1536\" aria-label=\"\" role=\"img\" ><\/div>\n\t\t\t\t\t\t\t\t\t\t\t<div class=\"elementor-gallery-item__overlay\"><\/div>\n\t\t\t\t\t\t\t\t\t\t\t\t\t\t\t<div class=\"elementor-gallery-item__content\">\n\t\t\t\t\t\t\t\t\t\t\t\t\t\t<div class=\"elementor-gallery-item__title\">\n\t\t\t\t\t\t\t\t\t\t\t\t\t\t\t\t\t\tPhoto by: Vibeke Svenningsen\t\t\t\t\t\t\t\t<\/div>\n\t\t\t\t\t\t\t\t\t\t\t\t<\/div>\n\t\t\t\t\t\t\t\t\t<\/a>\n\t\t\t\t\t\t\t<a class=\"e-gallery-item elementor-gallery-item\" href=\"https:\/\/pot-ole.dk\/wp-content\/uploads\/2025\/12\/balkon2-scaled.jpg\" data-elementor-open-lightbox=\"yes\" data-elementor-lightbox-slideshow=\"ed71816\" data-e-action-hash=\"#elementor-action%3Aaction%3Dlightbox%26settings%3DeyJpZCI6MTk2MDAsInVybCI6Imh0dHBzOlwvXC9wb3Qtb2xlLmRrXC93cC1jb250ZW50XC91cGxvYWRzXC8yMDI1XC8xMlwvYmFsa29uMi1zY2FsZWQuanBnIiwic2xpZGVzaG93IjoiZWQ3MTgxNiJ9\" data-rel=\"-image-6\" data-rl_title=\"\" data-rl_caption=\"\" title=\"\">\n\t\t\t\t\t<div class=\"e-gallery-image elementor-gallery-item__image\" data-thumbnail=\"https:\/\/pot-ole.dk\/wp-content\/uploads\/2025\/12\/balkon2-1024x1536.jpg\" data-width=\"1024\" data-height=\"1536\" aria-label=\"\" role=\"img\" ><\/div>\n\t\t\t\t\t\t\t\t\t\t\t<div class=\"elementor-gallery-item__overlay\"><\/div>\n\t\t\t\t\t\t\t\t\t\t\t\t\t\t\t<div class=\"elementor-gallery-item__content\">\n\t\t\t\t\t\t\t\t\t\t\t\t\t\t<div class=\"elementor-gallery-item__title\">\n\t\t\t\t\t\t\t\t\t\t\t\t\t\t\t\t\t\tPhoto by: Vibeke Svenningsen\t\t\t\t\t\t\t\t<\/div>\n\t\t\t\t\t\t\t\t\t\t\t\t<\/div>\n\t\t\t\t\t\t\t\t\t<\/a>\n\t\t\t\t\t<\/div>\n\t\t\t\t\t<\/div>\n\t\t\t\t<\/div>\n\t\t\t\t\t<\/div>\n\t\t\t\t<\/div>\n\t\t\t\t<\/div>\n\t\t","protected":false},"excerpt":{"rendered":"<p>Andra WET-designer Familje\u00e4gt f\u00f6retag sedan 1986 Balkongtr\u00e4dg\u00e5rd En tr\u00e4dg\u00e5rd p\u00e5 balkongen. Andra designer fr\u00e5n WET g\u00f6r det m\u00f6jligt att visa upp och ha m\u00e5nga v\u00e4xter, \u00f6rter och blommor p\u00e5 v\u00e4ldigt f\u00e5 kvadratmeter. Id\u00e9n bakom den h\u00e4r modellen uppstod i takt med att intresset f\u00f6r v\u00e4xter v\u00e4xte. Det fanns dock inte alltid tillr\u00e4ckligt med utrymme i &#8230; <a title=\"Balkongtr\u00e4dg\u00e5rd\" class=\"read-more\" href=\"https:\/\/pot-ole.dk\/sv\/balkongtraedgaard\/\" aria-label=\"L\u00e4s mer om Balkongtr\u00e4dg\u00e5rd\">L\u00e4s mer<\/a><\/p>\n","protected":false},"author":5,"featured_media":14748,"parent":0,"menu_order":1038,"comment_status":"closed","ping_status":"closed","template":"","meta":{"_acf_changed":false,"footnotes":""},"categories":[320],"class_list":{"0":"post-15859","1":"page","2":"type-page","3":"status-publish","4":"has-post-thumbnail","6":"category-bevattningsbrickor"},"acf":[],"yoast_head":"<!-- This site is optimized with the Yoast SEO plugin v27.4 - https:\/\/yoast.com\/product\/yoast-seo-wordpress\/ -->\n<title>Balkongtr\u00e4dg\u00e5rd | W.E.T. BY POT OL\u00c9 ApS<\/title>\n<meta name=\"robots\" content=\"index, follow, max-snippet:-1, max-image-preview:large, max-video-preview:-1\" \/>\n<link rel=\"canonical\" href=\"https:\/\/pot-ole.dk\/sv\/balkongtraedgaard\/\" \/>\n<meta property=\"og:locale\" content=\"sv_SE\" \/>\n<meta property=\"og:type\" content=\"article\" \/>\n<meta property=\"og:title\" content=\"Balkongtr\u00e4dg\u00e5rd | W.E.T. BY POT OL\u00c9 ApS\" \/>\n<meta property=\"og:description\" content=\"Andra WET-designer Familje\u00e4gt f\u00f6retag sedan 1986 Balkongtr\u00e4dg\u00e5rd En tr\u00e4dg\u00e5rd p\u00e5 balkongen. Andra designer fr\u00e5n WET g\u00f6r det m\u00f6jligt att visa upp och ha m\u00e5nga v\u00e4xter, \u00f6rter och blommor p\u00e5 v\u00e4ldigt f\u00e5 kvadratmeter. Id\u00e9n bakom den h\u00e4r modellen uppstod i takt med att intresset f\u00f6r v\u00e4xter v\u00e4xte. Det fanns dock inte alltid tillr\u00e4ckligt med utrymme i ... L\u00e4s mer\" \/>\n<meta property=\"og:url\" content=\"https:\/\/pot-ole.dk\/sv\/balkongtraedgaard\/\" \/>\n<meta property=\"og:site_name\" content=\"W.E.T. BY POT OL\u00c9 ApS\" \/>\n<meta property=\"article:modified_time\" content=\"2026-02-13T08:41:22+00:00\" \/>\n<meta property=\"og:image\" content=\"https:\/\/pot-ole.dk\/wp-content\/uploads\/2025\/08\/balconygarden_11663-1.jpg\" \/>\n\t<meta property=\"og:image:width\" content=\"1150\" \/>\n\t<meta property=\"og:image:height\" content=\"1533\" \/>\n\t<meta property=\"og:image:type\" content=\"image\/jpeg\" \/>\n<meta name=\"twitter:card\" content=\"summary_large_image\" \/>\n<meta name=\"twitter:label1\" content=\"Ber\u00e4knad l\u00e4stid\" \/>\n\t<meta name=\"twitter:data1\" content=\"1 minut\" \/>\n<script type=\"application\/ld+json\" class=\"yoast-schema-graph\">{\"@context\":\"https:\\\/\\\/schema.org\",\"@graph\":[{\"@type\":\"WebPage\",\"@id\":\"https:\\\/\\\/pot-ole.dk\\\/sv\\\/balkongtraedgaard\\\/\",\"url\":\"https:\\\/\\\/pot-ole.dk\\\/sv\\\/balkongtraedgaard\\\/\",\"name\":\"Balkongtr\u00e4dg\u00e5rd | W.E.T. BY POT OL\u00c9 ApS\",\"isPartOf\":{\"@id\":\"https:\\\/\\\/pot-ole.dk\\\/sv\\\/#website\"},\"primaryImageOfPage\":{\"@id\":\"https:\\\/\\\/pot-ole.dk\\\/sv\\\/balkongtraedgaard\\\/#primaryimage\"},\"image\":{\"@id\":\"https:\\\/\\\/pot-ole.dk\\\/sv\\\/balkongtraedgaard\\\/#primaryimage\"},\"thumbnailUrl\":\"https:\\\/\\\/pot-ole.dk\\\/wp-content\\\/uploads\\\/2025\\\/08\\\/balconygarden_11663-1.jpg\",\"datePublished\":\"2025-08-14T07:26:40+00:00\",\"dateModified\":\"2026-02-13T08:41:22+00:00\",\"breadcrumb\":{\"@id\":\"https:\\\/\\\/pot-ole.dk\\\/sv\\\/balkongtraedgaard\\\/#breadcrumb\"},\"inLanguage\":\"sv-SE\",\"potentialAction\":[{\"@type\":\"ReadAction\",\"target\":[\"https:\\\/\\\/pot-ole.dk\\\/sv\\\/balkongtraedgaard\\\/\"]}]},{\"@type\":\"ImageObject\",\"inLanguage\":\"sv-SE\",\"@id\":\"https:\\\/\\\/pot-ole.dk\\\/sv\\\/balkongtraedgaard\\\/#primaryimage\",\"url\":\"https:\\\/\\\/pot-ole.dk\\\/wp-content\\\/uploads\\\/2025\\\/08\\\/balconygarden_11663-1.jpg\",\"contentUrl\":\"https:\\\/\\\/pot-ole.dk\\\/wp-content\\\/uploads\\\/2025\\\/08\\\/balconygarden_11663-1.jpg\",\"width\":1150,\"height\":1533},{\"@type\":\"BreadcrumbList\",\"@id\":\"https:\\\/\\\/pot-ole.dk\\\/sv\\\/balkongtraedgaard\\\/#breadcrumb\",\"itemListElement\":[{\"@type\":\"ListItem\",\"position\":1,\"name\":\"Forside\",\"item\":\"https:\\\/\\\/pot-ole.dk\\\/sv\\\/fraemre\\\/\"},{\"@type\":\"ListItem\",\"position\":2,\"name\":\"Balkongtr\u00e4dg\u00e5rd\"}]},{\"@type\":\"WebSite\",\"@id\":\"https:\\\/\\\/pot-ole.dk\\\/sv\\\/#website\",\"url\":\"https:\\\/\\\/pot-ole.dk\\\/sv\\\/\",\"name\":\"W.E.T. BY POT OL\u00c9 ApS\",\"description\":\"W.E.T. BY POT OL\u00c9 ApS:\",\"publisher\":{\"@id\":\"https:\\\/\\\/pot-ole.dk\\\/sv\\\/#organization\"},\"potentialAction\":[{\"@type\":\"SearchAction\",\"target\":{\"@type\":\"EntryPoint\",\"urlTemplate\":\"https:\\\/\\\/pot-ole.dk\\\/sv\\\/?s={search_term_string}\"},\"query-input\":{\"@type\":\"PropertyValueSpecification\",\"valueRequired\":true,\"valueName\":\"search_term_string\"}}],\"inLanguage\":\"sv-SE\"},{\"@type\":\"Organization\",\"@id\":\"https:\\\/\\\/pot-ole.dk\\\/sv\\\/#organization\",\"name\":\"W.E.T. BY POT OL\u00c9 ApS\",\"url\":\"https:\\\/\\\/pot-ole.dk\\\/sv\\\/\",\"logo\":{\"@type\":\"ImageObject\",\"inLanguage\":\"sv-SE\",\"@id\":\"https:\\\/\\\/pot-ole.dk\\\/sv\\\/#\\\/schema\\\/logo\\\/image\\\/\",\"url\":\"https:\\\/\\\/pot-ole.dk\\\/wp-content\\\/uploads\\\/2025\\\/07\\\/logo_hvid_1360_2878.svg\",\"contentUrl\":\"https:\\\/\\\/pot-ole.dk\\\/wp-content\\\/uploads\\\/2025\\\/07\\\/logo_hvid_1360_2878.svg\",\"width\":163,\"height\":66,\"caption\":\"W.E.T. BY POT OL\u00c9 ApS\"},\"image\":{\"@id\":\"https:\\\/\\\/pot-ole.dk\\\/sv\\\/#\\\/schema\\\/logo\\\/image\\\/\"}}]}<\/script>\n<!-- \/ Yoast SEO plugin. -->","yoast_head_json":{"title":"Balkongtr\u00e4dg\u00e5rd | W.E.T. BY POT OL\u00c9 ApS","robots":{"index":"index","follow":"follow","max-snippet":"max-snippet:-1","max-image-preview":"max-image-preview:large","max-video-preview":"max-video-preview:-1"},"canonical":"https:\/\/pot-ole.dk\/sv\/balkongtraedgaard\/","og_locale":"sv_SE","og_type":"article","og_title":"Balkongtr\u00e4dg\u00e5rd | W.E.T. BY POT OL\u00c9 ApS","og_description":"Andra WET-designer Familje\u00e4gt f\u00f6retag sedan 1986 Balkongtr\u00e4dg\u00e5rd En tr\u00e4dg\u00e5rd p\u00e5 balkongen. Andra designer fr\u00e5n WET g\u00f6r det m\u00f6jligt att visa upp och ha m\u00e5nga v\u00e4xter, \u00f6rter och blommor p\u00e5 v\u00e4ldigt f\u00e5 kvadratmeter. Id\u00e9n bakom den h\u00e4r modellen uppstod i takt med att intresset f\u00f6r v\u00e4xter v\u00e4xte. Det fanns dock inte alltid tillr\u00e4ckligt med utrymme i ... L\u00e4s mer","og_url":"https:\/\/pot-ole.dk\/sv\/balkongtraedgaard\/","og_site_name":"W.E.T. BY POT OL\u00c9 ApS","article_modified_time":"2026-02-13T08:41:22+00:00","og_image":[{"width":1150,"height":1533,"url":"https:\/\/pot-ole.dk\/wp-content\/uploads\/2025\/08\/balconygarden_11663-1.jpg","type":"image\/jpeg"}],"twitter_card":"summary_large_image","twitter_misc":{"Ber\u00e4knad l\u00e4stid":"1 minut"},"schema":{"@context":"https:\/\/schema.org","@graph":[{"@type":"WebPage","@id":"https:\/\/pot-ole.dk\/sv\/balkongtraedgaard\/","url":"https:\/\/pot-ole.dk\/sv\/balkongtraedgaard\/","name":"Balkongtr\u00e4dg\u00e5rd | W.E.T. BY POT OL\u00c9 ApS","isPartOf":{"@id":"https:\/\/pot-ole.dk\/sv\/#website"},"primaryImageOfPage":{"@id":"https:\/\/pot-ole.dk\/sv\/balkongtraedgaard\/#primaryimage"},"image":{"@id":"https:\/\/pot-ole.dk\/sv\/balkongtraedgaard\/#primaryimage"},"thumbnailUrl":"https:\/\/pot-ole.dk\/wp-content\/uploads\/2025\/08\/balconygarden_11663-1.jpg","datePublished":"2025-08-14T07:26:40+00:00","dateModified":"2026-02-13T08:41:22+00:00","breadcrumb":{"@id":"https:\/\/pot-ole.dk\/sv\/balkongtraedgaard\/#breadcrumb"},"inLanguage":"sv-SE","potentialAction":[{"@type":"ReadAction","target":["https:\/\/pot-ole.dk\/sv\/balkongtraedgaard\/"]}]},{"@type":"ImageObject","inLanguage":"sv-SE","@id":"https:\/\/pot-ole.dk\/sv\/balkongtraedgaard\/#primaryimage","url":"https:\/\/pot-ole.dk\/wp-content\/uploads\/2025\/08\/balconygarden_11663-1.jpg","contentUrl":"https:\/\/pot-ole.dk\/wp-content\/uploads\/2025\/08\/balconygarden_11663-1.jpg","width":1150,"height":1533},{"@type":"BreadcrumbList","@id":"https:\/\/pot-ole.dk\/sv\/balkongtraedgaard\/#breadcrumb","itemListElement":[{"@type":"ListItem","position":1,"name":"Forside","item":"https:\/\/pot-ole.dk\/sv\/fraemre\/"},{"@type":"ListItem","position":2,"name":"Balkongtr\u00e4dg\u00e5rd"}]},{"@type":"WebSite","@id":"https:\/\/pot-ole.dk\/sv\/#website","url":"https:\/\/pot-ole.dk\/sv\/","name":"W.E.T. BY POT OL\u00c9 ApS","description":"W.E.T. BY POT OL\u00c9 ApS:","publisher":{"@id":"https:\/\/pot-ole.dk\/sv\/#organization"},"potentialAction":[{"@type":"SearchAction","target":{"@type":"EntryPoint","urlTemplate":"https:\/\/pot-ole.dk\/sv\/?s={search_term_string}"},"query-input":{"@type":"PropertyValueSpecification","valueRequired":true,"valueName":"search_term_string"}}],"inLanguage":"sv-SE"},{"@type":"Organization","@id":"https:\/\/pot-ole.dk\/sv\/#organization","name":"W.E.T. BY POT OL\u00c9 ApS","url":"https:\/\/pot-ole.dk\/sv\/","logo":{"@type":"ImageObject","inLanguage":"sv-SE","@id":"https:\/\/pot-ole.dk\/sv\/#\/schema\/logo\/image\/","url":"https:\/\/pot-ole.dk\/wp-content\/uploads\/2025\/07\/logo_hvid_1360_2878.svg","contentUrl":"https:\/\/pot-ole.dk\/wp-content\/uploads\/2025\/07\/logo_hvid_1360_2878.svg","width":163,"height":66,"caption":"W.E.T. BY POT OL\u00c9 ApS"},"image":{"@id":"https:\/\/pot-ole.dk\/sv\/#\/schema\/logo\/image\/"}}]}},"_links":{"self":[{"href":"https:\/\/pot-ole.dk\/sv\/wp-json\/wp\/v2\/pages\/15859","targetHints":{"allow":["GET"]}}],"collection":[{"href":"https:\/\/pot-ole.dk\/sv\/wp-json\/wp\/v2\/pages"}],"about":[{"href":"https:\/\/pot-ole.dk\/sv\/wp-json\/wp\/v2\/types\/page"}],"author":[{"embeddable":true,"href":"https:\/\/pot-ole.dk\/sv\/wp-json\/wp\/v2\/users\/5"}],"replies":[{"embeddable":true,"href":"https:\/\/pot-ole.dk\/sv\/wp-json\/wp\/v2\/comments?post=15859"}],"version-history":[{"count":14,"href":"https:\/\/pot-ole.dk\/sv\/wp-json\/wp\/v2\/pages\/15859\/revisions"}],"predecessor-version":[{"id":20905,"href":"https:\/\/pot-ole.dk\/sv\/wp-json\/wp\/v2\/pages\/15859\/revisions\/20905"}],"wp:featuredmedia":[{"embeddable":true,"href":"https:\/\/pot-ole.dk\/sv\/wp-json\/wp\/v2\/media\/14748"}],"wp:attachment":[{"href":"https:\/\/pot-ole.dk\/sv\/wp-json\/wp\/v2\/media?parent=15859"}],"wp:term":[{"taxonomy":"category","embeddable":true,"href":"https:\/\/pot-ole.dk\/sv\/wp-json\/wp\/v2\/categories?post=15859"}],"curies":[{"name":"wp","href":"https:\/\/api.w.org\/{rel}","templated":true}]}}