{"id":16133,"date":"2025-07-22T09:26:39","date_gmt":"2025-07-22T07:26:39","guid":{"rendered":"https:\/\/pot-ole.dk\/fransk-inspirert\/"},"modified":"2026-03-23T13:44:57","modified_gmt":"2026-03-23T12:44:57","slug":"fransk-inspirert","status":"publish","type":"page","link":"https:\/\/pot-ole.dk\/no\/fransk-inspirert\/","title":{"rendered":"Fransk inspirert"},"content":{"rendered":"\t\t<div data-elementor-type=\"wp-page\" data-elementor-id=\"16133\" class=\"elementor elementor-16133 elementor-9555\" data-elementor-post-type=\"page\">\n\t\t\t\t<div class=\"elementor-element elementor-element-865fbc0 e-flex e-con-boxed e-con e-parent\" data-id=\"865fbc0\" data-element_type=\"container\" data-e-type=\"container\" data-settings=\"{&quot;background_background&quot;:&quot;classic&quot;,&quot;shape_divider_bottom&quot;:&quot;waves&quot;}\">\n\t\t\t\t\t<div class=\"e-con-inner\">\n\t\t\t\t<div class=\"elementor-shape elementor-shape-bottom\" aria-hidden=\"true\" data-negative=\"false\">\n\t\t\t<svg xmlns=\"http:\/\/www.w3.org\/2000\/svg\" viewBox=\"0 0 1000 100\" preserveAspectRatio=\"none\">\n\t<path class=\"elementor-shape-fill\" d=\"M421.9,6.5c22.6-2.5,51.5,0.4,75.5,5.3c23.6,4.9,70.9,23.5,100.5,35.7c75.8,32.2,133.7,44.5,192.6,49.7\n\tc23.6,2.1,48.7,3.5,103.4-2.5c54.7-6,106.2-25.6,106.2-25.6V0H0v30.3c0,0,72,32.6,158.4,30.5c39.2-0.7,92.8-6.7,134-22.4\n\tc21.2-8.1,52.2-18.2,79.7-24.2C399.3,7.9,411.6,7.5,421.9,6.5z\"\/>\n<\/svg>\t\t<\/div>\n\t\t<div class=\"elementor-element elementor-element-8f85ad5 e-con-full no-padding e-flex e-con e-child\" data-id=\"8f85ad5\" data-element_type=\"container\" data-e-type=\"container\">\n\t\t\t\t<div class=\"elementor-element elementor-element-613ca82 elementor-widget elementor-widget-heading\" data-id=\"613ca82\" data-element_type=\"widget\" data-e-type=\"widget\" data-widget_type=\"heading.default\">\n\t\t\t\t<div class=\"elementor-widget-container\">\n\t\t\t\t\t<h1 class=\"elementor-heading-title elementor-size-default\">Franskinspirerte krukker til alle rom<\/h1>\t\t\t\t<\/div>\n\t\t\t\t<\/div>\n\t\t\t\t<\/div>\n\t\t\t\t\t<\/div>\n\t\t\t\t<\/div>\n\t\t<div class=\"elementor-element elementor-element-9ec6327 e-flex e-con-boxed e-con e-parent\" data-id=\"9ec6327\" data-element_type=\"container\" data-e-type=\"container\" data-settings=\"{&quot;background_background&quot;:&quot;classic&quot;}\">\n\t\t\t\t\t<div class=\"e-con-inner\">\n\t\t<div class=\"elementor-element elementor-element-a8b8d29 e-con-full e-flex e-con e-child\" data-id=\"a8b8d29\" data-element_type=\"container\" data-e-type=\"container\">\n\t\t<div class=\"elementor-element elementor-element-eaa281b e-con-full e-flex e-con e-child\" data-id=\"eaa281b\" data-element_type=\"container\" data-e-type=\"container\">\n\t\t\t\t<div class=\"elementor-element elementor-element-f2987b6 elementor-widget-tablet__width-inherit elementor-widget-mobile__width-inherit elementor-widget elementor-widget-text-editor\" data-id=\"f2987b6\" data-element_type=\"widget\" data-e-type=\"widget\" data-widget_type=\"text-editor.default\">\n\t\t\t\t<div class=\"elementor-widget-container\">\n\t\t\t\t\t\t\t\t\t<p class=\"custom125 custom126\">Blomsterpotter for bedrifter<\/p>\t\t\t\t\t\t\t\t<\/div>\n\t\t\t\t<\/div>\n\t\t\t\t<div class=\"elementor-element elementor-element-614134f elementor-widget elementor-widget-text-editor\" data-id=\"614134f\" data-element_type=\"widget\" data-e-type=\"widget\" data-widget_type=\"text-editor.default\">\n\t\t\t\t<div class=\"elementor-widget-container\">\n\t\t\t\t\t\t\t\t\t<div class=\"column step-3-12 step-2-6\"><div id=\"site-container-58587\" class=\"Container Placeholder con-142 \" data-snap=\"1\"><div class=\"row\"><div class=\"column step-3-12\"><div id=\"site-container-58586\" class=\"Container ModuleElement Textarea AutoResizable con-113 \" data-snap=\"1\" data-containertype=\"Textarea\" data-moduleelement=\"20000\"><div class=\"Module-20000 Textarea\"><h2>Engroshandel med store og sm\u00e5 krukker<\/h2><p>Hos WET By Pot Ol\u00e9 selger vi s\u00f8reuropeisk-inspirerte terrakottakrukker og -potter. Gjennom v\u00e5rt langvarige samarbeid og n\u00e6re forhold til v\u00e5r leverand\u00f8r i Vietnam, kan vi skreddersy l\u00f8sninger til dine behov \u2013 b\u00e5de n\u00e5r det gjelder st\u00f8rrelser, modeller og farger. <\/p><p>Vi selger pottene v\u00e5re engros til hagesentre, blomsterbutikker, planteskoler, g\u00e5rdsbutikker og flere andre typer kommersielle kunder.<\/p><p>Vi samarbeider med bedrifter over hele landet, blant annet p\u00e5 Jylland, Sj\u00e6lland og Fyn, men mange av krukkene v\u00e5re, som er italiensk-, fransk- og greskinspirerte, selges ogs\u00e5 i Norden og mesteparten av Europa.  <\/p><h3>Innend\u00f8rs og utend\u00f8rs potter<\/h3><p>Vi selger terrakottapotter som er italiensk- og franskinspirerte, til b\u00e5de innend\u00f8rs og utend\u00f8rs bruk.<\/p><p>Pottene er frostsikre og kan derfor brukes ute hele \u00e5ret. De blir bare vakrere \u00e5r etter \u00e5r, ettersom de er laget av 100 % terrakotta og absorberer alt, noe som gir den \u00f8nskede og popul\u00e6re patinaen.   <\/p><h3>Velg mellom mange forskjellige st\u00f8rrelser og former<\/h3><p>V\u00e5re italiensk- og franskinspirerte potter kommer i en rekke st\u00f8rrelser, farger og former, noe som gir deg og kundene dine muligheten til \u00e5 ha potter som passer til ethvert behov og form\u00e5l, b\u00e5de innend\u00f8rs og utend\u00f8rs. De passer ogs\u00e5 til alle typer blomster og planter.    <\/p><\/div><\/div><\/div><\/div><\/div><\/div>\t\t\t\t\t\t\t\t<\/div>\n\t\t\t\t<\/div>\n\t\t\t\t<\/div>\n\t\t<div class=\"elementor-element elementor-element-b352324 e-con-full e-flex e-con e-child\" data-id=\"b352324\" data-element_type=\"container\" data-e-type=\"container\" data-settings=\"{&quot;background_background&quot;:&quot;classic&quot;}\">\n\t\t\t\t<\/div>\n\t\t\t\t<\/div>\n\t\t\t\t\t<\/div>\n\t\t\t\t<\/div>\n\t\t<div class=\"elementor-element elementor-element-6731456 e-flex e-con-boxed e-con e-parent\" data-id=\"6731456\" data-element_type=\"container\" data-e-type=\"container\" data-settings=\"{&quot;background_background&quot;:&quot;classic&quot;}\">\n\t\t\t\t\t<div class=\"e-con-inner\">\n\t\t<div class=\"elementor-element elementor-element-7a4db39 e-con-full e-flex e-con e-child\" data-id=\"7a4db39\" data-element_type=\"container\" data-e-type=\"container\">\n\t\t\t\t<div class=\"elementor-element elementor-element-bff81f4 elementor-widget-tablet__width-inherit elementor-widget-mobile__width-inherit elementor-widget elementor-widget-text-editor\" data-id=\"bff81f4\" data-element_type=\"widget\" data-e-type=\"widget\" data-widget_type=\"text-editor.default\">\n\t\t\t\t<div class=\"elementor-widget-container\">\n\t\t\t\t\t\t\t\t\t<p class=\"custom125 custom126\">Blomsterpotter for bedrifter<\/p>\t\t\t\t\t\t\t\t<\/div>\n\t\t\t\t<\/div>\n\t\t\t\t<div class=\"elementor-element elementor-element-3b0b55f elementor-widget elementor-widget-text-editor\" data-id=\"3b0b55f\" data-element_type=\"widget\" data-e-type=\"widget\" data-widget_type=\"text-editor.default\">\n\t\t\t\t<div class=\"elementor-widget-container\">\n\t\t\t\t\t\t\t\t\t<h2>V\u00e5re italiensk-, fransk- og greskinspirerte krukker er en tidl\u00f8s klassiker<\/h2><p>V\u00e5re krukker er en tidl\u00f8s klassiker som aldri g\u00e5r av moten. Krukkene har et romantisk, rustikt og naturlig utseende som passer inn i ethvert milj\u00f8. <\/p><p>I tillegg er alle pottene h\u00e5nddreide, unike og antikke. De vil pynte opp, enten de brukes ute i hagen, inne i hjemmet eller butikken eller et annet sted. Vi selger ogs\u00e5 v\u00e5re sv\u00e6rt popul\u00e6re sm\u00e5 terrakottapotter fra \u00d86 cm til \u00d832 cm.    <\/p><h3>Kontakt oss for mer informasjon om v\u00e5rt sortiment og priser.<\/h3><p>Du er velkommen til \u00e5 kontakte oss ved \u00e5 fylle ut <a href=\"https:\/\/pot-ole.dk\/no\/kontakt\/\">kontaktskjemaet<\/a> v\u00e5rt. Hvis du har en prisforesp\u00f8rsel, eller \u00f8nsker \u00e5 f\u00e5 mer informasjon om v\u00e5rt utvalg av vakre og rustikke krukker, vil vi svare p\u00e5 foresp\u00f8rselen din s\u00e5 raskt som mulig.<\/p>\t\t\t\t\t\t\t\t<\/div>\n\t\t\t\t<\/div>\n\t\t\t\t<\/div>\n\t\t<div class=\"elementor-element elementor-element-3fd02d7 e-con-full e-flex e-con e-child\" data-id=\"3fd02d7\" data-element_type=\"container\" data-e-type=\"container\" data-settings=\"{&quot;background_background&quot;:&quot;classic&quot;}\">\n\t\t\t\t<\/div>\n\t\t\t\t\t<\/div>\n\t\t\t\t<\/div>\n\t\t\t\t<\/div>\n\t\t","protected":false},"excerpt":{"rendered":"<p>Franskinspirerte krukker til alle rom Blomsterpotter for bedrifter Engroshandel med store og sm\u00e5 krukker Hos WET By Pot Ol\u00e9 selger vi s\u00f8reuropeisk-inspirerte terrakottakrukker og -potter. Gjennom v\u00e5rt langvarige samarbeid og n\u00e6re forhold til v\u00e5r leverand\u00f8r i Vietnam, kan vi skreddersy l\u00f8sninger til dine behov \u2013 b\u00e5de n\u00e5r det gjelder st\u00f8rrelser, modeller og farger. Vi selger &#8230; <a title=\"Fransk inspirert\" class=\"read-more\" href=\"https:\/\/pot-ole.dk\/no\/fransk-inspirert\/\" aria-label=\"Read more about Fransk inspirert\">Les mer<\/a><\/p>\n","protected":false},"author":5,"featured_media":0,"parent":0,"menu_order":1013,"comment_status":"closed","ping_status":"closed","template":"","meta":{"_acf_changed":false,"footnotes":""},"categories":[],"class_list":["post-16133","page","type-page","status-publish"],"acf":[],"yoast_head":"<!-- This site is optimized with the Yoast SEO plugin v27.4 - https:\/\/yoast.com\/product\/yoast-seo-wordpress\/ -->\n<title>Italienskinspirerte krukker solgt i hele Norden<\/title>\n<meta name=\"description\" content=\"Vi selger italienskinspirerte potter til hagen, eller handle i hele Norden. Les mer p\u00e5 nettsiden v\u00e5r og se utvalget.\" \/>\n<meta name=\"robots\" content=\"index, follow, max-snippet:-1, max-image-preview:large, max-video-preview:-1\" \/>\n<link rel=\"canonical\" href=\"https:\/\/pot-ole.dk\/no\/fransk-inspirert\/\" \/>\n<meta property=\"og:locale\" content=\"nb_NO\" \/>\n<meta property=\"og:type\" content=\"article\" \/>\n<meta property=\"og:title\" content=\"Italienskinspirerte krukker solgt i hele Norden\" \/>\n<meta property=\"og:description\" content=\"Vi selger italienskinspirerte potter til hagen, eller handle i hele Norden. Les mer p\u00e5 nettsiden v\u00e5r og se utvalget.\" \/>\n<meta property=\"og:url\" content=\"https:\/\/pot-ole.dk\/no\/fransk-inspirert\/\" \/>\n<meta property=\"og:site_name\" content=\"W.E.T. BY POT OL\u00c9 ApS\" \/>\n<meta property=\"article:modified_time\" content=\"2026-03-23T12:44:57+00:00\" \/>\n<meta name=\"twitter:card\" content=\"summary_large_image\" \/>\n<meta name=\"twitter:label1\" content=\"Ansl. lesetid\" \/>\n\t<meta name=\"twitter:data1\" content=\"2 minutter\" \/>\n<script type=\"application\/ld+json\" class=\"yoast-schema-graph\">{\"@context\":\"https:\\\/\\\/schema.org\",\"@graph\":[{\"@type\":\"WebPage\",\"@id\":\"https:\\\/\\\/pot-ole.dk\\\/no\\\/fransk-inspirert\\\/\",\"url\":\"https:\\\/\\\/pot-ole.dk\\\/no\\\/fransk-inspirert\\\/\",\"name\":\"Italienskinspirerte krukker solgt i hele Norden\",\"isPartOf\":{\"@id\":\"https:\\\/\\\/pot-ole.dk\\\/no\\\/#website\"},\"datePublished\":\"2025-07-22T07:26:39+00:00\",\"dateModified\":\"2026-03-23T12:44:57+00:00\",\"description\":\"Vi selger italienskinspirerte potter til hagen, eller handle i hele Norden. Les mer p\u00e5 nettsiden v\u00e5r og se utvalget.\",\"breadcrumb\":{\"@id\":\"https:\\\/\\\/pot-ole.dk\\\/no\\\/fransk-inspirert\\\/#breadcrumb\"},\"inLanguage\":\"nb-NO\",\"potentialAction\":[{\"@type\":\"ReadAction\",\"target\":[\"https:\\\/\\\/pot-ole.dk\\\/no\\\/fransk-inspirert\\\/\"]}]},{\"@type\":\"BreadcrumbList\",\"@id\":\"https:\\\/\\\/pot-ole.dk\\\/no\\\/fransk-inspirert\\\/#breadcrumb\",\"itemListElement\":[{\"@type\":\"ListItem\",\"position\":1,\"name\":\"Forside\",\"item\":\"https:\\\/\\\/pot-ole.dk\\\/no\\\/front\\\/\"},{\"@type\":\"ListItem\",\"position\":2,\"name\":\"Fransk inspirert\"}]},{\"@type\":\"WebSite\",\"@id\":\"https:\\\/\\\/pot-ole.dk\\\/no\\\/#website\",\"url\":\"https:\\\/\\\/pot-ole.dk\\\/no\\\/\",\"name\":\"W.E.T. BY POT OL\u00c9 ApS\",\"description\":\"W.E.T. BY POT OL\u00c9 ApS:\",\"publisher\":{\"@id\":\"https:\\\/\\\/pot-ole.dk\\\/no\\\/#organization\"},\"potentialAction\":[{\"@type\":\"SearchAction\",\"target\":{\"@type\":\"EntryPoint\",\"urlTemplate\":\"https:\\\/\\\/pot-ole.dk\\\/no\\\/?s={search_term_string}\"},\"query-input\":{\"@type\":\"PropertyValueSpecification\",\"valueRequired\":true,\"valueName\":\"search_term_string\"}}],\"inLanguage\":\"nb-NO\"},{\"@type\":\"Organization\",\"@id\":\"https:\\\/\\\/pot-ole.dk\\\/no\\\/#organization\",\"name\":\"W.E.T. BY POT OL\u00c9 ApS\",\"url\":\"https:\\\/\\\/pot-ole.dk\\\/no\\\/\",\"logo\":{\"@type\":\"ImageObject\",\"inLanguage\":\"nb-NO\",\"@id\":\"https:\\\/\\\/pot-ole.dk\\\/no\\\/#\\\/schema\\\/logo\\\/image\\\/\",\"url\":\"https:\\\/\\\/pot-ole.dk\\\/wp-content\\\/uploads\\\/2025\\\/07\\\/logo_hvid_1360_2878.svg\",\"contentUrl\":\"https:\\\/\\\/pot-ole.dk\\\/wp-content\\\/uploads\\\/2025\\\/07\\\/logo_hvid_1360_2878.svg\",\"width\":163,\"height\":66,\"caption\":\"W.E.T. BY POT OL\u00c9 ApS\"},\"image\":{\"@id\":\"https:\\\/\\\/pot-ole.dk\\\/no\\\/#\\\/schema\\\/logo\\\/image\\\/\"}}]}<\/script>\n<!-- \/ Yoast SEO plugin. -->","yoast_head_json":{"title":"Italienskinspirerte krukker solgt i hele Norden","description":"Vi selger italienskinspirerte potter til hagen, eller handle i hele Norden. Les mer p\u00e5 nettsiden v\u00e5r og se utvalget.","robots":{"index":"index","follow":"follow","max-snippet":"max-snippet:-1","max-image-preview":"max-image-preview:large","max-video-preview":"max-video-preview:-1"},"canonical":"https:\/\/pot-ole.dk\/no\/fransk-inspirert\/","og_locale":"nb_NO","og_type":"article","og_title":"Italienskinspirerte krukker solgt i hele Norden","og_description":"Vi selger italienskinspirerte potter til hagen, eller handle i hele Norden. Les mer p\u00e5 nettsiden v\u00e5r og se utvalget.","og_url":"https:\/\/pot-ole.dk\/no\/fransk-inspirert\/","og_site_name":"W.E.T. BY POT OL\u00c9 ApS","article_modified_time":"2026-03-23T12:44:57+00:00","twitter_card":"summary_large_image","twitter_misc":{"Ansl. lesetid":"2 minutter"},"schema":{"@context":"https:\/\/schema.org","@graph":[{"@type":"WebPage","@id":"https:\/\/pot-ole.dk\/no\/fransk-inspirert\/","url":"https:\/\/pot-ole.dk\/no\/fransk-inspirert\/","name":"Italienskinspirerte krukker solgt i hele Norden","isPartOf":{"@id":"https:\/\/pot-ole.dk\/no\/#website"},"datePublished":"2025-07-22T07:26:39+00:00","dateModified":"2026-03-23T12:44:57+00:00","description":"Vi selger italienskinspirerte potter til hagen, eller handle i hele Norden. Les mer p\u00e5 nettsiden v\u00e5r og se utvalget.","breadcrumb":{"@id":"https:\/\/pot-ole.dk\/no\/fransk-inspirert\/#breadcrumb"},"inLanguage":"nb-NO","potentialAction":[{"@type":"ReadAction","target":["https:\/\/pot-ole.dk\/no\/fransk-inspirert\/"]}]},{"@type":"BreadcrumbList","@id":"https:\/\/pot-ole.dk\/no\/fransk-inspirert\/#breadcrumb","itemListElement":[{"@type":"ListItem","position":1,"name":"Forside","item":"https:\/\/pot-ole.dk\/no\/front\/"},{"@type":"ListItem","position":2,"name":"Fransk inspirert"}]},{"@type":"WebSite","@id":"https:\/\/pot-ole.dk\/no\/#website","url":"https:\/\/pot-ole.dk\/no\/","name":"W.E.T. BY POT OL\u00c9 ApS","description":"W.E.T. BY POT OL\u00c9 ApS:","publisher":{"@id":"https:\/\/pot-ole.dk\/no\/#organization"},"potentialAction":[{"@type":"SearchAction","target":{"@type":"EntryPoint","urlTemplate":"https:\/\/pot-ole.dk\/no\/?s={search_term_string}"},"query-input":{"@type":"PropertyValueSpecification","valueRequired":true,"valueName":"search_term_string"}}],"inLanguage":"nb-NO"},{"@type":"Organization","@id":"https:\/\/pot-ole.dk\/no\/#organization","name":"W.E.T. BY POT OL\u00c9 ApS","url":"https:\/\/pot-ole.dk\/no\/","logo":{"@type":"ImageObject","inLanguage":"nb-NO","@id":"https:\/\/pot-ole.dk\/no\/#\/schema\/logo\/image\/","url":"https:\/\/pot-ole.dk\/wp-content\/uploads\/2025\/07\/logo_hvid_1360_2878.svg","contentUrl":"https:\/\/pot-ole.dk\/wp-content\/uploads\/2025\/07\/logo_hvid_1360_2878.svg","width":163,"height":66,"caption":"W.E.T. BY POT OL\u00c9 ApS"},"image":{"@id":"https:\/\/pot-ole.dk\/no\/#\/schema\/logo\/image\/"}}]}},"_links":{"self":[{"href":"https:\/\/pot-ole.dk\/no\/wp-json\/wp\/v2\/pages\/16133","targetHints":{"allow":["GET"]}}],"collection":[{"href":"https:\/\/pot-ole.dk\/no\/wp-json\/wp\/v2\/pages"}],"about":[{"href":"https:\/\/pot-ole.dk\/no\/wp-json\/wp\/v2\/types\/page"}],"author":[{"embeddable":true,"href":"https:\/\/pot-ole.dk\/no\/wp-json\/wp\/v2\/users\/5"}],"replies":[{"embeddable":true,"href":"https:\/\/pot-ole.dk\/no\/wp-json\/wp\/v2\/comments?post=16133"}],"version-history":[{"count":6,"href":"https:\/\/pot-ole.dk\/no\/wp-json\/wp\/v2\/pages\/16133\/revisions"}],"predecessor-version":[{"id":21496,"href":"https:\/\/pot-ole.dk\/no\/wp-json\/wp\/v2\/pages\/16133\/revisions\/21496"}],"wp:attachment":[{"href":"https:\/\/pot-ole.dk\/no\/wp-json\/wp\/v2\/media?parent=16133"}],"wp:term":[{"taxonomy":"category","embeddable":true,"href":"https:\/\/pot-ole.dk\/no\/wp-json\/wp\/v2\/categories?post=16133"}],"curies":[{"name":"wp","href":"https:\/\/api.w.org\/{rel}","templated":true}]}}