{"id":16019,"date":"2025-07-22T09:26:40","date_gmt":"2025-07-22T07:26:40","guid":{"rendered":"https:\/\/pot-ole.dk\/plantebrett\/"},"modified":"2026-03-20T09:43:39","modified_gmt":"2026-03-20T08:43:39","slug":"plantebrett","status":"publish","type":"page","link":"https:\/\/pot-ole.dk\/no\/plantebrett\/","title":{"rendered":"Plantebrett"},"content":{"rendered":"\t\t<div data-elementor-type=\"wp-page\" data-elementor-id=\"16019\" class=\"elementor elementor-16019 elementor-9575\" data-elementor-post-type=\"page\">\n\t\t\t\t<div class=\"elementor-element elementor-element-4387021 e-flex e-con-boxed e-con e-parent\" data-id=\"4387021\" data-element_type=\"container\" data-e-type=\"container\" data-settings=\"{&quot;background_background&quot;:&quot;classic&quot;,&quot;shape_divider_bottom&quot;:&quot;waves&quot;}\">\n\t\t\t\t\t<div class=\"e-con-inner\">\n\t\t\t\t<div class=\"elementor-shape elementor-shape-bottom\" aria-hidden=\"true\" data-negative=\"false\">\n\t\t\t<svg xmlns=\"http:\/\/www.w3.org\/2000\/svg\" viewBox=\"0 0 1000 100\" preserveAspectRatio=\"none\">\n\t<path class=\"elementor-shape-fill\" d=\"M421.9,6.5c22.6-2.5,51.5,0.4,75.5,5.3c23.6,4.9,70.9,23.5,100.5,35.7c75.8,32.2,133.7,44.5,192.6,49.7\n\tc23.6,2.1,48.7,3.5,103.4-2.5c54.7-6,106.2-25.6,106.2-25.6V0H0v30.3c0,0,72,32.6,158.4,30.5c39.2-0.7,92.8-6.7,134-22.4\n\tc21.2-8.1,52.2-18.2,79.7-24.2C399.3,7.9,411.6,7.5,421.9,6.5z\"\/>\n<\/svg>\t\t<\/div>\n\t\t<div class=\"elementor-element elementor-element-76e950c e-con-full no-padding e-flex e-con e-child\" data-id=\"76e950c\" data-element_type=\"container\" data-e-type=\"container\">\n\t\t\t\t<div class=\"elementor-element elementor-element-26f3ed4 elementor-widget elementor-widget-heading\" data-id=\"26f3ed4\" data-element_type=\"widget\" data-e-type=\"widget\" data-widget_type=\"heading.default\">\n\t\t\t\t<div class=\"elementor-widget-container\">\n\t\t\t\t\t<h1 class=\"elementor-heading-title elementor-size-default\">Plantebrett til salgs engros<\/h1>\t\t\t\t<\/div>\n\t\t\t\t<\/div>\n\t\t\t\t<\/div>\n\t\t\t\t\t<\/div>\n\t\t\t\t<\/div>\n\t\t<div class=\"elementor-element elementor-element-72be810 e-flex e-con-boxed e-con e-parent\" data-id=\"72be810\" data-element_type=\"container\" data-e-type=\"container\">\n\t\t\t\t\t<div class=\"e-con-inner\">\n\t\t<div class=\"elementor-element elementor-element-74c3b4c e-con-full e-flex elementor-invisible e-con e-child\" data-id=\"74c3b4c\" data-element_type=\"container\" data-e-type=\"container\" data-settings=\"{&quot;animation&quot;:&quot;fadeIn&quot;,&quot;animation_delay&quot;:50}\">\n\t\t<div class=\"elementor-element elementor-element-a80bdb5 e-con-full e-flex e-con e-child\" data-id=\"a80bdb5\" data-element_type=\"container\" data-e-type=\"container\">\n\t\t\t\t<div class=\"elementor-element elementor-element-e3dfbc7 elementor-headline--style-highlight elementor-widget elementor-widget-animated-headline\" data-id=\"e3dfbc7\" data-element_type=\"widget\" data-e-type=\"widget\" data-settings=\"{&quot;marker&quot;:&quot;underline&quot;,&quot;highlighted_text&quot;:&quot;Pot Ol\\u00e9&quot;,&quot;headline_style&quot;:&quot;highlight&quot;,&quot;loop&quot;:&quot;yes&quot;,&quot;highlight_animation_duration&quot;:1200,&quot;highlight_iteration_delay&quot;:8000}\" data-widget_type=\"animated-headline.default\">\n\t\t\t\t<div class=\"elementor-widget-container\">\n\t\t\t\t\t\t\t<p class=\"elementor-headline\">\n\t\t\t\t<span class=\"elementor-headline-dynamic-wrapper elementor-headline-text-wrapper\">\n\t\t\t\t\t<span class=\"elementor-headline-dynamic-text elementor-headline-text-active\">Pot Ol\u00e9<\/span>\n\t\t\t\t<\/span>\n\t\t\t\t\t<span class=\"elementor-headline-plain-text elementor-headline-text-wrapper\">er en leder innen unike og antikke potter<\/span>\n\t\t\t\t\t<\/p>\n\t\t\t\t\t\t<\/div>\n\t\t\t\t<\/div>\n\t\t\t\t<div class=\"elementor-element elementor-element-fa99996 elementor-widget elementor-widget-text-editor\" data-id=\"fa99996\" data-element_type=\"widget\" data-e-type=\"widget\" data-widget_type=\"text-editor.default\">\n\t\t\t\t<div class=\"elementor-widget-container\">\n\t\t\t\t\t\t\t\t\t<h2>Salg av sinkplantebrett<\/h2><p>Hos WET By Pot Ol\u00e9 ApS selger vi <a href=\"https:\/\/pot-ole.dk\/no\/\">blomsterpotter,<\/a> men ogs\u00e5 et bredt utvalg av plantebrett i sink til mange forskjellige form\u00e5l. Kundene v\u00e5re er vanligvis planteskoler og hagesentre. De befinner seg blant annet p\u00e5 Fyn, Sj\u00e6lland eller Jylland \u2013 vi selger produktene v\u00e5re til bedriftskunder over hele landet og resten av Skandinavia og Europa.  <\/p><h2>Vi har plantebrett i mange forskjellige st\u00f8rrelser, former og farger.<\/h2><p class=\"\">V\u00e5re plantebrett er laget av sink og er ekstremt sjarmerende, men ogs\u00e5 veldig praktiske. De kan brukes til mange forskjellige blomsterdekorasjoner, ettersom de kommer i flere forskjellige st\u00f8rrelser og farger. For eksempel er de tilgjengelige i den tradisjonelle sinkfargen s\u00f8lv samt i svart. I tillegg kommer de ogs\u00e5 med b\u00e5de h\u00f8y og lav kant.   <\/p>\t\t\t\t\t\t\t\t<\/div>\n\t\t\t\t<\/div>\n\t\t\t\t<\/div>\n\t\t<div class=\"elementor-element elementor-element-73361cd e-con-full e-flex e-con e-child\" data-id=\"73361cd\" data-element_type=\"container\" data-e-type=\"container\" data-settings=\"{&quot;background_background&quot;:&quot;classic&quot;}\">\n\t\t\t\t<\/div>\n\t\t\t\t<\/div>\n\t\t\t\t\t<\/div>\n\t\t\t\t<\/div>\n\t\t<div class=\"elementor-element elementor-element-e133ae8 e-flex e-con-boxed elementor-invisible e-con e-parent\" data-id=\"e133ae8\" data-element_type=\"container\" data-e-type=\"container\" data-settings=\"{&quot;background_background&quot;:&quot;classic&quot;,&quot;animation&quot;:&quot;fadeIn&quot;}\">\n\t\t\t\t\t<div class=\"e-con-inner\">\n\t\t<div class=\"elementor-element elementor-element-b1e69cb e-con-full e-flex e-con e-child\" data-id=\"b1e69cb\" data-element_type=\"container\" data-e-type=\"container\">\n\t\t\t\t<div class=\"elementor-element elementor-element-a4661fe elementor-headline--style-highlight elementor-widget elementor-widget-animated-headline\" data-id=\"a4661fe\" data-element_type=\"widget\" data-e-type=\"widget\" data-settings=\"{&quot;marker&quot;:&quot;underline&quot;,&quot;highlighted_text&quot;:&quot;Familieeid  &quot;,&quot;headline_style&quot;:&quot;highlight&quot;,&quot;loop&quot;:&quot;yes&quot;,&quot;highlight_animation_duration&quot;:1200,&quot;highlight_iteration_delay&quot;:8000}\" data-widget_type=\"animated-headline.default\">\n\t\t\t\t<div class=\"elementor-widget-container\">\n\t\t\t\t\t\t\t<p class=\"elementor-headline\">\n\t\t\t\t<span class=\"elementor-headline-dynamic-wrapper elementor-headline-text-wrapper\">\n\t\t\t\t\t<span class=\"elementor-headline-dynamic-text elementor-headline-text-active\">Familieeid  <\/span>\n\t\t\t\t<\/span>\n\t\t\t\t\t<span class=\"elementor-headline-plain-text elementor-headline-text-wrapper\">selskap siden 1986<\/span>\n\t\t\t\t\t<\/p>\n\t\t\t\t\t\t<\/div>\n\t\t\t\t<\/div>\n\t\t\t\t<div class=\"elementor-element elementor-element-ebd203f elementor-widget elementor-widget-text-editor\" data-id=\"ebd203f\" data-element_type=\"widget\" data-e-type=\"widget\" data-widget_type=\"text-editor.default\">\n\t\t\t\t<div class=\"elementor-widget-container\">\n\t\t\t\t\t\t\t\t\t<h2>Gj\u00f8r blomsterutstillingen din vakker og enkel \u00e5 vanne<\/h2><p>V\u00e5re plantebrett i sink er sv\u00e6rt slitesterke og gjenbrukbare, og kan brukes b\u00e5de innend\u00f8rs og utend\u00f8rs. Uansett hvor de brukes, kan du v\u00e6re sikker p\u00e5 at de vil gj\u00f8re enhver butikks blomsterdekorasjon b\u00e5de vakker og presentabel, og enkel \u00e5 vanne.  <\/p><p>Du finner en oversikt over v\u00e5rt sortiment ved \u00e5 klikke <a class=\"custom7\" title=\"Les mer\" href=\"https:\/\/pot-ole.dk\/no\/vanningsbrett\/\">her<\/a> .  <\/p><h2>Vi har solgt krukker, potter og brett siden 1986<\/h2><p class=\"\">WET By Pot Ol\u00e9 ApS er en familiebedrift som har solgt utend\u00f8rspotter og -kasser samt <a title=\"Les mer om v\u00e5re vanningsbrett her!\" href=\"https:\/\/pot-ole.dk\/no\/plantebrett\/\"><strong>vannbrett<\/strong><\/a> og -kasser til kunder i hele Norden og mesteparten av Europa de siste fire ti\u00e5rene. Alle produktene v\u00e5re er av h\u00f8yeste kvalitet. Vi har ogs\u00e5 et stort utvalg av de popul\u00e6re franskinspirerte og vietnamesiske <a href=\"https:\/\/pot-ole.dk\/no\/store-krukker\/\">terrakottapottene<\/a> .<\/p><h2 class=\"\">Kontakt oss med din prisforesp\u00f8rsel<\/h2><p class=\"\">Du er velkommen til \u00e5 <a href=\"https:\/\/pot-ole.dk\/no\/kontakt\/\">kontakte oss<\/a> hvis du har en prisforesp\u00f8rsel p\u00e5 v\u00e5re plantebrett i sink eller v\u00e5re andre produkter.  <\/p>\t\t\t\t\t\t\t\t<\/div>\n\t\t\t\t<\/div>\n\t\t\t\t<div class=\"elementor-element elementor-element-c513c91 elementor-widget-divider--view-line elementor-widget elementor-widget-divider\" data-id=\"c513c91\" data-element_type=\"widget\" data-e-type=\"widget\" data-widget_type=\"divider.default\">\n\t\t\t\t<div class=\"elementor-widget-container\">\n\t\t\t\t\t\t\t<div class=\"elementor-divider\">\n\t\t\t<span class=\"elementor-divider-separator\">\n\t\t\t\t\t\t<\/span>\n\t\t<\/div>\n\t\t\t\t\t\t<\/div>\n\t\t\t\t<\/div>\n\t\t\t\t<\/div>\n\t\t<div class=\"elementor-element elementor-element-34a6fae e-con-full e-flex elementor-invisible e-con e-child\" data-id=\"34a6fae\" data-element_type=\"container\" data-e-type=\"container\" data-settings=\"{&quot;background_background&quot;:&quot;classic&quot;,&quot;animation&quot;:&quot;fadeIn&quot;}\">\n\t\t\t\t<\/div>\n\t\t\t\t\t<\/div>\n\t\t\t\t<\/div>\n\t\t\t\t<\/div>\n\t\t","protected":false},"excerpt":{"rendered":"<p>Plantebrett til salgs engros Pot Ol\u00e9 er en leder innen unike og antikke potter Salg av sinkplantebrett Hos WET By Pot Ol\u00e9 ApS selger vi blomsterpotter, men ogs\u00e5 et bredt utvalg av plantebrett i sink til mange forskjellige form\u00e5l. Kundene v\u00e5re er vanligvis planteskoler og hagesentre. De befinner seg blant annet p\u00e5 Fyn, Sj\u00e6lland eller &#8230; <a title=\"Plantebrett\" class=\"read-more\" href=\"https:\/\/pot-ole.dk\/no\/plantebrett\/\" aria-label=\"Read more about Plantebrett\">Les mer<\/a><\/p>\n","protected":false},"author":5,"featured_media":14671,"parent":0,"menu_order":1033,"comment_status":"closed","ping_status":"closed","template":"","meta":{"_acf_changed":false,"footnotes":""},"categories":[],"class_list":["post-16019","page","type-page","status-publish","has-post-thumbnail"],"acf":[],"yoast_head":"<!-- This site is optimized with the Yoast SEO plugin v27.4 - https:\/\/yoast.com\/product\/yoast-seo-wordpress\/ -->\n<title>Plantebrett \u2013 kunder p\u00e5 Sj\u00e6lland, Fyn og Jylland | Les mer!<\/title>\n<meta name=\"description\" content=\"Kj\u00f8p plantebrett fra oss \u2013 vi selger til kunder p\u00e5 Sj\u00e6lland, Fyn og Jylland | Kvalitet for hagebruk og hagearbeid | Kontakt oss i dag!\" \/>\n<meta name=\"robots\" content=\"index, follow, max-snippet:-1, max-image-preview:large, max-video-preview:-1\" \/>\n<link rel=\"canonical\" href=\"https:\/\/pot-ole.dk\/no\/plantebrett\/\" \/>\n<meta property=\"og:locale\" content=\"nb_NO\" \/>\n<meta property=\"og:type\" content=\"article\" \/>\n<meta property=\"og:title\" content=\"Plantebrett \u2013 kunder p\u00e5 Sj\u00e6lland, Fyn og Jylland | Les mer!\" \/>\n<meta property=\"og:description\" content=\"Kj\u00f8p plantebrett fra oss \u2013 vi selger til kunder p\u00e5 Sj\u00e6lland, Fyn og Jylland | Kvalitet for hagebruk og hagearbeid | Kontakt oss i dag!\" \/>\n<meta property=\"og:url\" content=\"https:\/\/pot-ole.dk\/no\/plantebrett\/\" \/>\n<meta property=\"og:site_name\" content=\"W.E.T. BY POT OL\u00c9 ApS\" \/>\n<meta property=\"article:modified_time\" content=\"2026-03-20T08:43:39+00:00\" \/>\n<meta property=\"og:image\" content=\"https:\/\/pot-ole.dk\/wp-content\/uploads\/2025\/08\/wet_pic_ny1_5043-1.png\" \/>\n\t<meta property=\"og:image:width\" content=\"570\" \/>\n\t<meta property=\"og:image:height\" content=\"500\" \/>\n\t<meta property=\"og:image:type\" content=\"image\/png\" \/>\n<meta name=\"twitter:card\" content=\"summary_large_image\" \/>\n<meta name=\"twitter:label1\" content=\"Ansl. lesetid\" \/>\n\t<meta name=\"twitter:data1\" content=\"2 minutter\" \/>\n<script type=\"application\/ld+json\" class=\"yoast-schema-graph\">{\"@context\":\"https:\\\/\\\/schema.org\",\"@graph\":[{\"@type\":\"WebPage\",\"@id\":\"https:\\\/\\\/pot-ole.dk\\\/no\\\/plantebrett\\\/\",\"url\":\"https:\\\/\\\/pot-ole.dk\\\/no\\\/plantebrett\\\/\",\"name\":\"Plantebrett \u2013 kunder p\u00e5 Sj\u00e6lland, Fyn og Jylland | Les mer!\",\"isPartOf\":{\"@id\":\"https:\\\/\\\/pot-ole.dk\\\/no\\\/#website\"},\"primaryImageOfPage\":{\"@id\":\"https:\\\/\\\/pot-ole.dk\\\/no\\\/plantebrett\\\/#primaryimage\"},\"image\":{\"@id\":\"https:\\\/\\\/pot-ole.dk\\\/no\\\/plantebrett\\\/#primaryimage\"},\"thumbnailUrl\":\"https:\\\/\\\/pot-ole.dk\\\/wp-content\\\/uploads\\\/2025\\\/08\\\/wet_pic_ny1_5043-1.png\",\"datePublished\":\"2025-07-22T07:26:40+00:00\",\"dateModified\":\"2026-03-20T08:43:39+00:00\",\"description\":\"Kj\u00f8p plantebrett fra oss \u2013 vi selger til kunder p\u00e5 Sj\u00e6lland, Fyn og Jylland | Kvalitet for hagebruk og hagearbeid | Kontakt oss i dag!\",\"breadcrumb\":{\"@id\":\"https:\\\/\\\/pot-ole.dk\\\/no\\\/plantebrett\\\/#breadcrumb\"},\"inLanguage\":\"nb-NO\",\"potentialAction\":[{\"@type\":\"ReadAction\",\"target\":[\"https:\\\/\\\/pot-ole.dk\\\/no\\\/plantebrett\\\/\"]}]},{\"@type\":\"ImageObject\",\"inLanguage\":\"nb-NO\",\"@id\":\"https:\\\/\\\/pot-ole.dk\\\/no\\\/plantebrett\\\/#primaryimage\",\"url\":\"https:\\\/\\\/pot-ole.dk\\\/wp-content\\\/uploads\\\/2025\\\/08\\\/wet_pic_ny1_5043-1.png\",\"contentUrl\":\"https:\\\/\\\/pot-ole.dk\\\/wp-content\\\/uploads\\\/2025\\\/08\\\/wet_pic_ny1_5043-1.png\",\"width\":570,\"height\":500},{\"@type\":\"BreadcrumbList\",\"@id\":\"https:\\\/\\\/pot-ole.dk\\\/no\\\/plantebrett\\\/#breadcrumb\",\"itemListElement\":[{\"@type\":\"ListItem\",\"position\":1,\"name\":\"Forside\",\"item\":\"https:\\\/\\\/pot-ole.dk\\\/no\\\/front\\\/\"},{\"@type\":\"ListItem\",\"position\":2,\"name\":\"Plantebrett\"}]},{\"@type\":\"WebSite\",\"@id\":\"https:\\\/\\\/pot-ole.dk\\\/no\\\/#website\",\"url\":\"https:\\\/\\\/pot-ole.dk\\\/no\\\/\",\"name\":\"W.E.T. BY POT OL\u00c9 ApS\",\"description\":\"W.E.T. BY POT OL\u00c9 ApS:\",\"publisher\":{\"@id\":\"https:\\\/\\\/pot-ole.dk\\\/no\\\/#organization\"},\"potentialAction\":[{\"@type\":\"SearchAction\",\"target\":{\"@type\":\"EntryPoint\",\"urlTemplate\":\"https:\\\/\\\/pot-ole.dk\\\/no\\\/?s={search_term_string}\"},\"query-input\":{\"@type\":\"PropertyValueSpecification\",\"valueRequired\":true,\"valueName\":\"search_term_string\"}}],\"inLanguage\":\"nb-NO\"},{\"@type\":\"Organization\",\"@id\":\"https:\\\/\\\/pot-ole.dk\\\/no\\\/#organization\",\"name\":\"W.E.T. BY POT OL\u00c9 ApS\",\"url\":\"https:\\\/\\\/pot-ole.dk\\\/no\\\/\",\"logo\":{\"@type\":\"ImageObject\",\"inLanguage\":\"nb-NO\",\"@id\":\"https:\\\/\\\/pot-ole.dk\\\/no\\\/#\\\/schema\\\/logo\\\/image\\\/\",\"url\":\"https:\\\/\\\/pot-ole.dk\\\/wp-content\\\/uploads\\\/2025\\\/07\\\/logo_hvid_1360_2878.svg\",\"contentUrl\":\"https:\\\/\\\/pot-ole.dk\\\/wp-content\\\/uploads\\\/2025\\\/07\\\/logo_hvid_1360_2878.svg\",\"width\":163,\"height\":66,\"caption\":\"W.E.T. BY POT OL\u00c9 ApS\"},\"image\":{\"@id\":\"https:\\\/\\\/pot-ole.dk\\\/no\\\/#\\\/schema\\\/logo\\\/image\\\/\"}}]}<\/script>\n<!-- \/ Yoast SEO plugin. -->","yoast_head_json":{"title":"Plantebrett \u2013 kunder p\u00e5 Sj\u00e6lland, Fyn og Jylland | Les mer!","description":"Kj\u00f8p plantebrett fra oss \u2013 vi selger til kunder p\u00e5 Sj\u00e6lland, Fyn og Jylland | Kvalitet for hagebruk og hagearbeid | Kontakt oss i dag!","robots":{"index":"index","follow":"follow","max-snippet":"max-snippet:-1","max-image-preview":"max-image-preview:large","max-video-preview":"max-video-preview:-1"},"canonical":"https:\/\/pot-ole.dk\/no\/plantebrett\/","og_locale":"nb_NO","og_type":"article","og_title":"Plantebrett \u2013 kunder p\u00e5 Sj\u00e6lland, Fyn og Jylland | Les mer!","og_description":"Kj\u00f8p plantebrett fra oss \u2013 vi selger til kunder p\u00e5 Sj\u00e6lland, Fyn og Jylland | Kvalitet for hagebruk og hagearbeid | Kontakt oss i dag!","og_url":"https:\/\/pot-ole.dk\/no\/plantebrett\/","og_site_name":"W.E.T. BY POT OL\u00c9 ApS","article_modified_time":"2026-03-20T08:43:39+00:00","og_image":[{"width":570,"height":500,"url":"https:\/\/pot-ole.dk\/wp-content\/uploads\/2025\/08\/wet_pic_ny1_5043-1.png","type":"image\/png"}],"twitter_card":"summary_large_image","twitter_misc":{"Ansl. lesetid":"2 minutter"},"schema":{"@context":"https:\/\/schema.org","@graph":[{"@type":"WebPage","@id":"https:\/\/pot-ole.dk\/no\/plantebrett\/","url":"https:\/\/pot-ole.dk\/no\/plantebrett\/","name":"Plantebrett \u2013 kunder p\u00e5 Sj\u00e6lland, Fyn og Jylland | Les mer!","isPartOf":{"@id":"https:\/\/pot-ole.dk\/no\/#website"},"primaryImageOfPage":{"@id":"https:\/\/pot-ole.dk\/no\/plantebrett\/#primaryimage"},"image":{"@id":"https:\/\/pot-ole.dk\/no\/plantebrett\/#primaryimage"},"thumbnailUrl":"https:\/\/pot-ole.dk\/wp-content\/uploads\/2025\/08\/wet_pic_ny1_5043-1.png","datePublished":"2025-07-22T07:26:40+00:00","dateModified":"2026-03-20T08:43:39+00:00","description":"Kj\u00f8p plantebrett fra oss \u2013 vi selger til kunder p\u00e5 Sj\u00e6lland, Fyn og Jylland | Kvalitet for hagebruk og hagearbeid | Kontakt oss i dag!","breadcrumb":{"@id":"https:\/\/pot-ole.dk\/no\/plantebrett\/#breadcrumb"},"inLanguage":"nb-NO","potentialAction":[{"@type":"ReadAction","target":["https:\/\/pot-ole.dk\/no\/plantebrett\/"]}]},{"@type":"ImageObject","inLanguage":"nb-NO","@id":"https:\/\/pot-ole.dk\/no\/plantebrett\/#primaryimage","url":"https:\/\/pot-ole.dk\/wp-content\/uploads\/2025\/08\/wet_pic_ny1_5043-1.png","contentUrl":"https:\/\/pot-ole.dk\/wp-content\/uploads\/2025\/08\/wet_pic_ny1_5043-1.png","width":570,"height":500},{"@type":"BreadcrumbList","@id":"https:\/\/pot-ole.dk\/no\/plantebrett\/#breadcrumb","itemListElement":[{"@type":"ListItem","position":1,"name":"Forside","item":"https:\/\/pot-ole.dk\/no\/front\/"},{"@type":"ListItem","position":2,"name":"Plantebrett"}]},{"@type":"WebSite","@id":"https:\/\/pot-ole.dk\/no\/#website","url":"https:\/\/pot-ole.dk\/no\/","name":"W.E.T. BY POT OL\u00c9 ApS","description":"W.E.T. BY POT OL\u00c9 ApS:","publisher":{"@id":"https:\/\/pot-ole.dk\/no\/#organization"},"potentialAction":[{"@type":"SearchAction","target":{"@type":"EntryPoint","urlTemplate":"https:\/\/pot-ole.dk\/no\/?s={search_term_string}"},"query-input":{"@type":"PropertyValueSpecification","valueRequired":true,"valueName":"search_term_string"}}],"inLanguage":"nb-NO"},{"@type":"Organization","@id":"https:\/\/pot-ole.dk\/no\/#organization","name":"W.E.T. BY POT OL\u00c9 ApS","url":"https:\/\/pot-ole.dk\/no\/","logo":{"@type":"ImageObject","inLanguage":"nb-NO","@id":"https:\/\/pot-ole.dk\/no\/#\/schema\/logo\/image\/","url":"https:\/\/pot-ole.dk\/wp-content\/uploads\/2025\/07\/logo_hvid_1360_2878.svg","contentUrl":"https:\/\/pot-ole.dk\/wp-content\/uploads\/2025\/07\/logo_hvid_1360_2878.svg","width":163,"height":66,"caption":"W.E.T. BY POT OL\u00c9 ApS"},"image":{"@id":"https:\/\/pot-ole.dk\/no\/#\/schema\/logo\/image\/"}}]}},"_links":{"self":[{"href":"https:\/\/pot-ole.dk\/no\/wp-json\/wp\/v2\/pages\/16019","targetHints":{"allow":["GET"]}}],"collection":[{"href":"https:\/\/pot-ole.dk\/no\/wp-json\/wp\/v2\/pages"}],"about":[{"href":"https:\/\/pot-ole.dk\/no\/wp-json\/wp\/v2\/types\/page"}],"author":[{"embeddable":true,"href":"https:\/\/pot-ole.dk\/no\/wp-json\/wp\/v2\/users\/5"}],"replies":[{"embeddable":true,"href":"https:\/\/pot-ole.dk\/no\/wp-json\/wp\/v2\/comments?post=16019"}],"version-history":[{"count":10,"href":"https:\/\/pot-ole.dk\/no\/wp-json\/wp\/v2\/pages\/16019\/revisions"}],"predecessor-version":[{"id":21338,"href":"https:\/\/pot-ole.dk\/no\/wp-json\/wp\/v2\/pages\/16019\/revisions\/21338"}],"wp:featuredmedia":[{"embeddable":true,"href":"https:\/\/pot-ole.dk\/no\/wp-json\/wp\/v2\/media\/14671"}],"wp:attachment":[{"href":"https:\/\/pot-ole.dk\/no\/wp-json\/wp\/v2\/media?parent=16019"}],"wp:term":[{"taxonomy":"category","embeddable":true,"href":"https:\/\/pot-ole.dk\/no\/wp-json\/wp\/v2\/categories?post=16019"}],"curies":[{"name":"wp","href":"https:\/\/api.w.org\/{rel}","templated":true}]}}