{"id":16001,"date":"2025-07-22T09:26:40","date_gmt":"2025-07-22T07:26:40","guid":{"rendered":"https:\/\/pot-ole.dk\/forhandlere\/"},"modified":"2026-02-13T09:41:41","modified_gmt":"2026-02-13T08:41:41","slug":"forhandlere","status":"publish","type":"page","link":"https:\/\/pot-ole.dk\/no\/forhandlere\/","title":{"rendered":"Forhandlere"},"content":{"rendered":"\t\t<div data-elementor-type=\"wp-page\" data-elementor-id=\"16001\" class=\"elementor elementor-16001 elementor-9582\" data-elementor-post-type=\"page\">\n\t\t\t\t<div class=\"elementor-element elementor-element-849799c e-flex e-con-boxed e-con e-parent\" data-id=\"849799c\" data-element_type=\"container\" data-e-type=\"container\" data-settings=\"{&quot;background_background&quot;:&quot;classic&quot;,&quot;shape_divider_bottom&quot;:&quot;waves&quot;}\">\n\t\t\t\t\t<div class=\"e-con-inner\">\n\t\t\t\t<div class=\"elementor-shape elementor-shape-bottom\" aria-hidden=\"true\" data-negative=\"false\">\n\t\t\t<svg xmlns=\"http:\/\/www.w3.org\/2000\/svg\" viewBox=\"0 0 1000 100\" preserveAspectRatio=\"none\">\n\t<path class=\"elementor-shape-fill\" d=\"M421.9,6.5c22.6-2.5,51.5,0.4,75.5,5.3c23.6,4.9,70.9,23.5,100.5,35.7c75.8,32.2,133.7,44.5,192.6,49.7\n\tc23.6,2.1,48.7,3.5,103.4-2.5c54.7-6,106.2-25.6,106.2-25.6V0H0v30.3c0,0,72,32.6,158.4,30.5c39.2-0.7,92.8-6.7,134-22.4\n\tc21.2-8.1,52.2-18.2,79.7-24.2C399.3,7.9,411.6,7.5,421.9,6.5z\"\/>\n<\/svg>\t\t<\/div>\n\t\t<div class=\"elementor-element elementor-element-9aeb619 e-con-full no-padding e-flex e-con e-child\" data-id=\"9aeb619\" data-element_type=\"container\" data-e-type=\"container\">\n\t\t\t\t<div class=\"elementor-element elementor-element-312a690 elementor-widget elementor-widget-heading\" data-id=\"312a690\" data-element_type=\"widget\" data-e-type=\"widget\" data-widget_type=\"heading.default\">\n\t\t\t\t<div class=\"elementor-widget-container\">\n\t\t\t\t\t<h1 class=\"elementor-heading-title elementor-size-default\">Forhandlere<\/h1>\t\t\t\t<\/div>\n\t\t\t\t<\/div>\n\t\t\t\t<\/div>\n\t\t\t\t\t<\/div>\n\t\t\t\t<\/div>\n\t\t<div class=\"elementor-element elementor-element-c3c3c9e e-flex e-con-boxed elementor-invisible e-con e-parent\" data-id=\"c3c3c9e\" data-element_type=\"container\" data-e-type=\"container\" data-settings=\"{&quot;animation&quot;:&quot;fadeIn&quot;}\">\n\t\t\t\t\t<div class=\"e-con-inner\">\n\t\t<div class=\"elementor-element elementor-element-1bf01f5 e-con-full e-flex e-con e-child\" data-id=\"1bf01f5\" data-element_type=\"container\" data-e-type=\"container\">\n\t\t\t\t<div class=\"elementor-element elementor-element-49aa285 elementor-widget elementor-widget-text-editor\" data-id=\"49aa285\" data-element_type=\"widget\" data-e-type=\"widget\" data-widget_type=\"text-editor.default\">\n\t\t\t\t<div class=\"elementor-widget-container\">\n\t\t\t\t\t\t\t\t\t<h3>Forhandleroversikt<\/h3>\t\t\t\t\t\t\t\t<\/div>\n\t\t\t\t<\/div>\n\t\t\t\t<div class=\"elementor-element elementor-element-f04391d elementor-widget__width-initial elementor-nav-menu--dropdown-tablet elementor-nav-menu__text-align-aside elementor-widget elementor-widget-nav-menu\" data-id=\"f04391d\" data-element_type=\"widget\" data-e-type=\"widget\" data-settings=\"{&quot;layout&quot;:&quot;vertical&quot;,&quot;submenu_icon&quot;:{&quot;value&quot;:&quot;&lt;svg aria-hidden=\\&quot;true\\&quot; class=\\&quot;e-font-icon-svg e-fas-caret-down\\&quot; viewBox=\\&quot;0 0 320 512\\&quot; xmlns=\\&quot;http:\\\/\\\/www.w3.org\\\/2000\\\/svg\\&quot;&gt;&lt;path d=\\&quot;M31.3 192h257.3c17.8 0 26.7 21.5 14.1 34.1L174.1 354.8c-7.8 7.8-20.5 7.8-28.3 0L17.2 226.1C4.6 213.5 13.5 192 31.3 192z\\&quot;&gt;&lt;\\\/path&gt;&lt;\\\/svg&gt;&quot;,&quot;library&quot;:&quot;fa-solid&quot;}}\" data-widget_type=\"nav-menu.default\">\n\t\t\t\t<div class=\"elementor-widget-container\">\n\t\t\t\t\t\t\t\t<nav aria-label=\"Menu\" class=\"elementor-nav-menu--main elementor-nav-menu__container elementor-nav-menu--layout-vertical e--pointer-underline e--animation-fade\">\n\t\t\t\t<ul id=\"menu-1-f04391d\" class=\"elementor-nav-menu sm-vertical\"><li class=\"menu-item menu-item-type-post_type menu-item-object-page menu-item-17469\"><a href=\"https:\/\/pot-ole.dk\/no\/danmark\/\" class=\"elementor-item\">Danmark<\/a><\/li>\n<li class=\"menu-item menu-item-type-post_type menu-item-object-page menu-item-17470\"><a href=\"https:\/\/pot-ole.dk\/no\/sverige\/\" class=\"elementor-item\">Sverige<\/a><\/li>\n<li class=\"menu-item menu-item-type-post_type menu-item-object-page menu-item-17471\"><a href=\"https:\/\/pot-ole.dk\/no\/norge\/\" class=\"elementor-item\">Norge<\/a><\/li>\n<li class=\"menu-item menu-item-type-post_type menu-item-object-page menu-item-17472\"><a href=\"https:\/\/pot-ole.dk\/no\/england\/\" class=\"elementor-item\">England<\/a><\/li>\n<li class=\"menu-item menu-item-type-post_type menu-item-object-page menu-item-17473\"><a href=\"https:\/\/pot-ole.dk\/no\/tyskland\/\" class=\"elementor-item\">Tyskland<\/a><\/li>\n<li class=\"menu-item menu-item-type-post_type menu-item-object-page menu-item-17474\"><a href=\"https:\/\/pot-ole.dk\/no\/sveits\/\" class=\"elementor-item\">Sveits<\/a><\/li>\n<li class=\"menu-item menu-item-type-post_type menu-item-object-page menu-item-17475\"><a href=\"https:\/\/pot-ole.dk\/no\/kroatia\/\" class=\"elementor-item\">Kroatia<\/a><\/li>\n<li class=\"menu-item menu-item-type-post_type menu-item-object-page menu-item-17495\"><a href=\"https:\/\/pot-ole.dk\/no\/faeroeyene\/\" class=\"elementor-item\">F\u00e6r\u00f8yene<\/a><\/li>\n<li class=\"menu-item menu-item-type-post_type menu-item-object-page menu-item-17496\"><a href=\"https:\/\/pot-ole.dk\/no\/usa\/\" class=\"elementor-item\">USA<\/a><\/li>\n<li class=\"menu-item menu-item-type-post_type menu-item-object-page menu-item-17497\"><a href=\"https:\/\/pot-ole.dk\/no\/frankrike\/\" class=\"elementor-item\">Frankrike<\/a><\/li>\n<li class=\"menu-item menu-item-type-post_type menu-item-object-page menu-item-17498\"><a href=\"https:\/\/pot-ole.dk\/no\/canada\/\" class=\"elementor-item\">Canada<\/a><\/li>\n<li class=\"menu-item menu-item-type-post_type menu-item-object-page menu-item-17499\"><a href=\"https:\/\/pot-ole.dk\/no\/nederland\/\" class=\"elementor-item\">Nederland<\/a><\/li>\n<li class=\"menu-item menu-item-type-post_type menu-item-object-page menu-item-17500\"><a href=\"https:\/\/pot-ole.dk\/no\/oesterrike\/\" class=\"elementor-item\">\u00d8sterrike<\/a><\/li>\n<\/ul>\t\t\t<\/nav>\n\t\t\t\t\t\t<nav class=\"elementor-nav-menu--dropdown elementor-nav-menu__container\" aria-hidden=\"true\">\n\t\t\t\t<ul id=\"menu-2-f04391d\" class=\"elementor-nav-menu sm-vertical\"><li class=\"menu-item menu-item-type-post_type menu-item-object-page menu-item-17469\"><a href=\"https:\/\/pot-ole.dk\/no\/danmark\/\" class=\"elementor-item\" tabindex=\"-1\">Danmark<\/a><\/li>\n<li class=\"menu-item menu-item-type-post_type menu-item-object-page menu-item-17470\"><a href=\"https:\/\/pot-ole.dk\/no\/sverige\/\" class=\"elementor-item\" tabindex=\"-1\">Sverige<\/a><\/li>\n<li class=\"menu-item menu-item-type-post_type menu-item-object-page menu-item-17471\"><a href=\"https:\/\/pot-ole.dk\/no\/norge\/\" class=\"elementor-item\" tabindex=\"-1\">Norge<\/a><\/li>\n<li class=\"menu-item menu-item-type-post_type menu-item-object-page menu-item-17472\"><a href=\"https:\/\/pot-ole.dk\/no\/england\/\" class=\"elementor-item\" tabindex=\"-1\">England<\/a><\/li>\n<li class=\"menu-item menu-item-type-post_type menu-item-object-page menu-item-17473\"><a href=\"https:\/\/pot-ole.dk\/no\/tyskland\/\" class=\"elementor-item\" tabindex=\"-1\">Tyskland<\/a><\/li>\n<li class=\"menu-item menu-item-type-post_type menu-item-object-page menu-item-17474\"><a href=\"https:\/\/pot-ole.dk\/no\/sveits\/\" class=\"elementor-item\" tabindex=\"-1\">Sveits<\/a><\/li>\n<li class=\"menu-item menu-item-type-post_type menu-item-object-page menu-item-17475\"><a href=\"https:\/\/pot-ole.dk\/no\/kroatia\/\" class=\"elementor-item\" tabindex=\"-1\">Kroatia<\/a><\/li>\n<li class=\"menu-item menu-item-type-post_type menu-item-object-page menu-item-17495\"><a href=\"https:\/\/pot-ole.dk\/no\/faeroeyene\/\" class=\"elementor-item\" tabindex=\"-1\">F\u00e6r\u00f8yene<\/a><\/li>\n<li class=\"menu-item menu-item-type-post_type menu-item-object-page menu-item-17496\"><a href=\"https:\/\/pot-ole.dk\/no\/usa\/\" class=\"elementor-item\" tabindex=\"-1\">USA<\/a><\/li>\n<li class=\"menu-item menu-item-type-post_type menu-item-object-page menu-item-17497\"><a href=\"https:\/\/pot-ole.dk\/no\/frankrike\/\" class=\"elementor-item\" tabindex=\"-1\">Frankrike<\/a><\/li>\n<li class=\"menu-item menu-item-type-post_type menu-item-object-page menu-item-17498\"><a href=\"https:\/\/pot-ole.dk\/no\/canada\/\" class=\"elementor-item\" tabindex=\"-1\">Canada<\/a><\/li>\n<li class=\"menu-item menu-item-type-post_type menu-item-object-page menu-item-17499\"><a href=\"https:\/\/pot-ole.dk\/no\/nederland\/\" class=\"elementor-item\" tabindex=\"-1\">Nederland<\/a><\/li>\n<li class=\"menu-item menu-item-type-post_type menu-item-object-page menu-item-17500\"><a href=\"https:\/\/pot-ole.dk\/no\/oesterrike\/\" class=\"elementor-item\" tabindex=\"-1\">\u00d8sterrike<\/a><\/li>\n<\/ul>\t\t\t<\/nav>\n\t\t\t\t\t\t<\/div>\n\t\t\t\t<\/div>\n\t\t\t\t<\/div>\n\t\t<div class=\"elementor-element elementor-element-fefec04 e-con-full e-flex e-con e-child\" data-id=\"fefec04\" data-element_type=\"container\" data-e-type=\"container\">\n\t\t<div class=\"elementor-element elementor-element-f2b227f e-con-full e-flex elementor-invisible e-con e-child\" data-id=\"f2b227f\" data-element_type=\"container\" data-e-type=\"container\" data-settings=\"{&quot;animation&quot;:&quot;fadeIn&quot;,&quot;animation_delay&quot;:50}\">\n\t\t<div class=\"elementor-element elementor-element-7eb611b e-con-full e-flex e-con e-child\" data-id=\"7eb611b\" data-element_type=\"container\" data-e-type=\"container\">\n\t\t\t\t<div class=\"elementor-element elementor-element-bc70cc6 elementor-headline--style-highlight elementor-widget elementor-widget-animated-headline\" data-id=\"bc70cc6\" data-element_type=\"widget\" data-e-type=\"widget\" data-settings=\"{&quot;marker&quot;:&quot;underline&quot;,&quot;highlighted_text&quot;:&quot;Pot Ol\\u00e9&quot;,&quot;headline_style&quot;:&quot;highlight&quot;,&quot;loop&quot;:&quot;yes&quot;,&quot;highlight_animation_duration&quot;:1200,&quot;highlight_iteration_delay&quot;:8000}\" data-widget_type=\"animated-headline.default\">\n\t\t\t\t<div class=\"elementor-widget-container\">\n\t\t\t\t\t\t\t<p class=\"elementor-headline\">\n\t\t\t\t<span class=\"elementor-headline-dynamic-wrapper elementor-headline-text-wrapper\">\n\t\t\t\t\t<span class=\"elementor-headline-dynamic-text elementor-headline-text-active\">Pot Ol\u00e9<\/span>\n\t\t\t\t<\/span>\n\t\t\t\t\t<span class=\"elementor-headline-plain-text elementor-headline-text-wrapper\">er en leder innen unike og antikke potter<\/span>\n\t\t\t\t\t<\/p>\n\t\t\t\t\t\t<\/div>\n\t\t\t\t<\/div>\n\t\t\t\t<div class=\"elementor-element elementor-element-18b519b elementor-widget elementor-widget-text-editor\" data-id=\"18b519b\" data-element_type=\"widget\" data-e-type=\"widget\" data-widget_type=\"text-editor.default\">\n\t\t\t\t<div class=\"elementor-widget-container\">\n\t\t\t\t\t\t\t\t\t<h2><span style=\"font-family: inherit; font-size: 42px; font-style: inherit;\">V\u00e5r forhandleroversikt<\/span><\/h2><div class=\"column step-3-12\"><div id=\"site-container-236464\" class=\"Container ModuleElement Textarea AutoResizable con-123 \" data-snap=\"1\" data-containertype=\"Textarea\" data-moduleelement=\"82882\"><div class=\"Module-82882 Textarea\"><p>Finn ditt lokale utvalg av unike krukker og potter, perfekte for innend\u00f8rs eller utend\u00f8rs bruk.  <\/p><p>V\u00e5re n\u00f8ye utvalgte forhandlere er spredt over fem forskjellige land \u2013 Danmark, Sverige, Norge, England, Tyskland og Sveits \u2013 noe som gj\u00f8r det enkelt for deg \u00e5 finne en forhandler i n\u00e6rheten, uansett hvor du befinner deg i disse regionene.  <\/p><p>Enten du leter etter noe spesifikt til hagen, terrassen, stuen eller kontoret, kan v\u00e5rt nettverk av forhandlere hjelpe deg med \u00e5 finne de perfekte pottene og plantekassene som kombinerer funksjonalitet med estetikk for \u00e5 skape det ideelle milj\u00f8et.<\/p><p>Velg forhandlerlisten for hvert land via menyen.<\/p><\/div><\/div><\/div>\t\t\t\t\t\t\t\t<\/div>\n\t\t\t\t<\/div>\n\t\t\t\t<\/div>\n\t\t\t\t<\/div>\n\t\t\t\t<\/div>\n\t\t\t\t\t<\/div>\n\t\t\t\t<\/div>\n\t\t\t\t<\/div>\n\t\t","protected":false},"excerpt":{"rendered":"<p>Forhandlere Forhandleroversikt Pot Ol\u00e9 er en leder innen unike og antikke potter V\u00e5r forhandleroversikt Finn ditt lokale utvalg av unike krukker og potter, perfekte for innend\u00f8rs eller utend\u00f8rs bruk. V\u00e5re n\u00f8ye utvalgte forhandlere er spredt over fem forskjellige land \u2013 Danmark, Sverige, Norge, England, Tyskland og Sveits \u2013 noe som gj\u00f8r det enkelt for deg &#8230; <a title=\"Forhandlere\" class=\"read-more\" href=\"https:\/\/pot-ole.dk\/no\/forhandlere\/\" aria-label=\"Read more about Forhandlere\">Les mer<\/a><\/p>\n","protected":false},"author":5,"featured_media":0,"parent":0,"menu_order":1040,"comment_status":"closed","ping_status":"closed","template":"","meta":{"_acf_changed":false,"footnotes":""},"categories":[],"class_list":["post-16001","page","type-page","status-publish"],"acf":[],"yoast_head":"<!-- This site is optimized with the Yoast SEO plugin v27.4 - https:\/\/yoast.com\/product\/yoast-seo-wordpress\/ -->\n<title>Forhandlere | W.E.T. BY POT OL\u00c9 ApS<\/title>\n<meta name=\"robots\" content=\"index, follow, max-snippet:-1, max-image-preview:large, max-video-preview:-1\" \/>\n<link rel=\"canonical\" href=\"https:\/\/pot-ole.dk\/no\/forhandlere\/\" \/>\n<meta property=\"og:locale\" content=\"nb_NO\" \/>\n<meta property=\"og:type\" content=\"article\" \/>\n<meta property=\"og:title\" content=\"Forhandlere | W.E.T. BY POT OL\u00c9 ApS\" \/>\n<meta property=\"og:description\" content=\"Forhandlere Forhandleroversikt Pot Ol\u00e9 er en leder innen unike og antikke potter V\u00e5r forhandleroversikt Finn ditt lokale utvalg av unike krukker og potter, perfekte for innend\u00f8rs eller utend\u00f8rs bruk. V\u00e5re n\u00f8ye utvalgte forhandlere er spredt over fem forskjellige land \u2013 Danmark, Sverige, Norge, England, Tyskland og Sveits \u2013 noe som gj\u00f8r det enkelt for deg ... Les mer\" \/>\n<meta property=\"og:url\" content=\"https:\/\/pot-ole.dk\/no\/forhandlere\/\" \/>\n<meta property=\"og:site_name\" content=\"W.E.T. BY POT OL\u00c9 ApS\" \/>\n<meta property=\"article:modified_time\" content=\"2026-02-13T08:41:41+00:00\" \/>\n<meta name=\"twitter:card\" content=\"summary_large_image\" \/>\n<meta name=\"twitter:label1\" content=\"Ansl. lesetid\" \/>\n\t<meta name=\"twitter:data1\" content=\"1 minutt\" \/>\n<script type=\"application\/ld+json\" class=\"yoast-schema-graph\">{\"@context\":\"https:\\\/\\\/schema.org\",\"@graph\":[{\"@type\":\"WebPage\",\"@id\":\"https:\\\/\\\/pot-ole.dk\\\/no\\\/forhandlere\\\/\",\"url\":\"https:\\\/\\\/pot-ole.dk\\\/no\\\/forhandlere\\\/\",\"name\":\"Forhandlere | W.E.T. BY POT OL\u00c9 ApS\",\"isPartOf\":{\"@id\":\"https:\\\/\\\/pot-ole.dk\\\/no\\\/#website\"},\"datePublished\":\"2025-07-22T07:26:40+00:00\",\"dateModified\":\"2026-02-13T08:41:41+00:00\",\"breadcrumb\":{\"@id\":\"https:\\\/\\\/pot-ole.dk\\\/no\\\/forhandlere\\\/#breadcrumb\"},\"inLanguage\":\"nb-NO\",\"potentialAction\":[{\"@type\":\"ReadAction\",\"target\":[\"https:\\\/\\\/pot-ole.dk\\\/no\\\/forhandlere\\\/\"]}]},{\"@type\":\"BreadcrumbList\",\"@id\":\"https:\\\/\\\/pot-ole.dk\\\/no\\\/forhandlere\\\/#breadcrumb\",\"itemListElement\":[{\"@type\":\"ListItem\",\"position\":1,\"name\":\"Forside\",\"item\":\"https:\\\/\\\/pot-ole.dk\\\/no\\\/front\\\/\"},{\"@type\":\"ListItem\",\"position\":2,\"name\":\"Forhandlere\"}]},{\"@type\":\"WebSite\",\"@id\":\"https:\\\/\\\/pot-ole.dk\\\/no\\\/#website\",\"url\":\"https:\\\/\\\/pot-ole.dk\\\/no\\\/\",\"name\":\"W.E.T. BY POT OL\u00c9 ApS\",\"description\":\"W.E.T. BY POT OL\u00c9 ApS:\",\"publisher\":{\"@id\":\"https:\\\/\\\/pot-ole.dk\\\/no\\\/#organization\"},\"potentialAction\":[{\"@type\":\"SearchAction\",\"target\":{\"@type\":\"EntryPoint\",\"urlTemplate\":\"https:\\\/\\\/pot-ole.dk\\\/no\\\/?s={search_term_string}\"},\"query-input\":{\"@type\":\"PropertyValueSpecification\",\"valueRequired\":true,\"valueName\":\"search_term_string\"}}],\"inLanguage\":\"nb-NO\"},{\"@type\":\"Organization\",\"@id\":\"https:\\\/\\\/pot-ole.dk\\\/no\\\/#organization\",\"name\":\"W.E.T. BY POT OL\u00c9 ApS\",\"url\":\"https:\\\/\\\/pot-ole.dk\\\/no\\\/\",\"logo\":{\"@type\":\"ImageObject\",\"inLanguage\":\"nb-NO\",\"@id\":\"https:\\\/\\\/pot-ole.dk\\\/no\\\/#\\\/schema\\\/logo\\\/image\\\/\",\"url\":\"https:\\\/\\\/pot-ole.dk\\\/wp-content\\\/uploads\\\/2025\\\/07\\\/logo_hvid_1360_2878.svg\",\"contentUrl\":\"https:\\\/\\\/pot-ole.dk\\\/wp-content\\\/uploads\\\/2025\\\/07\\\/logo_hvid_1360_2878.svg\",\"width\":163,\"height\":66,\"caption\":\"W.E.T. BY POT OL\u00c9 ApS\"},\"image\":{\"@id\":\"https:\\\/\\\/pot-ole.dk\\\/no\\\/#\\\/schema\\\/logo\\\/image\\\/\"}}]}<\/script>\n<!-- \/ Yoast SEO plugin. -->","yoast_head_json":{"title":"Forhandlere | W.E.T. BY POT OL\u00c9 ApS","robots":{"index":"index","follow":"follow","max-snippet":"max-snippet:-1","max-image-preview":"max-image-preview:large","max-video-preview":"max-video-preview:-1"},"canonical":"https:\/\/pot-ole.dk\/no\/forhandlere\/","og_locale":"nb_NO","og_type":"article","og_title":"Forhandlere | W.E.T. BY POT OL\u00c9 ApS","og_description":"Forhandlere Forhandleroversikt Pot Ol\u00e9 er en leder innen unike og antikke potter V\u00e5r forhandleroversikt Finn ditt lokale utvalg av unike krukker og potter, perfekte for innend\u00f8rs eller utend\u00f8rs bruk. V\u00e5re n\u00f8ye utvalgte forhandlere er spredt over fem forskjellige land \u2013 Danmark, Sverige, Norge, England, Tyskland og Sveits \u2013 noe som gj\u00f8r det enkelt for deg ... Les mer","og_url":"https:\/\/pot-ole.dk\/no\/forhandlere\/","og_site_name":"W.E.T. BY POT OL\u00c9 ApS","article_modified_time":"2026-02-13T08:41:41+00:00","twitter_card":"summary_large_image","twitter_misc":{"Ansl. lesetid":"1 minutt"},"schema":{"@context":"https:\/\/schema.org","@graph":[{"@type":"WebPage","@id":"https:\/\/pot-ole.dk\/no\/forhandlere\/","url":"https:\/\/pot-ole.dk\/no\/forhandlere\/","name":"Forhandlere | W.E.T. BY POT OL\u00c9 ApS","isPartOf":{"@id":"https:\/\/pot-ole.dk\/no\/#website"},"datePublished":"2025-07-22T07:26:40+00:00","dateModified":"2026-02-13T08:41:41+00:00","breadcrumb":{"@id":"https:\/\/pot-ole.dk\/no\/forhandlere\/#breadcrumb"},"inLanguage":"nb-NO","potentialAction":[{"@type":"ReadAction","target":["https:\/\/pot-ole.dk\/no\/forhandlere\/"]}]},{"@type":"BreadcrumbList","@id":"https:\/\/pot-ole.dk\/no\/forhandlere\/#breadcrumb","itemListElement":[{"@type":"ListItem","position":1,"name":"Forside","item":"https:\/\/pot-ole.dk\/no\/front\/"},{"@type":"ListItem","position":2,"name":"Forhandlere"}]},{"@type":"WebSite","@id":"https:\/\/pot-ole.dk\/no\/#website","url":"https:\/\/pot-ole.dk\/no\/","name":"W.E.T. BY POT OL\u00c9 ApS","description":"W.E.T. BY POT OL\u00c9 ApS:","publisher":{"@id":"https:\/\/pot-ole.dk\/no\/#organization"},"potentialAction":[{"@type":"SearchAction","target":{"@type":"EntryPoint","urlTemplate":"https:\/\/pot-ole.dk\/no\/?s={search_term_string}"},"query-input":{"@type":"PropertyValueSpecification","valueRequired":true,"valueName":"search_term_string"}}],"inLanguage":"nb-NO"},{"@type":"Organization","@id":"https:\/\/pot-ole.dk\/no\/#organization","name":"W.E.T. BY POT OL\u00c9 ApS","url":"https:\/\/pot-ole.dk\/no\/","logo":{"@type":"ImageObject","inLanguage":"nb-NO","@id":"https:\/\/pot-ole.dk\/no\/#\/schema\/logo\/image\/","url":"https:\/\/pot-ole.dk\/wp-content\/uploads\/2025\/07\/logo_hvid_1360_2878.svg","contentUrl":"https:\/\/pot-ole.dk\/wp-content\/uploads\/2025\/07\/logo_hvid_1360_2878.svg","width":163,"height":66,"caption":"W.E.T. BY POT OL\u00c9 ApS"},"image":{"@id":"https:\/\/pot-ole.dk\/no\/#\/schema\/logo\/image\/"}}]}},"_links":{"self":[{"href":"https:\/\/pot-ole.dk\/no\/wp-json\/wp\/v2\/pages\/16001","targetHints":{"allow":["GET"]}}],"collection":[{"href":"https:\/\/pot-ole.dk\/no\/wp-json\/wp\/v2\/pages"}],"about":[{"href":"https:\/\/pot-ole.dk\/no\/wp-json\/wp\/v2\/types\/page"}],"author":[{"embeddable":true,"href":"https:\/\/pot-ole.dk\/no\/wp-json\/wp\/v2\/users\/5"}],"replies":[{"embeddable":true,"href":"https:\/\/pot-ole.dk\/no\/wp-json\/wp\/v2\/comments?post=16001"}],"version-history":[{"count":3,"href":"https:\/\/pot-ole.dk\/no\/wp-json\/wp\/v2\/pages\/16001\/revisions"}],"predecessor-version":[{"id":20913,"href":"https:\/\/pot-ole.dk\/no\/wp-json\/wp\/v2\/pages\/16001\/revisions\/20913"}],"wp:attachment":[{"href":"https:\/\/pot-ole.dk\/no\/wp-json\/wp\/v2\/media?parent=16001"}],"wp:term":[{"taxonomy":"category","embeddable":true,"href":"https:\/\/pot-ole.dk\/no\/wp-json\/wp\/v2\/categories?post=16001"}],"curies":[{"name":"wp","href":"https:\/\/api.w.org\/{rel}","templated":true}]}}