{"id":15860,"date":"2025-08-14T09:26:40","date_gmt":"2025-08-14T07:26:40","guid":{"rendered":"https:\/\/pot-ole.dk\/balkong-hage\/"},"modified":"2026-02-13T09:41:17","modified_gmt":"2026-02-13T08:41:17","slug":"balkong-hage","status":"publish","type":"page","link":"https:\/\/pot-ole.dk\/no\/balkong-hage\/","title":{"rendered":"Balkong Hage"},"content":{"rendered":"\t\t<div data-elementor-type=\"wp-page\" data-elementor-id=\"15860\" class=\"elementor elementor-15860 elementor-9580\" data-elementor-post-type=\"page\">\n\t\t\t\t<div class=\"elementor-element elementor-element-a16dd5a e-flex e-con-boxed e-con e-parent\" data-id=\"a16dd5a\" data-element_type=\"container\" data-e-type=\"container\" data-settings=\"{&quot;background_background&quot;:&quot;classic&quot;,&quot;shape_divider_bottom&quot;:&quot;waves&quot;}\">\n\t\t\t\t\t<div class=\"e-con-inner\">\n\t\t\t\t<div class=\"elementor-shape elementor-shape-bottom\" aria-hidden=\"true\" data-negative=\"false\">\n\t\t\t<svg xmlns=\"http:\/\/www.w3.org\/2000\/svg\" viewBox=\"0 0 1000 100\" preserveAspectRatio=\"none\">\n\t<path class=\"elementor-shape-fill\" d=\"M421.9,6.5c22.6-2.5,51.5,0.4,75.5,5.3c23.6,4.9,70.9,23.5,100.5,35.7c75.8,32.2,133.7,44.5,192.6,49.7\n\tc23.6,2.1,48.7,3.5,103.4-2.5c54.7-6,106.2-25.6,106.2-25.6V0H0v30.3c0,0,72,32.6,158.4,30.5c39.2-0.7,92.8-6.7,134-22.4\n\tc21.2-8.1,52.2-18.2,79.7-24.2C399.3,7.9,411.6,7.5,421.9,6.5z\"\/>\n<\/svg>\t\t<\/div>\n\t\t<div class=\"elementor-element elementor-element-727df61 e-con-full no-padding e-flex e-con e-child\" data-id=\"727df61\" data-element_type=\"container\" data-e-type=\"container\">\n\t\t\t\t<div class=\"elementor-element elementor-element-4392139 elementor-widget elementor-widget-heading\" data-id=\"4392139\" data-element_type=\"widget\" data-e-type=\"widget\" data-widget_type=\"heading.default\">\n\t\t\t\t<div class=\"elementor-widget-container\">\n\t\t\t\t\t<h1 class=\"elementor-heading-title elementor-size-default\">Andre WET-design\n\n<\/h1>\t\t\t\t<\/div>\n\t\t\t\t<\/div>\n\t\t\t\t<\/div>\n\t\t\t\t\t<\/div>\n\t\t\t\t<\/div>\n\t\t<div class=\"elementor-element elementor-element-d28a317 e-flex e-con-boxed elementor-invisible e-con e-parent\" data-id=\"d28a317\" data-element_type=\"container\" data-e-type=\"container\" data-settings=\"{&quot;background_background&quot;:&quot;classic&quot;,&quot;animation&quot;:&quot;fadeIn&quot;}\">\n\t\t\t\t\t<div class=\"e-con-inner\">\n\t\t<div class=\"elementor-element elementor-element-53ad955 e-con-full e-flex e-con e-child\" data-id=\"53ad955\" data-element_type=\"container\" data-e-type=\"container\">\n\t\t\t\t<div class=\"elementor-element elementor-element-5593f1a elementor-headline--style-highlight elementor-widget elementor-widget-animated-headline\" data-id=\"5593f1a\" data-element_type=\"widget\" data-e-type=\"widget\" data-settings=\"{&quot;marker&quot;:&quot;underline&quot;,&quot;highlighted_text&quot;:&quot;Familieeid  &quot;,&quot;headline_style&quot;:&quot;highlight&quot;,&quot;loop&quot;:&quot;yes&quot;,&quot;highlight_animation_duration&quot;:1200,&quot;highlight_iteration_delay&quot;:8000}\" data-widget_type=\"animated-headline.default\">\n\t\t\t\t<div class=\"elementor-widget-container\">\n\t\t\t\t\t\t\t<p class=\"elementor-headline\">\n\t\t\t\t<span class=\"elementor-headline-dynamic-wrapper elementor-headline-text-wrapper\">\n\t\t\t\t\t<span class=\"elementor-headline-dynamic-text elementor-headline-text-active\">Familieeid  <\/span>\n\t\t\t\t<\/span>\n\t\t\t\t\t<span class=\"elementor-headline-plain-text elementor-headline-text-wrapper\">selskap siden 1986<\/span>\n\t\t\t\t\t<\/p>\n\t\t\t\t\t\t<\/div>\n\t\t\t\t<\/div>\n\t\t\t\t<div class=\"elementor-element elementor-element-722cbae elementor-widget elementor-widget-text-editor\" data-id=\"722cbae\" data-element_type=\"widget\" data-e-type=\"widget\" data-widget_type=\"text-editor.default\">\n\t\t\t\t<div class=\"elementor-widget-container\">\n\t\t\t\t\t\t\t\t\t<h2>Balkonghage<\/h2><p>En hage p\u00e5 balkongen.<\/p><p>Andre design fra WET gj\u00f8r det mulig \u00e5 vise frem og ha mange planter, urter og blomster p\u00e5 sv\u00e6rt f\u00e5 kvadratmeter.<\/p><p>Ideen bak denne modellen oppsto etter hvert som interessen for planter vokste. Det var imidlertid ikke alltid nok plass i sm\u00e5 butikker og blant private brukere med mindre hager og balkonger.<\/p><p>Balkonghage er for bedrifter som \u00f8nsker en liten, fin utstilling i butikken sin, men ogs\u00e5 for private brukere som \u00f8nsker plass til \u00e5 dyrke planter, urter osv. p\u00e5 balkongen sin.<\/p><p>P\u00e5 de 5 hyllene kan du arrangere planter, blomster eller urter akkurat slik du \u00f8nsker. Den kan ogs\u00e5 brukes til \u00e5 s\u00e5 fr\u00f8 og stiklinger hvis du bruker \u00ab <a title=\"Les mer om v\u00e5re fr\u00f8potter her!\" href=\"https:\/\/pot-ole.dk\/no\/wet-saapottebrett\/\"><strong>fr\u00f8potter<\/strong><\/a> \u00bb p\u00e5 en eller flere av hyllene.<\/p><p>Den h\u00f8ye kvaliteten, det vakre designet og robustheten gj\u00f8r det mulig \u00e5 ha den p\u00e5 balkongen eller i hagen hele \u00e5ret, og den kan brukes \u00e5r etter \u00e5r. N\u00e5r v\u00e6ret blir for kaldt, kan vanningsbrettene p\u00e5 hyllene fjernes og plasseres i vinduskarmen, og stativet kan deretter brettes sammen og settes bort til v\u00e5ren kommer.<\/p><p><strong>M\u00e5l:<\/strong> 151 cm x 63 cm x 19 cm.<br> <strong>Vekt:<\/strong> 12 kg.<\/p><p><strong>Stativet leveres med 5 vanningsbrett:<br><\/strong>1 x W.E.T. Seed Pot 30<br>4 x W.E.T. Seed Pot 30 uten potter<br><br><\/p>\t\t\t\t\t\t\t\t<\/div>\n\t\t\t\t<\/div>\n\t\t\t\t<div class=\"elementor-element elementor-element-8dc8675 elementor-widget-divider--view-line elementor-widget elementor-widget-divider\" data-id=\"8dc8675\" data-element_type=\"widget\" data-e-type=\"widget\" data-widget_type=\"divider.default\">\n\t\t\t\t<div class=\"elementor-widget-container\">\n\t\t\t\t\t\t\t<div class=\"elementor-divider\">\n\t\t\t<span class=\"elementor-divider-separator\">\n\t\t\t\t\t\t<\/span>\n\t\t<\/div>\n\t\t\t\t\t\t<\/div>\n\t\t\t\t<\/div>\n\t\t\t\t<\/div>\n\t\t<div class=\"elementor-element elementor-element-52cc3dd e-con-full e-flex elementor-invisible e-con e-child\" data-id=\"52cc3dd\" data-element_type=\"container\" data-e-type=\"container\" data-settings=\"{&quot;background_background&quot;:&quot;classic&quot;,&quot;animation&quot;:&quot;fadeIn&quot;}\">\n\t\t\t\t<\/div>\n\t\t\t\t\t<\/div>\n\t\t\t\t<\/div>\n\t\t<div class=\"elementor-element elementor-element-da1f68f e-flex e-con-boxed e-con e-parent\" data-id=\"da1f68f\" data-element_type=\"container\" data-e-type=\"container\">\n\t\t\t\t\t<div class=\"e-con-inner\">\n\t\t\t\t<div class=\"elementor-element elementor-element-ed71816 elementor-widget elementor-widget-gallery\" data-id=\"ed71816\" data-element_type=\"widget\" data-e-type=\"widget\" data-settings=\"{&quot;aspect_ratio&quot;:&quot;1:1&quot;,&quot;overlay_title&quot;:&quot;caption&quot;,&quot;lazyload&quot;:&quot;yes&quot;,&quot;gallery_layout&quot;:&quot;grid&quot;,&quot;columns&quot;:4,&quot;columns_tablet&quot;:2,&quot;columns_mobile&quot;:1,&quot;gap&quot;:{&quot;unit&quot;:&quot;px&quot;,&quot;size&quot;:10,&quot;sizes&quot;:[]},&quot;gap_laptop&quot;:{&quot;unit&quot;:&quot;px&quot;,&quot;size&quot;:10,&quot;sizes&quot;:[]},&quot;gap_tablet&quot;:{&quot;unit&quot;:&quot;px&quot;,&quot;size&quot;:10,&quot;sizes&quot;:[]},&quot;gap_mobile&quot;:{&quot;unit&quot;:&quot;px&quot;,&quot;size&quot;:10,&quot;sizes&quot;:[]},&quot;link_to&quot;:&quot;file&quot;,&quot;overlay_background&quot;:&quot;yes&quot;}\" data-widget_type=\"gallery.default\">\n\t\t\t\t<div class=\"elementor-widget-container\">\n\t\t\t\t\t\t\t<div class=\"elementor-gallery__container\">\n\t\t\t\t\t\t\t<a class=\"e-gallery-item elementor-gallery-item\" href=\"https:\/\/pot-ole.dk\/wp-content\/uploads\/2025\/12\/balcony1-scaled.jpg\" data-elementor-open-lightbox=\"yes\" data-elementor-lightbox-slideshow=\"ed71816\" data-e-action-hash=\"#elementor-action%3Aaction%3Dlightbox%26settings%3DeyJpZCI6MTkzMzYsInVybCI6Imh0dHBzOlwvXC9wb3Qtb2xlLmRrXC93cC1jb250ZW50XC91cGxvYWRzXC8yMDI1XC8xMlwvYmFsY29ueTEtc2NhbGVkLmpwZyIsInNsaWRlc2hvdyI6ImVkNzE4MTYifQ%3D%3D\" data-rel=\"-image-0\" data-rl_title=\"\" data-rl_caption=\"\" title=\"\">\n\t\t\t\t\t<div class=\"e-gallery-image elementor-gallery-item__image\" data-thumbnail=\"https:\/\/pot-ole.dk\/wp-content\/uploads\/2025\/12\/balcony1-1129x1536.jpg\" data-width=\"1129\" data-height=\"1536\" aria-label=\"\" role=\"img\" ><\/div>\n\t\t\t\t\t\t\t\t\t\t\t<div class=\"elementor-gallery-item__overlay\"><\/div>\n\t\t\t\t\t\t\t\t\t\t\t\t\t\t\t<div class=\"elementor-gallery-item__content\">\n\t\t\t\t\t\t\t\t\t\t\t\t\t\t<div class=\"elementor-gallery-item__title\">\n\t\t\t\t\t\t\t\t\t\t\t\t\t\t\t\t\t\tPhoto by: Helle Troelsen\t\t\t\t\t\t\t\t<\/div>\n\t\t\t\t\t\t\t\t\t\t\t\t<\/div>\n\t\t\t\t\t\t\t\t\t<\/a>\n\t\t\t\t\t\t\t<a class=\"e-gallery-item elementor-gallery-item\" href=\"https:\/\/pot-ole.dk\/wp-content\/uploads\/2025\/12\/balcony3-scaled.jpg\" data-elementor-open-lightbox=\"yes\" data-elementor-lightbox-slideshow=\"ed71816\" data-e-action-hash=\"#elementor-action%3Aaction%3Dlightbox%26settings%3DeyJpZCI6MTkzNDEsInVybCI6Imh0dHBzOlwvXC9wb3Qtb2xlLmRrXC93cC1jb250ZW50XC91cGxvYWRzXC8yMDI1XC8xMlwvYmFsY29ueTMtc2NhbGVkLmpwZyIsInNsaWRlc2hvdyI6ImVkNzE4MTYifQ%3D%3D\" data-rel=\"-image-1\" data-rl_title=\"\" data-rl_caption=\"\" title=\"\">\n\t\t\t\t\t<div class=\"e-gallery-image elementor-gallery-item__image\" data-thumbnail=\"https:\/\/pot-ole.dk\/wp-content\/uploads\/2025\/12\/balcony3-1152x1536.jpg\" data-width=\"1152\" data-height=\"1536\" aria-label=\"\" role=\"img\" ><\/div>\n\t\t\t\t\t\t\t\t\t\t\t<div class=\"elementor-gallery-item__overlay\"><\/div>\n\t\t\t\t\t\t\t\t\t\t\t\t\t\t\t<div class=\"elementor-gallery-item__content\">\n\t\t\t\t\t\t\t\t\t\t\t\t\t\t<div class=\"elementor-gallery-item__title\">\n\t\t\t\t\t\t\t\t\t\t\t\t\t\t\t\t\t\tPhoto by: Helle Troelsen\t\t\t\t\t\t\t\t<\/div>\n\t\t\t\t\t\t\t\t\t\t\t\t<\/div>\n\t\t\t\t\t\t\t\t\t<\/a>\n\t\t\t\t\t\t\t<a class=\"e-gallery-item elementor-gallery-item\" href=\"https:\/\/pot-ole.dk\/wp-content\/uploads\/2025\/12\/balcony2-scaled.jpg\" data-elementor-open-lightbox=\"yes\" data-elementor-lightbox-slideshow=\"ed71816\" data-e-action-hash=\"#elementor-action%3Aaction%3Dlightbox%26settings%3DeyJpZCI6MTkzNDYsInVybCI6Imh0dHBzOlwvXC9wb3Qtb2xlLmRrXC93cC1jb250ZW50XC91cGxvYWRzXC8yMDI1XC8xMlwvYmFsY29ueTItc2NhbGVkLmpwZyIsInNsaWRlc2hvdyI6ImVkNzE4MTYifQ%3D%3D\" data-rel=\"-image-2\" data-rl_title=\"\" data-rl_caption=\"\" title=\"\">\n\t\t\t\t\t<div class=\"e-gallery-image elementor-gallery-item__image\" data-thumbnail=\"https:\/\/pot-ole.dk\/wp-content\/uploads\/2025\/12\/balcony2-1152x1536.jpg\" data-width=\"1152\" data-height=\"1536\" aria-label=\"\" role=\"img\" ><\/div>\n\t\t\t\t\t\t\t\t\t\t\t<div class=\"elementor-gallery-item__overlay\"><\/div>\n\t\t\t\t\t\t\t\t\t\t\t\t\t\t\t<div class=\"elementor-gallery-item__content\">\n\t\t\t\t\t\t\t\t\t\t\t\t\t\t<div class=\"elementor-gallery-item__title\">\n\t\t\t\t\t\t\t\t\t\t\t\t\t\t\t\t\t\tPhoto by: Helle Troelsen\t\t\t\t\t\t\t\t<\/div>\n\t\t\t\t\t\t\t\t\t\t\t\t<\/div>\n\t\t\t\t\t\t\t\t\t<\/a>\n\t\t\t\t\t\t\t<a class=\"e-gallery-item elementor-gallery-item\" href=\"https:\/\/pot-ole.dk\/wp-content\/uploads\/2025\/12\/balkon1-scaled.jpg\" data-elementor-open-lightbox=\"yes\" data-elementor-lightbox-slideshow=\"ed71816\" data-e-action-hash=\"#elementor-action%3Aaction%3Dlightbox%26settings%3DeyJpZCI6MTk1ODQsInVybCI6Imh0dHBzOlwvXC9wb3Qtb2xlLmRrXC93cC1jb250ZW50XC91cGxvYWRzXC8yMDI1XC8xMlwvYmFsa29uMS1zY2FsZWQuanBnIiwic2xpZGVzaG93IjoiZWQ3MTgxNiJ9\" data-rel=\"-image-3\" data-rl_title=\"\" data-rl_caption=\"\" title=\"\">\n\t\t\t\t\t<div class=\"e-gallery-image elementor-gallery-item__image\" data-thumbnail=\"https:\/\/pot-ole.dk\/wp-content\/uploads\/2025\/12\/balkon1-1024x1536.jpg\" data-width=\"1024\" data-height=\"1536\" aria-label=\"\" role=\"img\" ><\/div>\n\t\t\t\t\t\t\t\t\t\t\t<div class=\"elementor-gallery-item__overlay\"><\/div>\n\t\t\t\t\t\t\t\t\t\t\t\t\t\t\t<div class=\"elementor-gallery-item__content\">\n\t\t\t\t\t\t\t\t\t\t\t\t\t\t<div class=\"elementor-gallery-item__title\">\n\t\t\t\t\t\t\t\t\t\t\t\t\t\t\t\t\t\tPhoto by: Vibeke Svenningsen\t\t\t\t\t\t\t\t<\/div>\n\t\t\t\t\t\t\t\t\t\t\t\t<\/div>\n\t\t\t\t\t\t\t\t\t<\/a>\n\t\t\t\t\t\t\t<a class=\"e-gallery-item elementor-gallery-item\" href=\"https:\/\/pot-ole.dk\/wp-content\/uploads\/2025\/12\/balkon4-scaled.jpg\" data-elementor-open-lightbox=\"yes\" data-elementor-lightbox-slideshow=\"ed71816\" data-e-action-hash=\"#elementor-action%3Aaction%3Dlightbox%26settings%3DeyJpZCI6MTk1ODksInVybCI6Imh0dHBzOlwvXC9wb3Qtb2xlLmRrXC93cC1jb250ZW50XC91cGxvYWRzXC8yMDI1XC8xMlwvYmFsa29uNC1zY2FsZWQuanBnIiwic2xpZGVzaG93IjoiZWQ3MTgxNiJ9\" data-rel=\"-image-4\" data-rl_title=\"\" data-rl_caption=\"\" title=\"\">\n\t\t\t\t\t<div class=\"e-gallery-image elementor-gallery-item__image\" data-thumbnail=\"https:\/\/pot-ole.dk\/wp-content\/uploads\/2025\/12\/balkon4-1024x1536.jpg\" data-width=\"1024\" data-height=\"1536\" aria-label=\"\" role=\"img\" ><\/div>\n\t\t\t\t\t\t\t\t\t\t\t<div class=\"elementor-gallery-item__overlay\"><\/div>\n\t\t\t\t\t\t\t\t\t\t\t\t\t\t\t<div class=\"elementor-gallery-item__content\">\n\t\t\t\t\t\t\t\t\t\t\t\t\t\t<div class=\"elementor-gallery-item__title\">\n\t\t\t\t\t\t\t\t\t\t\t\t\t\t\t\t\t\tPhoto by: Vibeke Svenningsen\t\t\t\t\t\t\t\t<\/div>\n\t\t\t\t\t\t\t\t\t\t\t\t<\/div>\n\t\t\t\t\t\t\t\t\t<\/a>\n\t\t\t\t\t\t\t<a class=\"e-gallery-item elementor-gallery-item\" href=\"https:\/\/pot-ole.dk\/wp-content\/uploads\/2025\/12\/balkon3-scaled.jpg\" data-elementor-open-lightbox=\"yes\" data-elementor-lightbox-slideshow=\"ed71816\" data-e-action-hash=\"#elementor-action%3Aaction%3Dlightbox%26settings%3DeyJpZCI6MTk1OTQsInVybCI6Imh0dHBzOlwvXC9wb3Qtb2xlLmRrXC93cC1jb250ZW50XC91cGxvYWRzXC8yMDI1XC8xMlwvYmFsa29uMy1zY2FsZWQuanBnIiwic2xpZGVzaG93IjoiZWQ3MTgxNiJ9\" data-rel=\"-image-5\" data-rl_title=\"\" data-rl_caption=\"\" title=\"\">\n\t\t\t\t\t<div class=\"e-gallery-image elementor-gallery-item__image\" data-thumbnail=\"https:\/\/pot-ole.dk\/wp-content\/uploads\/2025\/12\/balkon3-1024x1536.jpg\" data-width=\"1024\" data-height=\"1536\" aria-label=\"\" role=\"img\" ><\/div>\n\t\t\t\t\t\t\t\t\t\t\t<div class=\"elementor-gallery-item__overlay\"><\/div>\n\t\t\t\t\t\t\t\t\t\t\t\t\t\t\t<div class=\"elementor-gallery-item__content\">\n\t\t\t\t\t\t\t\t\t\t\t\t\t\t<div class=\"elementor-gallery-item__title\">\n\t\t\t\t\t\t\t\t\t\t\t\t\t\t\t\t\t\tPhoto by: Vibeke Svenningsen\t\t\t\t\t\t\t\t<\/div>\n\t\t\t\t\t\t\t\t\t\t\t\t<\/div>\n\t\t\t\t\t\t\t\t\t<\/a>\n\t\t\t\t\t\t\t<a class=\"e-gallery-item elementor-gallery-item\" href=\"https:\/\/pot-ole.dk\/wp-content\/uploads\/2025\/12\/balkon2-scaled.jpg\" data-elementor-open-lightbox=\"yes\" data-elementor-lightbox-slideshow=\"ed71816\" data-e-action-hash=\"#elementor-action%3Aaction%3Dlightbox%26settings%3DeyJpZCI6MTk1OTksInVybCI6Imh0dHBzOlwvXC9wb3Qtb2xlLmRrXC93cC1jb250ZW50XC91cGxvYWRzXC8yMDI1XC8xMlwvYmFsa29uMi1zY2FsZWQuanBnIiwic2xpZGVzaG93IjoiZWQ3MTgxNiJ9\" data-rel=\"-image-6\" data-rl_title=\"\" data-rl_caption=\"\" title=\"\">\n\t\t\t\t\t<div class=\"e-gallery-image elementor-gallery-item__image\" data-thumbnail=\"https:\/\/pot-ole.dk\/wp-content\/uploads\/2025\/12\/balkon2-1024x1536.jpg\" data-width=\"1024\" data-height=\"1536\" aria-label=\"\" role=\"img\" ><\/div>\n\t\t\t\t\t\t\t\t\t\t\t<div class=\"elementor-gallery-item__overlay\"><\/div>\n\t\t\t\t\t\t\t\t\t\t\t\t\t\t\t<div class=\"elementor-gallery-item__content\">\n\t\t\t\t\t\t\t\t\t\t\t\t\t\t<div class=\"elementor-gallery-item__title\">\n\t\t\t\t\t\t\t\t\t\t\t\t\t\t\t\t\t\tPhoto by: Vibeke Svenningsen\t\t\t\t\t\t\t\t<\/div>\n\t\t\t\t\t\t\t\t\t\t\t\t<\/div>\n\t\t\t\t\t\t\t\t\t<\/a>\n\t\t\t\t\t<\/div>\n\t\t\t\t\t<\/div>\n\t\t\t\t<\/div>\n\t\t\t\t\t<\/div>\n\t\t\t\t<\/div>\n\t\t\t\t<\/div>\n\t\t","protected":false},"excerpt":{"rendered":"<p>Andre WET-design Familieeid selskap siden 1986 Balkonghage En hage p\u00e5 balkongen. Andre design fra WET gj\u00f8r det mulig \u00e5 vise frem og ha mange planter, urter og blomster p\u00e5 sv\u00e6rt f\u00e5 kvadratmeter. Ideen bak denne modellen oppsto etter hvert som interessen for planter vokste. Det var imidlertid ikke alltid nok plass i sm\u00e5 butikker og &#8230; <a title=\"Balkong Hage\" class=\"read-more\" href=\"https:\/\/pot-ole.dk\/no\/balkong-hage\/\" aria-label=\"Read more about Balkong Hage\">Les mer<\/a><\/p>\n","protected":false},"author":5,"featured_media":14747,"parent":0,"menu_order":1038,"comment_status":"closed","ping_status":"closed","template":"","meta":{"_acf_changed":false,"footnotes":""},"categories":[323],"class_list":{"0":"post-15860","1":"page","2":"type-page","3":"status-publish","4":"has-post-thumbnail","6":"category-vanningsbrett"},"acf":[],"yoast_head":"<!-- This site is optimized with the Yoast SEO plugin v27.4 - https:\/\/yoast.com\/product\/yoast-seo-wordpress\/ -->\n<title>Balkong Hage | W.E.T. BY POT OL\u00c9 ApS<\/title>\n<meta name=\"robots\" content=\"index, follow, max-snippet:-1, max-image-preview:large, max-video-preview:-1\" \/>\n<link rel=\"canonical\" href=\"https:\/\/pot-ole.dk\/no\/balkong-hage\/\" \/>\n<meta property=\"og:locale\" content=\"nb_NO\" \/>\n<meta property=\"og:type\" content=\"article\" \/>\n<meta property=\"og:title\" content=\"Balkong Hage | W.E.T. BY POT OL\u00c9 ApS\" \/>\n<meta property=\"og:description\" content=\"Andre WET-design Familieeid selskap siden 1986 Balkonghage En hage p\u00e5 balkongen. Andre design fra WET gj\u00f8r det mulig \u00e5 vise frem og ha mange planter, urter og blomster p\u00e5 sv\u00e6rt f\u00e5 kvadratmeter. Ideen bak denne modellen oppsto etter hvert som interessen for planter vokste. Det var imidlertid ikke alltid nok plass i sm\u00e5 butikker og ... Les mer\" \/>\n<meta property=\"og:url\" content=\"https:\/\/pot-ole.dk\/no\/balkong-hage\/\" \/>\n<meta property=\"og:site_name\" content=\"W.E.T. BY POT OL\u00c9 ApS\" \/>\n<meta property=\"article:modified_time\" content=\"2026-02-13T08:41:17+00:00\" \/>\n<meta property=\"og:image\" content=\"https:\/\/pot-ole.dk\/wp-content\/uploads\/2025\/08\/balconygarden_11663-1.jpg\" \/>\n\t<meta property=\"og:image:width\" content=\"1150\" \/>\n\t<meta property=\"og:image:height\" content=\"1533\" \/>\n\t<meta property=\"og:image:type\" content=\"image\/jpeg\" \/>\n<meta name=\"twitter:card\" content=\"summary_large_image\" \/>\n<meta name=\"twitter:label1\" content=\"Ansl. lesetid\" \/>\n\t<meta name=\"twitter:data1\" content=\"1 minutt\" \/>\n<script type=\"application\/ld+json\" class=\"yoast-schema-graph\">{\"@context\":\"https:\\\/\\\/schema.org\",\"@graph\":[{\"@type\":\"WebPage\",\"@id\":\"https:\\\/\\\/pot-ole.dk\\\/no\\\/balkong-hage\\\/\",\"url\":\"https:\\\/\\\/pot-ole.dk\\\/no\\\/balkong-hage\\\/\",\"name\":\"Balkong Hage | W.E.T. BY POT OL\u00c9 ApS\",\"isPartOf\":{\"@id\":\"https:\\\/\\\/pot-ole.dk\\\/no\\\/#website\"},\"primaryImageOfPage\":{\"@id\":\"https:\\\/\\\/pot-ole.dk\\\/no\\\/balkong-hage\\\/#primaryimage\"},\"image\":{\"@id\":\"https:\\\/\\\/pot-ole.dk\\\/no\\\/balkong-hage\\\/#primaryimage\"},\"thumbnailUrl\":\"https:\\\/\\\/pot-ole.dk\\\/wp-content\\\/uploads\\\/2025\\\/08\\\/balconygarden_11663-1.jpg\",\"datePublished\":\"2025-08-14T07:26:40+00:00\",\"dateModified\":\"2026-02-13T08:41:17+00:00\",\"breadcrumb\":{\"@id\":\"https:\\\/\\\/pot-ole.dk\\\/no\\\/balkong-hage\\\/#breadcrumb\"},\"inLanguage\":\"nb-NO\",\"potentialAction\":[{\"@type\":\"ReadAction\",\"target\":[\"https:\\\/\\\/pot-ole.dk\\\/no\\\/balkong-hage\\\/\"]}]},{\"@type\":\"ImageObject\",\"inLanguage\":\"nb-NO\",\"@id\":\"https:\\\/\\\/pot-ole.dk\\\/no\\\/balkong-hage\\\/#primaryimage\",\"url\":\"https:\\\/\\\/pot-ole.dk\\\/wp-content\\\/uploads\\\/2025\\\/08\\\/balconygarden_11663-1.jpg\",\"contentUrl\":\"https:\\\/\\\/pot-ole.dk\\\/wp-content\\\/uploads\\\/2025\\\/08\\\/balconygarden_11663-1.jpg\",\"width\":1150,\"height\":1533},{\"@type\":\"BreadcrumbList\",\"@id\":\"https:\\\/\\\/pot-ole.dk\\\/no\\\/balkong-hage\\\/#breadcrumb\",\"itemListElement\":[{\"@type\":\"ListItem\",\"position\":1,\"name\":\"Forside\",\"item\":\"https:\\\/\\\/pot-ole.dk\\\/no\\\/front\\\/\"},{\"@type\":\"ListItem\",\"position\":2,\"name\":\"Balkong Hage\"}]},{\"@type\":\"WebSite\",\"@id\":\"https:\\\/\\\/pot-ole.dk\\\/no\\\/#website\",\"url\":\"https:\\\/\\\/pot-ole.dk\\\/no\\\/\",\"name\":\"W.E.T. BY POT OL\u00c9 ApS\",\"description\":\"W.E.T. BY POT OL\u00c9 ApS:\",\"publisher\":{\"@id\":\"https:\\\/\\\/pot-ole.dk\\\/no\\\/#organization\"},\"potentialAction\":[{\"@type\":\"SearchAction\",\"target\":{\"@type\":\"EntryPoint\",\"urlTemplate\":\"https:\\\/\\\/pot-ole.dk\\\/no\\\/?s={search_term_string}\"},\"query-input\":{\"@type\":\"PropertyValueSpecification\",\"valueRequired\":true,\"valueName\":\"search_term_string\"}}],\"inLanguage\":\"nb-NO\"},{\"@type\":\"Organization\",\"@id\":\"https:\\\/\\\/pot-ole.dk\\\/no\\\/#organization\",\"name\":\"W.E.T. BY POT OL\u00c9 ApS\",\"url\":\"https:\\\/\\\/pot-ole.dk\\\/no\\\/\",\"logo\":{\"@type\":\"ImageObject\",\"inLanguage\":\"nb-NO\",\"@id\":\"https:\\\/\\\/pot-ole.dk\\\/no\\\/#\\\/schema\\\/logo\\\/image\\\/\",\"url\":\"https:\\\/\\\/pot-ole.dk\\\/wp-content\\\/uploads\\\/2025\\\/07\\\/logo_hvid_1360_2878.svg\",\"contentUrl\":\"https:\\\/\\\/pot-ole.dk\\\/wp-content\\\/uploads\\\/2025\\\/07\\\/logo_hvid_1360_2878.svg\",\"width\":163,\"height\":66,\"caption\":\"W.E.T. BY POT OL\u00c9 ApS\"},\"image\":{\"@id\":\"https:\\\/\\\/pot-ole.dk\\\/no\\\/#\\\/schema\\\/logo\\\/image\\\/\"}}]}<\/script>\n<!-- \/ Yoast SEO plugin. -->","yoast_head_json":{"title":"Balkong Hage | W.E.T. BY POT OL\u00c9 ApS","robots":{"index":"index","follow":"follow","max-snippet":"max-snippet:-1","max-image-preview":"max-image-preview:large","max-video-preview":"max-video-preview:-1"},"canonical":"https:\/\/pot-ole.dk\/no\/balkong-hage\/","og_locale":"nb_NO","og_type":"article","og_title":"Balkong Hage | W.E.T. BY POT OL\u00c9 ApS","og_description":"Andre WET-design Familieeid selskap siden 1986 Balkonghage En hage p\u00e5 balkongen. Andre design fra WET gj\u00f8r det mulig \u00e5 vise frem og ha mange planter, urter og blomster p\u00e5 sv\u00e6rt f\u00e5 kvadratmeter. Ideen bak denne modellen oppsto etter hvert som interessen for planter vokste. Det var imidlertid ikke alltid nok plass i sm\u00e5 butikker og ... Les mer","og_url":"https:\/\/pot-ole.dk\/no\/balkong-hage\/","og_site_name":"W.E.T. BY POT OL\u00c9 ApS","article_modified_time":"2026-02-13T08:41:17+00:00","og_image":[{"width":1150,"height":1533,"url":"https:\/\/pot-ole.dk\/wp-content\/uploads\/2025\/08\/balconygarden_11663-1.jpg","type":"image\/jpeg"}],"twitter_card":"summary_large_image","twitter_misc":{"Ansl. lesetid":"1 minutt"},"schema":{"@context":"https:\/\/schema.org","@graph":[{"@type":"WebPage","@id":"https:\/\/pot-ole.dk\/no\/balkong-hage\/","url":"https:\/\/pot-ole.dk\/no\/balkong-hage\/","name":"Balkong Hage | W.E.T. BY POT OL\u00c9 ApS","isPartOf":{"@id":"https:\/\/pot-ole.dk\/no\/#website"},"primaryImageOfPage":{"@id":"https:\/\/pot-ole.dk\/no\/balkong-hage\/#primaryimage"},"image":{"@id":"https:\/\/pot-ole.dk\/no\/balkong-hage\/#primaryimage"},"thumbnailUrl":"https:\/\/pot-ole.dk\/wp-content\/uploads\/2025\/08\/balconygarden_11663-1.jpg","datePublished":"2025-08-14T07:26:40+00:00","dateModified":"2026-02-13T08:41:17+00:00","breadcrumb":{"@id":"https:\/\/pot-ole.dk\/no\/balkong-hage\/#breadcrumb"},"inLanguage":"nb-NO","potentialAction":[{"@type":"ReadAction","target":["https:\/\/pot-ole.dk\/no\/balkong-hage\/"]}]},{"@type":"ImageObject","inLanguage":"nb-NO","@id":"https:\/\/pot-ole.dk\/no\/balkong-hage\/#primaryimage","url":"https:\/\/pot-ole.dk\/wp-content\/uploads\/2025\/08\/balconygarden_11663-1.jpg","contentUrl":"https:\/\/pot-ole.dk\/wp-content\/uploads\/2025\/08\/balconygarden_11663-1.jpg","width":1150,"height":1533},{"@type":"BreadcrumbList","@id":"https:\/\/pot-ole.dk\/no\/balkong-hage\/#breadcrumb","itemListElement":[{"@type":"ListItem","position":1,"name":"Forside","item":"https:\/\/pot-ole.dk\/no\/front\/"},{"@type":"ListItem","position":2,"name":"Balkong Hage"}]},{"@type":"WebSite","@id":"https:\/\/pot-ole.dk\/no\/#website","url":"https:\/\/pot-ole.dk\/no\/","name":"W.E.T. BY POT OL\u00c9 ApS","description":"W.E.T. BY POT OL\u00c9 ApS:","publisher":{"@id":"https:\/\/pot-ole.dk\/no\/#organization"},"potentialAction":[{"@type":"SearchAction","target":{"@type":"EntryPoint","urlTemplate":"https:\/\/pot-ole.dk\/no\/?s={search_term_string}"},"query-input":{"@type":"PropertyValueSpecification","valueRequired":true,"valueName":"search_term_string"}}],"inLanguage":"nb-NO"},{"@type":"Organization","@id":"https:\/\/pot-ole.dk\/no\/#organization","name":"W.E.T. BY POT OL\u00c9 ApS","url":"https:\/\/pot-ole.dk\/no\/","logo":{"@type":"ImageObject","inLanguage":"nb-NO","@id":"https:\/\/pot-ole.dk\/no\/#\/schema\/logo\/image\/","url":"https:\/\/pot-ole.dk\/wp-content\/uploads\/2025\/07\/logo_hvid_1360_2878.svg","contentUrl":"https:\/\/pot-ole.dk\/wp-content\/uploads\/2025\/07\/logo_hvid_1360_2878.svg","width":163,"height":66,"caption":"W.E.T. BY POT OL\u00c9 ApS"},"image":{"@id":"https:\/\/pot-ole.dk\/no\/#\/schema\/logo\/image\/"}}]}},"_links":{"self":[{"href":"https:\/\/pot-ole.dk\/no\/wp-json\/wp\/v2\/pages\/15860","targetHints":{"allow":["GET"]}}],"collection":[{"href":"https:\/\/pot-ole.dk\/no\/wp-json\/wp\/v2\/pages"}],"about":[{"href":"https:\/\/pot-ole.dk\/no\/wp-json\/wp\/v2\/types\/page"}],"author":[{"embeddable":true,"href":"https:\/\/pot-ole.dk\/no\/wp-json\/wp\/v2\/users\/5"}],"replies":[{"embeddable":true,"href":"https:\/\/pot-ole.dk\/no\/wp-json\/wp\/v2\/comments?post=15860"}],"version-history":[{"count":11,"href":"https:\/\/pot-ole.dk\/no\/wp-json\/wp\/v2\/pages\/15860\/revisions"}],"predecessor-version":[{"id":20900,"href":"https:\/\/pot-ole.dk\/no\/wp-json\/wp\/v2\/pages\/15860\/revisions\/20900"}],"wp:featuredmedia":[{"embeddable":true,"href":"https:\/\/pot-ole.dk\/no\/wp-json\/wp\/v2\/media\/14747"}],"wp:attachment":[{"href":"https:\/\/pot-ole.dk\/no\/wp-json\/wp\/v2\/media?parent=15860"}],"wp:term":[{"taxonomy":"category","embeddable":true,"href":"https:\/\/pot-ole.dk\/no\/wp-json\/wp\/v2\/categories?post=15860"}],"curies":[{"name":"wp","href":"https:\/\/api.w.org\/{rel}","templated":true}]}}