{"id":16137,"date":"2025-07-22T09:26:39","date_gmt":"2025-07-22T07:26:39","guid":{"rendered":"https:\/\/pot-ole.dk\/franzoesisch-inspiriert\/"},"modified":"2026-03-23T13:44:56","modified_gmt":"2026-03-23T12:44:56","slug":"franzoesisch-inspiriert","status":"publish","type":"page","link":"https:\/\/pot-ole.dk\/de\/franzoesisch-inspiriert\/","title":{"rendered":"Franz\u00f6sisch inspiriert"},"content":{"rendered":"\t\t<div data-elementor-type=\"wp-page\" data-elementor-id=\"16137\" class=\"elementor elementor-16137 elementor-9555\" data-elementor-post-type=\"page\">\n\t\t\t\t<div class=\"elementor-element elementor-element-865fbc0 e-flex e-con-boxed e-con e-parent\" data-id=\"865fbc0\" data-element_type=\"container\" data-e-type=\"container\" data-settings=\"{&quot;background_background&quot;:&quot;classic&quot;,&quot;shape_divider_bottom&quot;:&quot;waves&quot;}\">\n\t\t\t\t\t<div class=\"e-con-inner\">\n\t\t\t\t<div class=\"elementor-shape elementor-shape-bottom\" aria-hidden=\"true\" data-negative=\"false\">\n\t\t\t<svg xmlns=\"http:\/\/www.w3.org\/2000\/svg\" viewBox=\"0 0 1000 100\" preserveAspectRatio=\"none\">\n\t<path class=\"elementor-shape-fill\" d=\"M421.9,6.5c22.6-2.5,51.5,0.4,75.5,5.3c23.6,4.9,70.9,23.5,100.5,35.7c75.8,32.2,133.7,44.5,192.6,49.7\n\tc23.6,2.1,48.7,3.5,103.4-2.5c54.7-6,106.2-25.6,106.2-25.6V0H0v30.3c0,0,72,32.6,158.4,30.5c39.2-0.7,92.8-6.7,134-22.4\n\tc21.2-8.1,52.2-18.2,79.7-24.2C399.3,7.9,411.6,7.5,421.9,6.5z\"\/>\n<\/svg>\t\t<\/div>\n\t\t<div class=\"elementor-element elementor-element-8f85ad5 e-con-full no-padding e-flex e-con e-child\" data-id=\"8f85ad5\" data-element_type=\"container\" data-e-type=\"container\">\n\t\t\t\t<div class=\"elementor-element elementor-element-613ca82 elementor-widget elementor-widget-heading\" data-id=\"613ca82\" data-element_type=\"widget\" data-e-type=\"widget\" data-widget_type=\"heading.default\">\n\t\t\t\t<div class=\"elementor-widget-container\">\n\t\t\t\t\t<h1 class=\"elementor-heading-title elementor-size-default\">Franz\u00f6sisch inspirierte Gef\u00e4\u00dfe f\u00fcr jeden Raum<\/h1>\t\t\t\t<\/div>\n\t\t\t\t<\/div>\n\t\t\t\t<\/div>\n\t\t\t\t\t<\/div>\n\t\t\t\t<\/div>\n\t\t<div class=\"elementor-element elementor-element-9ec6327 e-flex e-con-boxed e-con e-parent\" data-id=\"9ec6327\" data-element_type=\"container\" data-e-type=\"container\" data-settings=\"{&quot;background_background&quot;:&quot;classic&quot;}\">\n\t\t\t\t\t<div class=\"e-con-inner\">\n\t\t<div class=\"elementor-element elementor-element-a8b8d29 e-con-full e-flex e-con e-child\" data-id=\"a8b8d29\" data-element_type=\"container\" data-e-type=\"container\">\n\t\t<div class=\"elementor-element elementor-element-eaa281b e-con-full e-flex e-con e-child\" data-id=\"eaa281b\" data-element_type=\"container\" data-e-type=\"container\">\n\t\t\t\t<div class=\"elementor-element elementor-element-f2987b6 elementor-widget-tablet__width-inherit elementor-widget-mobile__width-inherit elementor-widget elementor-widget-text-editor\" data-id=\"f2987b6\" data-element_type=\"widget\" data-e-type=\"widget\" data-widget_type=\"text-editor.default\">\n\t\t\t\t<div class=\"elementor-widget-container\">\n\t\t\t\t\t\t\t\t\t<p class=\"custom125 custom126\">Blument\u00f6pfe f\u00fcr Unternehmen<\/p>\t\t\t\t\t\t\t\t<\/div>\n\t\t\t\t<\/div>\n\t\t\t\t<div class=\"elementor-element elementor-element-614134f elementor-widget elementor-widget-text-editor\" data-id=\"614134f\" data-element_type=\"widget\" data-e-type=\"widget\" data-widget_type=\"text-editor.default\">\n\t\t\t\t<div class=\"elementor-widget-container\">\n\t\t\t\t\t\t\t\t\t<div class=\"column step-3-12 step-2-6\"><div id=\"site-container-58587\" class=\"Container Placeholder con-142 \" data-snap=\"1\"><div class=\"row\"><div class=\"column step-3-12\"><div id=\"site-container-58586\" class=\"Container ModuleElement Textarea AutoResizable con-113 \" data-snap=\"1\" data-containertype=\"Textarea\" data-moduleelement=\"20000\"><div class=\"Module-20000 Textarea\"><h2>Gro\u00dfhandel mit gro\u00dfen und kleinen Gl\u00e4sern<\/h2><p>Bei WET By Pot Ol\u00e9 verkaufen wir s\u00fcdeurop\u00e4isch inspirierte Terrakotta-T\u00f6pfe und -Kr\u00fcge. Durch unsere langj\u00e4hrige Zusammenarbeit und die enge Beziehung zu unserem Lieferanten in Vietnam k\u00f6nnen wir ma\u00dfgeschneiderte L\u00f6sungen f\u00fcr Ihre Bed\u00fcrfnisse entwickeln \u2013 sowohl in Bezug auf Gr\u00f6\u00dfen, Modelle als auch Farben. <\/p><p>Wir verkaufen unsere T\u00f6pfe im Gro\u00dfhandel an Gartencenter, Blumenl\u00e4den, Baumschulen, Hofl\u00e4den und verschiedene andere Arten von gewerblichen Kunden.<\/p><p>Wir arbeiten mit Unternehmen im ganzen Land zusammen, unter anderem in J\u00fctland, Seeland und F\u00fcnen, aber viele unserer Gl\u00e4ser, die italienisch, franz\u00f6sisch und griechisch inspiriert sind, werden auch in den nordischen L\u00e4ndern und in den meisten Teilen Europas verkauft.  <\/p><h3>T\u00f6pfe f\u00fcr drinnen und drau\u00dfen<\/h3><p>Wir verkaufen Terrakottat\u00f6pfe im italienischen und franz\u00f6sischen Stil f\u00fcr den Innen- und Au\u00dfenbereich.<\/p><p>Die T\u00f6pfe sind frostsicher und k\u00f6nnen daher das ganze Jahr \u00fcber im Au\u00dfenbereich verwendet werden. Sie werden von Jahr zu Jahr sch\u00f6ner, da sie zu 100 % aus Terrakotta bestehen und alles aufnehmen, wodurch die gew\u00fcnschte und beliebte Patina entsteht.   <\/p><h3>W\u00e4hlen Sie aus vielen verschiedenen Gr\u00f6\u00dfen und Formen<\/h3><p>Unsere italienisch und franz\u00f6sisch inspirierten T\u00f6pfe sind in verschiedenen Gr\u00f6\u00dfen, Farben und Formen erh\u00e4ltlich. So haben Sie und Ihre Kunden die M\u00f6glichkeit, T\u00f6pfe f\u00fcr jeden Bedarf und Zweck zu finden, sowohl drinnen als auch drau\u00dfen. Sie eignen sich au\u00dferdem f\u00fcr alle Arten von Blumen und Pflanzen.    <\/p><\/div><\/div><\/div><\/div><\/div><\/div>\t\t\t\t\t\t\t\t<\/div>\n\t\t\t\t<\/div>\n\t\t\t\t<\/div>\n\t\t<div class=\"elementor-element elementor-element-b352324 e-con-full e-flex e-con e-child\" data-id=\"b352324\" data-element_type=\"container\" data-e-type=\"container\" data-settings=\"{&quot;background_background&quot;:&quot;classic&quot;}\">\n\t\t\t\t<\/div>\n\t\t\t\t<\/div>\n\t\t\t\t\t<\/div>\n\t\t\t\t<\/div>\n\t\t<div class=\"elementor-element elementor-element-6731456 e-flex e-con-boxed e-con e-parent\" data-id=\"6731456\" data-element_type=\"container\" data-e-type=\"container\" data-settings=\"{&quot;background_background&quot;:&quot;classic&quot;}\">\n\t\t\t\t\t<div class=\"e-con-inner\">\n\t\t<div class=\"elementor-element elementor-element-7a4db39 e-con-full e-flex e-con e-child\" data-id=\"7a4db39\" data-element_type=\"container\" data-e-type=\"container\">\n\t\t\t\t<div class=\"elementor-element elementor-element-bff81f4 elementor-widget-tablet__width-inherit elementor-widget-mobile__width-inherit elementor-widget elementor-widget-text-editor\" data-id=\"bff81f4\" data-element_type=\"widget\" data-e-type=\"widget\" data-widget_type=\"text-editor.default\">\n\t\t\t\t<div class=\"elementor-widget-container\">\n\t\t\t\t\t\t\t\t\t<p class=\"custom125 custom126\">Blument\u00f6pfe f\u00fcr Unternehmen<\/p>\t\t\t\t\t\t\t\t<\/div>\n\t\t\t\t<\/div>\n\t\t\t\t<div class=\"elementor-element elementor-element-3b0b55f elementor-widget elementor-widget-text-editor\" data-id=\"3b0b55f\" data-element_type=\"widget\" data-e-type=\"widget\" data-widget_type=\"text-editor.default\">\n\t\t\t\t<div class=\"elementor-widget-container\">\n\t\t\t\t\t\t\t\t\t<h2>Unsere italienisch, franz\u00f6sisch und griechisch inspirierten Gl\u00e4ser sind ein zeitloser Klassiker<\/h2><p>Unsere Gl\u00e4ser sind ein zeitloser Klassiker, der nie aus der Mode kommt. Die Gl\u00e4ser haben ein romantisches, rustikales und nat\u00fcrliches Aussehen, das in jede Umgebung passt. <\/p><p>Dar\u00fcber hinaus sind alle T\u00f6pfe handgedrechselt, einzigartig und antik. Sie sind eine dekorative Dekoration, egal ob im Garten, im Haus, im Gesch\u00e4ft oder anderswo. Wir verkaufen auch unsere sehr beliebten kleinen Terrakotta-T\u00f6pfe mit einem Durchmesser von 6 cm bis 32 cm.    <\/p><h3>Kontaktieren Sie uns f\u00fcr weitere Informationen zu unserem Sortiment und unseren Preisen.<\/h3><p>Gerne k\u00f6nnen Sie uns \u00fcber unser <a href=\"https:\/\/pot-ole.dk\/de\/kontakt\/\">Kontaktformular<\/a> kontaktieren. Wenn Sie eine Preisanfrage haben oder weitere Informationen \u00fcber unser Sortiment an sch\u00f6nen und rustikalen Einmachgl\u00e4sern erhalten m\u00f6chten, werden wir Ihre Anfrage so schnell wie m\u00f6glich beantworten.<\/p>\t\t\t\t\t\t\t\t<\/div>\n\t\t\t\t<\/div>\n\t\t\t\t<\/div>\n\t\t<div class=\"elementor-element elementor-element-3fd02d7 e-con-full e-flex e-con e-child\" data-id=\"3fd02d7\" data-element_type=\"container\" data-e-type=\"container\" data-settings=\"{&quot;background_background&quot;:&quot;classic&quot;}\">\n\t\t\t\t<\/div>\n\t\t\t\t\t<\/div>\n\t\t\t\t<\/div>\n\t\t\t\t<\/div>\n\t\t","protected":false},"excerpt":{"rendered":"<p>Franz\u00f6sisch inspirierte Gef\u00e4\u00dfe f\u00fcr jeden Raum Blument\u00f6pfe f\u00fcr Unternehmen Gro\u00dfhandel mit gro\u00dfen und kleinen Gl\u00e4sern Bei WET By Pot Ol\u00e9 verkaufen wir s\u00fcdeurop\u00e4isch inspirierte Terrakotta-T\u00f6pfe und -Kr\u00fcge. Durch unsere langj\u00e4hrige Zusammenarbeit und die enge Beziehung zu unserem Lieferanten in Vietnam k\u00f6nnen wir ma\u00dfgeschneiderte L\u00f6sungen f\u00fcr Ihre Bed\u00fcrfnisse entwickeln \u2013 sowohl in Bezug auf Gr\u00f6\u00dfen, Modelle &#8230; <a title=\"Franz\u00f6sisch inspiriert\" class=\"read-more\" href=\"https:\/\/pot-ole.dk\/de\/franzoesisch-inspiriert\/\" aria-label=\"Mehr Informationen \u00fcber Franz\u00f6sisch inspiriert\">Weiterlesen &#8230;<\/a><\/p>\n","protected":false},"author":5,"featured_media":0,"parent":0,"menu_order":1013,"comment_status":"closed","ping_status":"closed","template":"","meta":{"_acf_changed":false,"footnotes":""},"categories":[],"class_list":["post-16137","page","type-page","status-publish"],"acf":[],"yoast_head":"<!-- This site is optimized with the Yoast SEO plugin v27.4 - https:\/\/yoast.com\/product\/yoast-seo-wordpress\/ -->\n<title>Italienisch inspirierte Gl\u00e4ser, die in der gesamten nordischen Region verkauft werden<\/title>\n<meta name=\"description\" content=\"Wir verkaufen italienisch inspirierte T\u00f6pfe f\u00fcr den Garten oder den Laden in ganz Skandinavien. Lesen Sie mehr auf unserer Website und sehen Sie sich die Auswahl an.\" \/>\n<meta name=\"robots\" content=\"index, follow, max-snippet:-1, max-image-preview:large, max-video-preview:-1\" \/>\n<link rel=\"canonical\" href=\"https:\/\/pot-ole.dk\/de\/franzoesisch-inspiriert\/\" \/>\n<meta property=\"og:locale\" content=\"de_DE\" \/>\n<meta property=\"og:type\" content=\"article\" \/>\n<meta property=\"og:title\" content=\"Italienisch inspirierte Gl\u00e4ser, die in der gesamten nordischen Region verkauft werden\" \/>\n<meta property=\"og:description\" content=\"Wir verkaufen italienisch inspirierte T\u00f6pfe f\u00fcr den Garten oder den Laden in ganz Skandinavien. Lesen Sie mehr auf unserer Website und sehen Sie sich die Auswahl an.\" \/>\n<meta property=\"og:url\" content=\"https:\/\/pot-ole.dk\/de\/franzoesisch-inspiriert\/\" \/>\n<meta property=\"og:site_name\" content=\"W.E.T. BY POT OL\u00c9 ApS\" \/>\n<meta property=\"article:modified_time\" content=\"2026-03-23T12:44:56+00:00\" \/>\n<meta name=\"twitter:card\" content=\"summary_large_image\" \/>\n<meta name=\"twitter:label1\" content=\"Gesch\u00e4tzte Lesezeit\" \/>\n\t<meta name=\"twitter:data1\" content=\"2\u00a0Minuten\" \/>\n<script type=\"application\/ld+json\" class=\"yoast-schema-graph\">{\"@context\":\"https:\\\/\\\/schema.org\",\"@graph\":[{\"@type\":\"WebPage\",\"@id\":\"https:\\\/\\\/pot-ole.dk\\\/de\\\/franzoesisch-inspiriert\\\/\",\"url\":\"https:\\\/\\\/pot-ole.dk\\\/de\\\/franzoesisch-inspiriert\\\/\",\"name\":\"Italienisch inspirierte Gl\u00e4ser, die in der gesamten nordischen Region verkauft werden\",\"isPartOf\":{\"@id\":\"https:\\\/\\\/pot-ole.dk\\\/de\\\/#website\"},\"datePublished\":\"2025-07-22T07:26:39+00:00\",\"dateModified\":\"2026-03-23T12:44:56+00:00\",\"description\":\"Wir verkaufen italienisch inspirierte T\u00f6pfe f\u00fcr den Garten oder den Laden in ganz Skandinavien. Lesen Sie mehr auf unserer Website und sehen Sie sich die Auswahl an.\",\"breadcrumb\":{\"@id\":\"https:\\\/\\\/pot-ole.dk\\\/de\\\/franzoesisch-inspiriert\\\/#breadcrumb\"},\"inLanguage\":\"de\",\"potentialAction\":[{\"@type\":\"ReadAction\",\"target\":[\"https:\\\/\\\/pot-ole.dk\\\/de\\\/franzoesisch-inspiriert\\\/\"]}]},{\"@type\":\"BreadcrumbList\",\"@id\":\"https:\\\/\\\/pot-ole.dk\\\/de\\\/franzoesisch-inspiriert\\\/#breadcrumb\",\"itemListElement\":[{\"@type\":\"ListItem\",\"position\":1,\"name\":\"Forside\",\"item\":\"https:\\\/\\\/pot-ole.dk\\\/de\\\/front\\\/\"},{\"@type\":\"ListItem\",\"position\":2,\"name\":\"Franz\u00f6sisch inspiriert\"}]},{\"@type\":\"WebSite\",\"@id\":\"https:\\\/\\\/pot-ole.dk\\\/de\\\/#website\",\"url\":\"https:\\\/\\\/pot-ole.dk\\\/de\\\/\",\"name\":\"W.E.T. BY POT OL\u00c9 ApS\",\"description\":\"W.E.T. BY POT OL\u00c9 ApS:\",\"publisher\":{\"@id\":\"https:\\\/\\\/pot-ole.dk\\\/de\\\/#organization\"},\"potentialAction\":[{\"@type\":\"SearchAction\",\"target\":{\"@type\":\"EntryPoint\",\"urlTemplate\":\"https:\\\/\\\/pot-ole.dk\\\/de\\\/?s={search_term_string}\"},\"query-input\":{\"@type\":\"PropertyValueSpecification\",\"valueRequired\":true,\"valueName\":\"search_term_string\"}}],\"inLanguage\":\"de\"},{\"@type\":\"Organization\",\"@id\":\"https:\\\/\\\/pot-ole.dk\\\/de\\\/#organization\",\"name\":\"W.E.T. BY POT OL\u00c9 ApS\",\"url\":\"https:\\\/\\\/pot-ole.dk\\\/de\\\/\",\"logo\":{\"@type\":\"ImageObject\",\"inLanguage\":\"de\",\"@id\":\"https:\\\/\\\/pot-ole.dk\\\/de\\\/#\\\/schema\\\/logo\\\/image\\\/\",\"url\":\"https:\\\/\\\/pot-ole.dk\\\/wp-content\\\/uploads\\\/2025\\\/07\\\/logo_hvid_1360_2878.svg\",\"contentUrl\":\"https:\\\/\\\/pot-ole.dk\\\/wp-content\\\/uploads\\\/2025\\\/07\\\/logo_hvid_1360_2878.svg\",\"width\":163,\"height\":66,\"caption\":\"W.E.T. BY POT OL\u00c9 ApS\"},\"image\":{\"@id\":\"https:\\\/\\\/pot-ole.dk\\\/de\\\/#\\\/schema\\\/logo\\\/image\\\/\"}}]}<\/script>\n<!-- \/ Yoast SEO plugin. -->","yoast_head_json":{"title":"Italienisch inspirierte Gl\u00e4ser, die in der gesamten nordischen Region verkauft werden","description":"Wir verkaufen italienisch inspirierte T\u00f6pfe f\u00fcr den Garten oder den Laden in ganz Skandinavien. Lesen Sie mehr auf unserer Website und sehen Sie sich die Auswahl an.","robots":{"index":"index","follow":"follow","max-snippet":"max-snippet:-1","max-image-preview":"max-image-preview:large","max-video-preview":"max-video-preview:-1"},"canonical":"https:\/\/pot-ole.dk\/de\/franzoesisch-inspiriert\/","og_locale":"de_DE","og_type":"article","og_title":"Italienisch inspirierte Gl\u00e4ser, die in der gesamten nordischen Region verkauft werden","og_description":"Wir verkaufen italienisch inspirierte T\u00f6pfe f\u00fcr den Garten oder den Laden in ganz Skandinavien. Lesen Sie mehr auf unserer Website und sehen Sie sich die Auswahl an.","og_url":"https:\/\/pot-ole.dk\/de\/franzoesisch-inspiriert\/","og_site_name":"W.E.T. BY POT OL\u00c9 ApS","article_modified_time":"2026-03-23T12:44:56+00:00","twitter_card":"summary_large_image","twitter_misc":{"Gesch\u00e4tzte Lesezeit":"2\u00a0Minuten"},"schema":{"@context":"https:\/\/schema.org","@graph":[{"@type":"WebPage","@id":"https:\/\/pot-ole.dk\/de\/franzoesisch-inspiriert\/","url":"https:\/\/pot-ole.dk\/de\/franzoesisch-inspiriert\/","name":"Italienisch inspirierte Gl\u00e4ser, die in der gesamten nordischen Region verkauft werden","isPartOf":{"@id":"https:\/\/pot-ole.dk\/de\/#website"},"datePublished":"2025-07-22T07:26:39+00:00","dateModified":"2026-03-23T12:44:56+00:00","description":"Wir verkaufen italienisch inspirierte T\u00f6pfe f\u00fcr den Garten oder den Laden in ganz Skandinavien. Lesen Sie mehr auf unserer Website und sehen Sie sich die Auswahl an.","breadcrumb":{"@id":"https:\/\/pot-ole.dk\/de\/franzoesisch-inspiriert\/#breadcrumb"},"inLanguage":"de","potentialAction":[{"@type":"ReadAction","target":["https:\/\/pot-ole.dk\/de\/franzoesisch-inspiriert\/"]}]},{"@type":"BreadcrumbList","@id":"https:\/\/pot-ole.dk\/de\/franzoesisch-inspiriert\/#breadcrumb","itemListElement":[{"@type":"ListItem","position":1,"name":"Forside","item":"https:\/\/pot-ole.dk\/de\/front\/"},{"@type":"ListItem","position":2,"name":"Franz\u00f6sisch inspiriert"}]},{"@type":"WebSite","@id":"https:\/\/pot-ole.dk\/de\/#website","url":"https:\/\/pot-ole.dk\/de\/","name":"W.E.T. BY POT OL\u00c9 ApS","description":"W.E.T. BY POT OL\u00c9 ApS:","publisher":{"@id":"https:\/\/pot-ole.dk\/de\/#organization"},"potentialAction":[{"@type":"SearchAction","target":{"@type":"EntryPoint","urlTemplate":"https:\/\/pot-ole.dk\/de\/?s={search_term_string}"},"query-input":{"@type":"PropertyValueSpecification","valueRequired":true,"valueName":"search_term_string"}}],"inLanguage":"de"},{"@type":"Organization","@id":"https:\/\/pot-ole.dk\/de\/#organization","name":"W.E.T. BY POT OL\u00c9 ApS","url":"https:\/\/pot-ole.dk\/de\/","logo":{"@type":"ImageObject","inLanguage":"de","@id":"https:\/\/pot-ole.dk\/de\/#\/schema\/logo\/image\/","url":"https:\/\/pot-ole.dk\/wp-content\/uploads\/2025\/07\/logo_hvid_1360_2878.svg","contentUrl":"https:\/\/pot-ole.dk\/wp-content\/uploads\/2025\/07\/logo_hvid_1360_2878.svg","width":163,"height":66,"caption":"W.E.T. BY POT OL\u00c9 ApS"},"image":{"@id":"https:\/\/pot-ole.dk\/de\/#\/schema\/logo\/image\/"}}]}},"_links":{"self":[{"href":"https:\/\/pot-ole.dk\/de\/wp-json\/wp\/v2\/pages\/16137","targetHints":{"allow":["GET"]}}],"collection":[{"href":"https:\/\/pot-ole.dk\/de\/wp-json\/wp\/v2\/pages"}],"about":[{"href":"https:\/\/pot-ole.dk\/de\/wp-json\/wp\/v2\/types\/page"}],"author":[{"embeddable":true,"href":"https:\/\/pot-ole.dk\/de\/wp-json\/wp\/v2\/users\/5"}],"replies":[{"embeddable":true,"href":"https:\/\/pot-ole.dk\/de\/wp-json\/wp\/v2\/comments?post=16137"}],"version-history":[{"count":6,"href":"https:\/\/pot-ole.dk\/de\/wp-json\/wp\/v2\/pages\/16137\/revisions"}],"predecessor-version":[{"id":21494,"href":"https:\/\/pot-ole.dk\/de\/wp-json\/wp\/v2\/pages\/16137\/revisions\/21494"}],"wp:attachment":[{"href":"https:\/\/pot-ole.dk\/de\/wp-json\/wp\/v2\/media?parent=16137"}],"wp:term":[{"taxonomy":"category","embeddable":true,"href":"https:\/\/pot-ole.dk\/de\/wp-json\/wp\/v2\/categories?post=16137"}],"curies":[{"name":"wp","href":"https:\/\/api.w.org\/{rel}","templated":true}]}}