{"id":16031,"date":"2025-07-22T09:26:40","date_gmt":"2025-07-22T07:26:40","guid":{"rendered":"https:\/\/pot-ole.dk\/pflanzschalen\/"},"modified":"2026-03-20T09:45:38","modified_gmt":"2026-03-20T08:45:38","slug":"pflanzschalen","status":"publish","type":"page","link":"https:\/\/pot-ole.dk\/de\/pflanzschalen\/","title":{"rendered":"Pflanzschalen"},"content":{"rendered":"\t\t<div data-elementor-type=\"wp-page\" data-elementor-id=\"16031\" class=\"elementor elementor-16031 elementor-9575\" data-elementor-post-type=\"page\">\n\t\t\t\t<div class=\"elementor-element elementor-element-4387021 e-flex e-con-boxed e-con e-parent\" data-id=\"4387021\" data-element_type=\"container\" data-e-type=\"container\" data-settings=\"{&quot;background_background&quot;:&quot;classic&quot;,&quot;shape_divider_bottom&quot;:&quot;waves&quot;}\">\n\t\t\t\t\t<div class=\"e-con-inner\">\n\t\t\t\t<div class=\"elementor-shape elementor-shape-bottom\" aria-hidden=\"true\" data-negative=\"false\">\n\t\t\t<svg xmlns=\"http:\/\/www.w3.org\/2000\/svg\" viewBox=\"0 0 1000 100\" preserveAspectRatio=\"none\">\n\t<path class=\"elementor-shape-fill\" d=\"M421.9,6.5c22.6-2.5,51.5,0.4,75.5,5.3c23.6,4.9,70.9,23.5,100.5,35.7c75.8,32.2,133.7,44.5,192.6,49.7\n\tc23.6,2.1,48.7,3.5,103.4-2.5c54.7-6,106.2-25.6,106.2-25.6V0H0v30.3c0,0,72,32.6,158.4,30.5c39.2-0.7,92.8-6.7,134-22.4\n\tc21.2-8.1,52.2-18.2,79.7-24.2C399.3,7.9,411.6,7.5,421.9,6.5z\"\/>\n<\/svg>\t\t<\/div>\n\t\t<div class=\"elementor-element elementor-element-76e950c e-con-full no-padding e-flex e-con e-child\" data-id=\"76e950c\" data-element_type=\"container\" data-e-type=\"container\">\n\t\t\t\t<div class=\"elementor-element elementor-element-26f3ed4 elementor-widget elementor-widget-heading\" data-id=\"26f3ed4\" data-element_type=\"widget\" data-e-type=\"widget\" data-widget_type=\"heading.default\">\n\t\t\t\t<div class=\"elementor-widget-container\">\n\t\t\t\t\t<h1 class=\"elementor-heading-title elementor-size-default\">Pflanzschalen im Gro\u00dfhandel zu verkaufen<\/h1>\t\t\t\t<\/div>\n\t\t\t\t<\/div>\n\t\t\t\t<\/div>\n\t\t\t\t\t<\/div>\n\t\t\t\t<\/div>\n\t\t<div class=\"elementor-element elementor-element-72be810 e-flex e-con-boxed e-con e-parent\" data-id=\"72be810\" data-element_type=\"container\" data-e-type=\"container\">\n\t\t\t\t\t<div class=\"e-con-inner\">\n\t\t<div class=\"elementor-element elementor-element-74c3b4c e-con-full e-flex elementor-invisible e-con e-child\" data-id=\"74c3b4c\" data-element_type=\"container\" data-e-type=\"container\" data-settings=\"{&quot;animation&quot;:&quot;fadeIn&quot;,&quot;animation_delay&quot;:50}\">\n\t\t<div class=\"elementor-element elementor-element-a80bdb5 e-con-full e-flex e-con e-child\" data-id=\"a80bdb5\" data-element_type=\"container\" data-e-type=\"container\">\n\t\t\t\t<div class=\"elementor-element elementor-element-e3dfbc7 elementor-headline--style-highlight elementor-widget elementor-widget-animated-headline\" data-id=\"e3dfbc7\" data-element_type=\"widget\" data-e-type=\"widget\" data-settings=\"{&quot;marker&quot;:&quot;underline&quot;,&quot;highlighted_text&quot;:&quot;Pot Ol\\u00e9&quot;,&quot;headline_style&quot;:&quot;highlight&quot;,&quot;loop&quot;:&quot;yes&quot;,&quot;highlight_animation_duration&quot;:1200,&quot;highlight_iteration_delay&quot;:8000}\" data-widget_type=\"animated-headline.default\">\n\t\t\t\t<div class=\"elementor-widget-container\">\n\t\t\t\t\t\t\t<p class=\"elementor-headline\">\n\t\t\t\t<span class=\"elementor-headline-dynamic-wrapper elementor-headline-text-wrapper\">\n\t\t\t\t\t<span class=\"elementor-headline-dynamic-text elementor-headline-text-active\">Pot Ol\u00e9<\/span>\n\t\t\t\t<\/span>\n\t\t\t\t\t<span class=\"elementor-headline-plain-text elementor-headline-text-wrapper\">ist f\u00fchrend im Bereich einzigartiger und antiker T\u00f6pfe<\/span>\n\t\t\t\t\t<\/p>\n\t\t\t\t\t\t<\/div>\n\t\t\t\t<\/div>\n\t\t\t\t<div class=\"elementor-element elementor-element-fa99996 elementor-widget elementor-widget-text-editor\" data-id=\"fa99996\" data-element_type=\"widget\" data-e-type=\"widget\" data-widget_type=\"text-editor.default\">\n\t\t\t\t<div class=\"elementor-widget-container\">\n\t\t\t\t\t\t\t\t\t<h2>Verkauf von Zink-Pflanzschalen<\/h2><p>Bei WET By Pot Ol\u00e9 ApS verkaufen wir <a href=\"https:\/\/pot-ole.dk\/de\/\">Blument\u00f6pfe<\/a> sowie eine gro\u00dfe Auswahl an Zink-Pflanzschalen f\u00fcr vielf\u00e4ltige Zwecke. Zu unseren Kunden z\u00e4hlen vorwiegend Baumschulen und Gartencenter. Diese befinden sich unter anderem auf F\u00fcnen, Seeland und J\u00fctland. Wir beliefern Gesch\u00e4ftskunden in ganz Deutschland sowie im \u00fcbrigen Skandinavien und Europa.  <\/p><h2>Wir haben Pflanzenschalen in vielen verschiedenen Gr\u00f6\u00dfen, Formen und Farben.<\/h2><p class=\"\">Unsere Pflanzschalen aus Zink sind nicht nur besonders charmant, sondern auch \u00e4u\u00dferst praktisch. Sie eignen sich f\u00fcr vielf\u00e4ltige Blumendekorationen, da sie in verschiedenen Gr\u00f6\u00dfen und Farben erh\u00e4ltlich sind. So sind sie beispielsweise in der klassischen Zinkfarbe Silber sowie in Schwarz erh\u00e4ltlich. Zudem sind sie sowohl mit hohem als auch mit niedrigem Rand erh\u00e4ltlich.   <\/p>\t\t\t\t\t\t\t\t<\/div>\n\t\t\t\t<\/div>\n\t\t\t\t<\/div>\n\t\t<div class=\"elementor-element elementor-element-73361cd e-con-full e-flex e-con e-child\" data-id=\"73361cd\" data-element_type=\"container\" data-e-type=\"container\" data-settings=\"{&quot;background_background&quot;:&quot;classic&quot;}\">\n\t\t\t\t<\/div>\n\t\t\t\t<\/div>\n\t\t\t\t\t<\/div>\n\t\t\t\t<\/div>\n\t\t<div class=\"elementor-element elementor-element-e133ae8 e-flex e-con-boxed elementor-invisible e-con e-parent\" data-id=\"e133ae8\" data-element_type=\"container\" data-e-type=\"container\" data-settings=\"{&quot;background_background&quot;:&quot;classic&quot;,&quot;animation&quot;:&quot;fadeIn&quot;}\">\n\t\t\t\t\t<div class=\"e-con-inner\">\n\t\t<div class=\"elementor-element elementor-element-b1e69cb e-con-full e-flex e-con e-child\" data-id=\"b1e69cb\" data-element_type=\"container\" data-e-type=\"container\">\n\t\t\t\t<div class=\"elementor-element elementor-element-a4661fe elementor-headline--style-highlight elementor-widget elementor-widget-animated-headline\" data-id=\"a4661fe\" data-element_type=\"widget\" data-e-type=\"widget\" data-settings=\"{&quot;marker&quot;:&quot;underline&quot;,&quot;highlighted_text&quot;:&quot;Familienbesitz  &quot;,&quot;headline_style&quot;:&quot;highlight&quot;,&quot;loop&quot;:&quot;yes&quot;,&quot;highlight_animation_duration&quot;:1200,&quot;highlight_iteration_delay&quot;:8000}\" data-widget_type=\"animated-headline.default\">\n\t\t\t\t<div class=\"elementor-widget-container\">\n\t\t\t\t\t\t\t<p class=\"elementor-headline\">\n\t\t\t\t<span class=\"elementor-headline-dynamic-wrapper elementor-headline-text-wrapper\">\n\t\t\t\t\t<span class=\"elementor-headline-dynamic-text elementor-headline-text-active\">Familienbesitz  <\/span>\n\t\t\t\t<\/span>\n\t\t\t\t\t<span class=\"elementor-headline-plain-text elementor-headline-text-wrapper\">Unternehmen seit 1986<\/span>\n\t\t\t\t\t<\/p>\n\t\t\t\t\t\t<\/div>\n\t\t\t\t<\/div>\n\t\t\t\t<div class=\"elementor-element elementor-element-ebd203f elementor-widget elementor-widget-text-editor\" data-id=\"ebd203f\" data-element_type=\"widget\" data-e-type=\"widget\" data-widget_type=\"text-editor.default\">\n\t\t\t\t<div class=\"elementor-widget-container\">\n\t\t\t\t\t\t\t\t\t<h2>Machen Sie Ihre Blumenausstellung sch\u00f6n und einfach zu gie\u00dfen<\/h2><p>Unsere Pflanzschalen aus Zink sind \u00e4u\u00dferst robust und wiederverwendbar und eignen sich sowohl f\u00fcr den Innen- als auch f\u00fcr den Au\u00dfenbereich. Egal wo sie eingesetzt werden, sie sorgen garantiert f\u00fcr eine ansprechende und attraktive Blumenpr\u00e4sentation in jedem Gesch\u00e4ft und erleichtern das Gie\u00dfen.  <\/p><p>Eine \u00dcbersicht unseres Sortiments finden Sie <a class=\"custom7\" title=\"Mehr lesen\" href=\"https:\/\/pot-ole.dk\/de\/giessschalen\/\">hier<\/a> .  <\/p><h2>Wir verkaufen Gl\u00e4ser, T\u00f6pfe und Schalen seit 1986<\/h2><p class=\"\">WET By Pot Ol\u00e9 ApS ist ein Familienunternehmen, das seit vier Jahrzehnten Gartent\u00f6pfe und -gef\u00e4\u00dfe sowie <a title=\"Lesen Sie hier mehr \u00fcber unsere Bew\u00e4sserungsschalen!\" href=\"https:\/\/pot-ole.dk\/de\/pflanzschalen\/\"><strong>Gie\u00dfkannen<\/strong><\/a> und Pflanzk\u00fcbel an Kunden in Skandinavien und weiten Teilen Europas verkauft. Alle unsere Produkte sind von h\u00f6chster Qualit\u00e4t. Wir f\u00fchren auch eine gro\u00dfe Auswahl der beliebten franz\u00f6sisch inspirierten und vietnamesischen <a href=\"https:\/\/pot-ole.dk\/de\/grosse-glaeser\/\">Terrakottat\u00f6pfe<\/a> .<\/p><h2 class=\"\">Kontaktieren Sie uns mit Ihrer Preisanfrage<\/h2><p class=\"\">Gerne k\u00f6nnen Sie <a href=\"https:\/\/pot-ole.dk\/de\/kontakt\/\">uns kontaktieren,<\/a> wenn Sie eine Preisanfrage zu unseren Zink-Pflanzschalen oder unseren anderen Produkten haben.  <\/p>\t\t\t\t\t\t\t\t<\/div>\n\t\t\t\t<\/div>\n\t\t\t\t<div class=\"elementor-element elementor-element-c513c91 elementor-widget-divider--view-line elementor-widget elementor-widget-divider\" data-id=\"c513c91\" data-element_type=\"widget\" data-e-type=\"widget\" data-widget_type=\"divider.default\">\n\t\t\t\t<div class=\"elementor-widget-container\">\n\t\t\t\t\t\t\t<div class=\"elementor-divider\">\n\t\t\t<span class=\"elementor-divider-separator\">\n\t\t\t\t\t\t<\/span>\n\t\t<\/div>\n\t\t\t\t\t\t<\/div>\n\t\t\t\t<\/div>\n\t\t\t\t<\/div>\n\t\t<div class=\"elementor-element elementor-element-34a6fae e-con-full e-flex elementor-invisible e-con e-child\" data-id=\"34a6fae\" data-element_type=\"container\" data-e-type=\"container\" data-settings=\"{&quot;background_background&quot;:&quot;classic&quot;,&quot;animation&quot;:&quot;fadeIn&quot;}\">\n\t\t\t\t<\/div>\n\t\t\t\t\t<\/div>\n\t\t\t\t<\/div>\n\t\t\t\t<\/div>\n\t\t","protected":false},"excerpt":{"rendered":"<p>Pflanzschalen im Gro\u00dfhandel zu verkaufen Pot Ol\u00e9 ist f\u00fchrend im Bereich einzigartiger und antiker T\u00f6pfe Verkauf von Zink-Pflanzschalen Bei WET By Pot Ol\u00e9 ApS verkaufen wir Blument\u00f6pfe sowie eine gro\u00dfe Auswahl an Zink-Pflanzschalen f\u00fcr vielf\u00e4ltige Zwecke. Zu unseren Kunden z\u00e4hlen vorwiegend Baumschulen und Gartencenter. Diese befinden sich unter anderem auf F\u00fcnen, Seeland und J\u00fctland. Wir &#8230; <a title=\"Pflanzschalen\" class=\"read-more\" href=\"https:\/\/pot-ole.dk\/de\/pflanzschalen\/\" aria-label=\"Mehr Informationen \u00fcber Pflanzschalen\">Weiterlesen &#8230;<\/a><\/p>\n","protected":false},"author":5,"featured_media":14670,"parent":0,"menu_order":1033,"comment_status":"closed","ping_status":"closed","template":"","meta":{"_acf_changed":false,"footnotes":""},"categories":[],"class_list":["post-16031","page","type-page","status-publish","has-post-thumbnail"],"acf":[],"yoast_head":"<!-- This site is optimized with the Yoast SEO plugin v27.4 - https:\/\/yoast.com\/product\/yoast-seo-wordpress\/ -->\n<title>Pflanzentrays \u2013 Kunden auf Seeland, F\u00fcnen und J\u00fctland | Lesen Sie mehr!<\/title>\n<meta name=\"description\" content=\"Kaufen Sie Pflanzschalen bei uns \u2013 wir verkaufen an Kunden auf Seeland, F\u00fcnen und J\u00fctland | Qualit\u00e4t f\u00fcr Gartenbau und Gartenarbeit | Kontaktieren Sie uns noch heute!\" \/>\n<meta name=\"robots\" content=\"index, follow, max-snippet:-1, max-image-preview:large, max-video-preview:-1\" \/>\n<link rel=\"canonical\" href=\"https:\/\/pot-ole.dk\/de\/pflanzschalen\/\" \/>\n<meta property=\"og:locale\" content=\"de_DE\" \/>\n<meta property=\"og:type\" content=\"article\" \/>\n<meta property=\"og:title\" content=\"Pflanzentrays \u2013 Kunden auf Seeland, F\u00fcnen und J\u00fctland | Lesen Sie mehr!\" \/>\n<meta property=\"og:description\" content=\"Kaufen Sie Pflanzschalen bei uns \u2013 wir verkaufen an Kunden auf Seeland, F\u00fcnen und J\u00fctland | Qualit\u00e4t f\u00fcr Gartenbau und Gartenarbeit | Kontaktieren Sie uns noch heute!\" \/>\n<meta property=\"og:url\" content=\"https:\/\/pot-ole.dk\/de\/pflanzschalen\/\" \/>\n<meta property=\"og:site_name\" content=\"W.E.T. BY POT OL\u00c9 ApS\" \/>\n<meta property=\"article:modified_time\" content=\"2026-03-20T08:45:38+00:00\" \/>\n<meta property=\"og:image\" content=\"https:\/\/pot-ole.dk\/wp-content\/uploads\/2025\/08\/wet_pic_ny1_5043-1.png\" \/>\n\t<meta property=\"og:image:width\" content=\"570\" \/>\n\t<meta property=\"og:image:height\" content=\"500\" \/>\n\t<meta property=\"og:image:type\" content=\"image\/png\" \/>\n<meta name=\"twitter:card\" content=\"summary_large_image\" \/>\n<meta name=\"twitter:label1\" content=\"Gesch\u00e4tzte Lesezeit\" \/>\n\t<meta name=\"twitter:data1\" content=\"2\u00a0Minuten\" \/>\n<script type=\"application\/ld+json\" class=\"yoast-schema-graph\">{\"@context\":\"https:\\\/\\\/schema.org\",\"@graph\":[{\"@type\":\"WebPage\",\"@id\":\"https:\\\/\\\/pot-ole.dk\\\/de\\\/pflanzschalen\\\/\",\"url\":\"https:\\\/\\\/pot-ole.dk\\\/de\\\/pflanzschalen\\\/\",\"name\":\"Pflanzentrays \u2013 Kunden auf Seeland, F\u00fcnen und J\u00fctland | Lesen Sie mehr!\",\"isPartOf\":{\"@id\":\"https:\\\/\\\/pot-ole.dk\\\/de\\\/#website\"},\"primaryImageOfPage\":{\"@id\":\"https:\\\/\\\/pot-ole.dk\\\/de\\\/pflanzschalen\\\/#primaryimage\"},\"image\":{\"@id\":\"https:\\\/\\\/pot-ole.dk\\\/de\\\/pflanzschalen\\\/#primaryimage\"},\"thumbnailUrl\":\"https:\\\/\\\/pot-ole.dk\\\/wp-content\\\/uploads\\\/2025\\\/08\\\/wet_pic_ny1_5043-1.png\",\"datePublished\":\"2025-07-22T07:26:40+00:00\",\"dateModified\":\"2026-03-20T08:45:38+00:00\",\"description\":\"Kaufen Sie Pflanzschalen bei uns \u2013 wir verkaufen an Kunden auf Seeland, F\u00fcnen und J\u00fctland | Qualit\u00e4t f\u00fcr Gartenbau und Gartenarbeit | Kontaktieren Sie uns noch heute!\",\"breadcrumb\":{\"@id\":\"https:\\\/\\\/pot-ole.dk\\\/de\\\/pflanzschalen\\\/#breadcrumb\"},\"inLanguage\":\"de\",\"potentialAction\":[{\"@type\":\"ReadAction\",\"target\":[\"https:\\\/\\\/pot-ole.dk\\\/de\\\/pflanzschalen\\\/\"]}]},{\"@type\":\"ImageObject\",\"inLanguage\":\"de\",\"@id\":\"https:\\\/\\\/pot-ole.dk\\\/de\\\/pflanzschalen\\\/#primaryimage\",\"url\":\"https:\\\/\\\/pot-ole.dk\\\/wp-content\\\/uploads\\\/2025\\\/08\\\/wet_pic_ny1_5043-1.png\",\"contentUrl\":\"https:\\\/\\\/pot-ole.dk\\\/wp-content\\\/uploads\\\/2025\\\/08\\\/wet_pic_ny1_5043-1.png\",\"width\":570,\"height\":500},{\"@type\":\"BreadcrumbList\",\"@id\":\"https:\\\/\\\/pot-ole.dk\\\/de\\\/pflanzschalen\\\/#breadcrumb\",\"itemListElement\":[{\"@type\":\"ListItem\",\"position\":1,\"name\":\"Forside\",\"item\":\"https:\\\/\\\/pot-ole.dk\\\/de\\\/front\\\/\"},{\"@type\":\"ListItem\",\"position\":2,\"name\":\"Pflanzschalen\"}]},{\"@type\":\"WebSite\",\"@id\":\"https:\\\/\\\/pot-ole.dk\\\/de\\\/#website\",\"url\":\"https:\\\/\\\/pot-ole.dk\\\/de\\\/\",\"name\":\"W.E.T. BY POT OL\u00c9 ApS\",\"description\":\"W.E.T. BY POT OL\u00c9 ApS:\",\"publisher\":{\"@id\":\"https:\\\/\\\/pot-ole.dk\\\/de\\\/#organization\"},\"potentialAction\":[{\"@type\":\"SearchAction\",\"target\":{\"@type\":\"EntryPoint\",\"urlTemplate\":\"https:\\\/\\\/pot-ole.dk\\\/de\\\/?s={search_term_string}\"},\"query-input\":{\"@type\":\"PropertyValueSpecification\",\"valueRequired\":true,\"valueName\":\"search_term_string\"}}],\"inLanguage\":\"de\"},{\"@type\":\"Organization\",\"@id\":\"https:\\\/\\\/pot-ole.dk\\\/de\\\/#organization\",\"name\":\"W.E.T. BY POT OL\u00c9 ApS\",\"url\":\"https:\\\/\\\/pot-ole.dk\\\/de\\\/\",\"logo\":{\"@type\":\"ImageObject\",\"inLanguage\":\"de\",\"@id\":\"https:\\\/\\\/pot-ole.dk\\\/de\\\/#\\\/schema\\\/logo\\\/image\\\/\",\"url\":\"https:\\\/\\\/pot-ole.dk\\\/wp-content\\\/uploads\\\/2025\\\/07\\\/logo_hvid_1360_2878.svg\",\"contentUrl\":\"https:\\\/\\\/pot-ole.dk\\\/wp-content\\\/uploads\\\/2025\\\/07\\\/logo_hvid_1360_2878.svg\",\"width\":163,\"height\":66,\"caption\":\"W.E.T. BY POT OL\u00c9 ApS\"},\"image\":{\"@id\":\"https:\\\/\\\/pot-ole.dk\\\/de\\\/#\\\/schema\\\/logo\\\/image\\\/\"}}]}<\/script>\n<!-- \/ Yoast SEO plugin. -->","yoast_head_json":{"title":"Pflanzentrays \u2013 Kunden auf Seeland, F\u00fcnen und J\u00fctland | Lesen Sie mehr!","description":"Kaufen Sie Pflanzschalen bei uns \u2013 wir verkaufen an Kunden auf Seeland, F\u00fcnen und J\u00fctland | Qualit\u00e4t f\u00fcr Gartenbau und Gartenarbeit | Kontaktieren Sie uns noch heute!","robots":{"index":"index","follow":"follow","max-snippet":"max-snippet:-1","max-image-preview":"max-image-preview:large","max-video-preview":"max-video-preview:-1"},"canonical":"https:\/\/pot-ole.dk\/de\/pflanzschalen\/","og_locale":"de_DE","og_type":"article","og_title":"Pflanzentrays \u2013 Kunden auf Seeland, F\u00fcnen und J\u00fctland | Lesen Sie mehr!","og_description":"Kaufen Sie Pflanzschalen bei uns \u2013 wir verkaufen an Kunden auf Seeland, F\u00fcnen und J\u00fctland | Qualit\u00e4t f\u00fcr Gartenbau und Gartenarbeit | Kontaktieren Sie uns noch heute!","og_url":"https:\/\/pot-ole.dk\/de\/pflanzschalen\/","og_site_name":"W.E.T. BY POT OL\u00c9 ApS","article_modified_time":"2026-03-20T08:45:38+00:00","og_image":[{"width":570,"height":500,"url":"https:\/\/pot-ole.dk\/wp-content\/uploads\/2025\/08\/wet_pic_ny1_5043-1.png","type":"image\/png"}],"twitter_card":"summary_large_image","twitter_misc":{"Gesch\u00e4tzte Lesezeit":"2\u00a0Minuten"},"schema":{"@context":"https:\/\/schema.org","@graph":[{"@type":"WebPage","@id":"https:\/\/pot-ole.dk\/de\/pflanzschalen\/","url":"https:\/\/pot-ole.dk\/de\/pflanzschalen\/","name":"Pflanzentrays \u2013 Kunden auf Seeland, F\u00fcnen und J\u00fctland | Lesen Sie mehr!","isPartOf":{"@id":"https:\/\/pot-ole.dk\/de\/#website"},"primaryImageOfPage":{"@id":"https:\/\/pot-ole.dk\/de\/pflanzschalen\/#primaryimage"},"image":{"@id":"https:\/\/pot-ole.dk\/de\/pflanzschalen\/#primaryimage"},"thumbnailUrl":"https:\/\/pot-ole.dk\/wp-content\/uploads\/2025\/08\/wet_pic_ny1_5043-1.png","datePublished":"2025-07-22T07:26:40+00:00","dateModified":"2026-03-20T08:45:38+00:00","description":"Kaufen Sie Pflanzschalen bei uns \u2013 wir verkaufen an Kunden auf Seeland, F\u00fcnen und J\u00fctland | Qualit\u00e4t f\u00fcr Gartenbau und Gartenarbeit | Kontaktieren Sie uns noch heute!","breadcrumb":{"@id":"https:\/\/pot-ole.dk\/de\/pflanzschalen\/#breadcrumb"},"inLanguage":"de","potentialAction":[{"@type":"ReadAction","target":["https:\/\/pot-ole.dk\/de\/pflanzschalen\/"]}]},{"@type":"ImageObject","inLanguage":"de","@id":"https:\/\/pot-ole.dk\/de\/pflanzschalen\/#primaryimage","url":"https:\/\/pot-ole.dk\/wp-content\/uploads\/2025\/08\/wet_pic_ny1_5043-1.png","contentUrl":"https:\/\/pot-ole.dk\/wp-content\/uploads\/2025\/08\/wet_pic_ny1_5043-1.png","width":570,"height":500},{"@type":"BreadcrumbList","@id":"https:\/\/pot-ole.dk\/de\/pflanzschalen\/#breadcrumb","itemListElement":[{"@type":"ListItem","position":1,"name":"Forside","item":"https:\/\/pot-ole.dk\/de\/front\/"},{"@type":"ListItem","position":2,"name":"Pflanzschalen"}]},{"@type":"WebSite","@id":"https:\/\/pot-ole.dk\/de\/#website","url":"https:\/\/pot-ole.dk\/de\/","name":"W.E.T. BY POT OL\u00c9 ApS","description":"W.E.T. BY POT OL\u00c9 ApS:","publisher":{"@id":"https:\/\/pot-ole.dk\/de\/#organization"},"potentialAction":[{"@type":"SearchAction","target":{"@type":"EntryPoint","urlTemplate":"https:\/\/pot-ole.dk\/de\/?s={search_term_string}"},"query-input":{"@type":"PropertyValueSpecification","valueRequired":true,"valueName":"search_term_string"}}],"inLanguage":"de"},{"@type":"Organization","@id":"https:\/\/pot-ole.dk\/de\/#organization","name":"W.E.T. BY POT OL\u00c9 ApS","url":"https:\/\/pot-ole.dk\/de\/","logo":{"@type":"ImageObject","inLanguage":"de","@id":"https:\/\/pot-ole.dk\/de\/#\/schema\/logo\/image\/","url":"https:\/\/pot-ole.dk\/wp-content\/uploads\/2025\/07\/logo_hvid_1360_2878.svg","contentUrl":"https:\/\/pot-ole.dk\/wp-content\/uploads\/2025\/07\/logo_hvid_1360_2878.svg","width":163,"height":66,"caption":"W.E.T. BY POT OL\u00c9 ApS"},"image":{"@id":"https:\/\/pot-ole.dk\/de\/#\/schema\/logo\/image\/"}}]}},"_links":{"self":[{"href":"https:\/\/pot-ole.dk\/de\/wp-json\/wp\/v2\/pages\/16031","targetHints":{"allow":["GET"]}}],"collection":[{"href":"https:\/\/pot-ole.dk\/de\/wp-json\/wp\/v2\/pages"}],"about":[{"href":"https:\/\/pot-ole.dk\/de\/wp-json\/wp\/v2\/types\/page"}],"author":[{"embeddable":true,"href":"https:\/\/pot-ole.dk\/de\/wp-json\/wp\/v2\/users\/5"}],"replies":[{"embeddable":true,"href":"https:\/\/pot-ole.dk\/de\/wp-json\/wp\/v2\/comments?post=16031"}],"version-history":[{"count":10,"href":"https:\/\/pot-ole.dk\/de\/wp-json\/wp\/v2\/pages\/16031\/revisions"}],"predecessor-version":[{"id":21339,"href":"https:\/\/pot-ole.dk\/de\/wp-json\/wp\/v2\/pages\/16031\/revisions\/21339"}],"wp:featuredmedia":[{"embeddable":true,"href":"https:\/\/pot-ole.dk\/de\/wp-json\/wp\/v2\/media\/14670"}],"wp:attachment":[{"href":"https:\/\/pot-ole.dk\/de\/wp-json\/wp\/v2\/media?parent=16031"}],"wp:term":[{"taxonomy":"category","embeddable":true,"href":"https:\/\/pot-ole.dk\/de\/wp-json\/wp\/v2\/categories?post=16031"}],"curies":[{"name":"wp","href":"https:\/\/api.w.org\/{rel}","templated":true}]}}