{"id":16005,"date":"2025-07-22T09:26:40","date_gmt":"2025-07-22T07:26:40","guid":{"rendered":"https:\/\/pot-ole.dk\/haendler\/"},"modified":"2026-02-13T09:41:41","modified_gmt":"2026-02-13T08:41:41","slug":"haendler","status":"publish","type":"page","link":"https:\/\/pot-ole.dk\/de\/haendler\/","title":{"rendered":"H\u00e4ndler"},"content":{"rendered":"\t\t<div data-elementor-type=\"wp-page\" data-elementor-id=\"16005\" class=\"elementor elementor-16005 elementor-9582\" data-elementor-post-type=\"page\">\n\t\t\t\t<div class=\"elementor-element elementor-element-849799c e-flex e-con-boxed e-con e-parent\" data-id=\"849799c\" data-element_type=\"container\" data-e-type=\"container\" data-settings=\"{&quot;background_background&quot;:&quot;classic&quot;,&quot;shape_divider_bottom&quot;:&quot;waves&quot;}\">\n\t\t\t\t\t<div class=\"e-con-inner\">\n\t\t\t\t<div class=\"elementor-shape elementor-shape-bottom\" aria-hidden=\"true\" data-negative=\"false\">\n\t\t\t<svg xmlns=\"http:\/\/www.w3.org\/2000\/svg\" viewBox=\"0 0 1000 100\" preserveAspectRatio=\"none\">\n\t<path class=\"elementor-shape-fill\" d=\"M421.9,6.5c22.6-2.5,51.5,0.4,75.5,5.3c23.6,4.9,70.9,23.5,100.5,35.7c75.8,32.2,133.7,44.5,192.6,49.7\n\tc23.6,2.1,48.7,3.5,103.4-2.5c54.7-6,106.2-25.6,106.2-25.6V0H0v30.3c0,0,72,32.6,158.4,30.5c39.2-0.7,92.8-6.7,134-22.4\n\tc21.2-8.1,52.2-18.2,79.7-24.2C399.3,7.9,411.6,7.5,421.9,6.5z\"\/>\n<\/svg>\t\t<\/div>\n\t\t<div class=\"elementor-element elementor-element-9aeb619 e-con-full no-padding e-flex e-con e-child\" data-id=\"9aeb619\" data-element_type=\"container\" data-e-type=\"container\">\n\t\t\t\t<div class=\"elementor-element elementor-element-312a690 elementor-widget elementor-widget-heading\" data-id=\"312a690\" data-element_type=\"widget\" data-e-type=\"widget\" data-widget_type=\"heading.default\">\n\t\t\t\t<div class=\"elementor-widget-container\">\n\t\t\t\t\t<h1 class=\"elementor-heading-title elementor-size-default\">H\u00e4ndler<\/h1>\t\t\t\t<\/div>\n\t\t\t\t<\/div>\n\t\t\t\t<\/div>\n\t\t\t\t\t<\/div>\n\t\t\t\t<\/div>\n\t\t<div class=\"elementor-element elementor-element-c3c3c9e e-flex e-con-boxed elementor-invisible e-con e-parent\" data-id=\"c3c3c9e\" data-element_type=\"container\" data-e-type=\"container\" data-settings=\"{&quot;animation&quot;:&quot;fadeIn&quot;}\">\n\t\t\t\t\t<div class=\"e-con-inner\">\n\t\t<div class=\"elementor-element elementor-element-1bf01f5 e-con-full e-flex e-con e-child\" data-id=\"1bf01f5\" data-element_type=\"container\" data-e-type=\"container\">\n\t\t\t\t<div class=\"elementor-element elementor-element-49aa285 elementor-widget elementor-widget-text-editor\" data-id=\"49aa285\" data-element_type=\"widget\" data-e-type=\"widget\" data-widget_type=\"text-editor.default\">\n\t\t\t\t<div class=\"elementor-widget-container\">\n\t\t\t\t\t\t\t\t\t<h3>H\u00e4ndler\u00fcbersicht<\/h3>\t\t\t\t\t\t\t\t<\/div>\n\t\t\t\t<\/div>\n\t\t\t\t<div class=\"elementor-element elementor-element-f04391d elementor-widget__width-initial elementor-nav-menu--dropdown-tablet elementor-nav-menu__text-align-aside elementor-widget elementor-widget-nav-menu\" data-id=\"f04391d\" data-element_type=\"widget\" data-e-type=\"widget\" data-settings=\"{&quot;layout&quot;:&quot;vertical&quot;,&quot;submenu_icon&quot;:{&quot;value&quot;:&quot;&lt;svg aria-hidden=\\&quot;true\\&quot; class=\\&quot;e-font-icon-svg e-fas-caret-down\\&quot; viewBox=\\&quot;0 0 320 512\\&quot; xmlns=\\&quot;http:\\\/\\\/www.w3.org\\\/2000\\\/svg\\&quot;&gt;&lt;path d=\\&quot;M31.3 192h257.3c17.8 0 26.7 21.5 14.1 34.1L174.1 354.8c-7.8 7.8-20.5 7.8-28.3 0L17.2 226.1C4.6 213.5 13.5 192 31.3 192z\\&quot;&gt;&lt;\\\/path&gt;&lt;\\\/svg&gt;&quot;,&quot;library&quot;:&quot;fa-solid&quot;}}\" data-widget_type=\"nav-menu.default\">\n\t\t\t\t<div class=\"elementor-widget-container\">\n\t\t\t\t\t\t\t\t<nav aria-label=\"Menu\" class=\"elementor-nav-menu--main elementor-nav-menu__container elementor-nav-menu--layout-vertical e--pointer-underline e--animation-fade\">\n\t\t\t\t<ul id=\"menu-1-f04391d\" class=\"elementor-nav-menu sm-vertical\"><li class=\"menu-item menu-item-type-post_type menu-item-object-page menu-item-17462\"><a href=\"https:\/\/pot-ole.dk\/de\/daenemark\/\" class=\"elementor-item\">D\u00e4nemark<\/a><\/li>\n<li class=\"menu-item menu-item-type-post_type menu-item-object-page menu-item-17463\"><a href=\"https:\/\/pot-ole.dk\/de\/schweden\/\" class=\"elementor-item\">Schweden<\/a><\/li>\n<li class=\"menu-item menu-item-type-post_type menu-item-object-page menu-item-17464\"><a href=\"https:\/\/pot-ole.dk\/de\/norwegen\/\" class=\"elementor-item\">Norwegen<\/a><\/li>\n<li class=\"menu-item menu-item-type-post_type menu-item-object-page menu-item-17465\"><a href=\"https:\/\/pot-ole.dk\/de\/england\/\" class=\"elementor-item\">England<\/a><\/li>\n<li class=\"menu-item menu-item-type-post_type menu-item-object-page menu-item-17466\"><a href=\"https:\/\/pot-ole.dk\/de\/deutschland\/\" class=\"elementor-item\">Deutschland<\/a><\/li>\n<li class=\"menu-item menu-item-type-post_type menu-item-object-page menu-item-17467\"><a href=\"https:\/\/pot-ole.dk\/de\/schweiz\/\" class=\"elementor-item\">Schweiz<\/a><\/li>\n<li class=\"menu-item menu-item-type-post_type menu-item-object-page menu-item-17468\"><a href=\"https:\/\/pot-ole.dk\/de\/kroatien\/\" class=\"elementor-item\">Kroatien<\/a><\/li>\n<li class=\"menu-item menu-item-type-post_type menu-item-object-page menu-item-17489\"><a href=\"https:\/\/pot-ole.dk\/de\/faeroeer-inseln\/\" class=\"elementor-item\">F\u00e4r\u00f6er-Inseln<\/a><\/li>\n<li class=\"menu-item menu-item-type-post_type menu-item-object-page menu-item-17490\"><a href=\"https:\/\/pot-ole.dk\/de\/vereinigte-staaten\/\" class=\"elementor-item\">Vereinigte Staaten<\/a><\/li>\n<li class=\"menu-item menu-item-type-post_type menu-item-object-page menu-item-17491\"><a href=\"https:\/\/pot-ole.dk\/de\/frankreich\/\" class=\"elementor-item\">Frankreich<\/a><\/li>\n<li class=\"menu-item menu-item-type-post_type menu-item-object-page menu-item-17492\"><a href=\"https:\/\/pot-ole.dk\/de\/kanada\/\" class=\"elementor-item\">Kanada<\/a><\/li>\n<li class=\"menu-item menu-item-type-post_type menu-item-object-page menu-item-17493\"><a href=\"https:\/\/pot-ole.dk\/de\/niederlande\/\" class=\"elementor-item\">Niederlande<\/a><\/li>\n<li class=\"menu-item menu-item-type-post_type menu-item-object-page menu-item-17494\"><a href=\"https:\/\/pot-ole.dk\/de\/oesterreich\/\" class=\"elementor-item\">\u00d6sterreich<\/a><\/li>\n<\/ul>\t\t\t<\/nav>\n\t\t\t\t\t\t<nav class=\"elementor-nav-menu--dropdown elementor-nav-menu__container\" aria-hidden=\"true\">\n\t\t\t\t<ul id=\"menu-2-f04391d\" class=\"elementor-nav-menu sm-vertical\"><li class=\"menu-item menu-item-type-post_type menu-item-object-page menu-item-17462\"><a href=\"https:\/\/pot-ole.dk\/de\/daenemark\/\" class=\"elementor-item\" tabindex=\"-1\">D\u00e4nemark<\/a><\/li>\n<li class=\"menu-item menu-item-type-post_type menu-item-object-page menu-item-17463\"><a href=\"https:\/\/pot-ole.dk\/de\/schweden\/\" class=\"elementor-item\" tabindex=\"-1\">Schweden<\/a><\/li>\n<li class=\"menu-item menu-item-type-post_type menu-item-object-page menu-item-17464\"><a href=\"https:\/\/pot-ole.dk\/de\/norwegen\/\" class=\"elementor-item\" tabindex=\"-1\">Norwegen<\/a><\/li>\n<li class=\"menu-item menu-item-type-post_type menu-item-object-page menu-item-17465\"><a href=\"https:\/\/pot-ole.dk\/de\/england\/\" class=\"elementor-item\" tabindex=\"-1\">England<\/a><\/li>\n<li class=\"menu-item menu-item-type-post_type menu-item-object-page menu-item-17466\"><a href=\"https:\/\/pot-ole.dk\/de\/deutschland\/\" class=\"elementor-item\" tabindex=\"-1\">Deutschland<\/a><\/li>\n<li class=\"menu-item menu-item-type-post_type menu-item-object-page menu-item-17467\"><a href=\"https:\/\/pot-ole.dk\/de\/schweiz\/\" class=\"elementor-item\" tabindex=\"-1\">Schweiz<\/a><\/li>\n<li class=\"menu-item menu-item-type-post_type menu-item-object-page menu-item-17468\"><a href=\"https:\/\/pot-ole.dk\/de\/kroatien\/\" class=\"elementor-item\" tabindex=\"-1\">Kroatien<\/a><\/li>\n<li class=\"menu-item menu-item-type-post_type menu-item-object-page menu-item-17489\"><a href=\"https:\/\/pot-ole.dk\/de\/faeroeer-inseln\/\" class=\"elementor-item\" tabindex=\"-1\">F\u00e4r\u00f6er-Inseln<\/a><\/li>\n<li class=\"menu-item menu-item-type-post_type menu-item-object-page menu-item-17490\"><a href=\"https:\/\/pot-ole.dk\/de\/vereinigte-staaten\/\" class=\"elementor-item\" tabindex=\"-1\">Vereinigte Staaten<\/a><\/li>\n<li class=\"menu-item menu-item-type-post_type menu-item-object-page menu-item-17491\"><a href=\"https:\/\/pot-ole.dk\/de\/frankreich\/\" class=\"elementor-item\" tabindex=\"-1\">Frankreich<\/a><\/li>\n<li class=\"menu-item menu-item-type-post_type menu-item-object-page menu-item-17492\"><a href=\"https:\/\/pot-ole.dk\/de\/kanada\/\" class=\"elementor-item\" tabindex=\"-1\">Kanada<\/a><\/li>\n<li class=\"menu-item menu-item-type-post_type menu-item-object-page menu-item-17493\"><a href=\"https:\/\/pot-ole.dk\/de\/niederlande\/\" class=\"elementor-item\" tabindex=\"-1\">Niederlande<\/a><\/li>\n<li class=\"menu-item menu-item-type-post_type menu-item-object-page menu-item-17494\"><a href=\"https:\/\/pot-ole.dk\/de\/oesterreich\/\" class=\"elementor-item\" tabindex=\"-1\">\u00d6sterreich<\/a><\/li>\n<\/ul>\t\t\t<\/nav>\n\t\t\t\t\t\t<\/div>\n\t\t\t\t<\/div>\n\t\t\t\t<\/div>\n\t\t<div class=\"elementor-element elementor-element-fefec04 e-con-full e-flex e-con e-child\" data-id=\"fefec04\" data-element_type=\"container\" data-e-type=\"container\">\n\t\t<div class=\"elementor-element elementor-element-f2b227f e-con-full e-flex elementor-invisible e-con e-child\" data-id=\"f2b227f\" data-element_type=\"container\" data-e-type=\"container\" data-settings=\"{&quot;animation&quot;:&quot;fadeIn&quot;,&quot;animation_delay&quot;:50}\">\n\t\t<div class=\"elementor-element elementor-element-7eb611b e-con-full e-flex e-con e-child\" data-id=\"7eb611b\" data-element_type=\"container\" data-e-type=\"container\">\n\t\t\t\t<div class=\"elementor-element elementor-element-bc70cc6 elementor-headline--style-highlight elementor-widget elementor-widget-animated-headline\" data-id=\"bc70cc6\" data-element_type=\"widget\" data-e-type=\"widget\" data-settings=\"{&quot;marker&quot;:&quot;underline&quot;,&quot;highlighted_text&quot;:&quot;Pot Ol\\u00e9&quot;,&quot;headline_style&quot;:&quot;highlight&quot;,&quot;loop&quot;:&quot;yes&quot;,&quot;highlight_animation_duration&quot;:1200,&quot;highlight_iteration_delay&quot;:8000}\" data-widget_type=\"animated-headline.default\">\n\t\t\t\t<div class=\"elementor-widget-container\">\n\t\t\t\t\t\t\t<p class=\"elementor-headline\">\n\t\t\t\t<span class=\"elementor-headline-dynamic-wrapper elementor-headline-text-wrapper\">\n\t\t\t\t\t<span class=\"elementor-headline-dynamic-text elementor-headline-text-active\">Pot Ol\u00e9<\/span>\n\t\t\t\t<\/span>\n\t\t\t\t\t<span class=\"elementor-headline-plain-text elementor-headline-text-wrapper\">ist f\u00fchrend im Bereich einzigartiger und antiker T\u00f6pfe<\/span>\n\t\t\t\t\t<\/p>\n\t\t\t\t\t\t<\/div>\n\t\t\t\t<\/div>\n\t\t\t\t<div class=\"elementor-element elementor-element-18b519b elementor-widget elementor-widget-text-editor\" data-id=\"18b519b\" data-element_type=\"widget\" data-e-type=\"widget\" data-widget_type=\"text-editor.default\">\n\t\t\t\t<div class=\"elementor-widget-container\">\n\t\t\t\t\t\t\t\t\t<h2><span style=\"font-family: inherit; font-size: 42px; font-style: inherit;\">Unsere H\u00e4ndler\u00fcbersicht<\/span><\/h2><div class=\"column step-3-12\"><div id=\"site-container-236464\" class=\"Container ModuleElement Textarea AutoResizable con-123 \" data-snap=\"1\" data-containertype=\"Textarea\" data-moduleelement=\"82882\"><div class=\"Module-82882 Textarea\"><p>Finden Sie Ihre lokale Auswahl an einzigartigen Gl\u00e4sern und T\u00f6pfen, perfekt f\u00fcr den Innen- und Au\u00dfenbereich.  <\/p><p>Unsere sorgf\u00e4ltig ausgew\u00e4hlten H\u00e4ndler sind \u00fcber f\u00fcnf verschiedene L\u00e4nder verteilt \u2013 D\u00e4nemark, Schweden, Norwegen, England, Deutschland und die Schweiz \u2013 und machen es Ihnen leicht, einen H\u00e4ndler in Ihrer N\u00e4he zu finden, egal wo Sie sich in diesen Regionen befinden.  <\/p><p>Ganz gleich, ob Sie etwas Bestimmtes f\u00fcr Ihren Garten, Ihre Terrasse, Ihr Wohnzimmer oder Ihr B\u00fcro suchen: Unser H\u00e4ndlernetzwerk hilft Ihnen dabei, die perfekten T\u00f6pfe und Pflanzgef\u00e4\u00dfe zu finden, die Funktionalit\u00e4t und \u00c4sthetik vereinen und so die ideale Umgebung schaffen.<\/p><p>W\u00e4hlen Sie \u00fcber das Men\u00fc die H\u00e4ndlerliste f\u00fcr jedes Land aus.<\/p><\/div><\/div><\/div>\t\t\t\t\t\t\t\t<\/div>\n\t\t\t\t<\/div>\n\t\t\t\t<\/div>\n\t\t\t\t<\/div>\n\t\t\t\t<\/div>\n\t\t\t\t\t<\/div>\n\t\t\t\t<\/div>\n\t\t\t\t<\/div>\n\t\t","protected":false},"excerpt":{"rendered":"<p>H\u00e4ndler H\u00e4ndler\u00fcbersicht Pot Ol\u00e9 ist f\u00fchrend im Bereich einzigartiger und antiker T\u00f6pfe Unsere H\u00e4ndler\u00fcbersicht Finden Sie Ihre lokale Auswahl an einzigartigen Gl\u00e4sern und T\u00f6pfen, perfekt f\u00fcr den Innen- und Au\u00dfenbereich. Unsere sorgf\u00e4ltig ausgew\u00e4hlten H\u00e4ndler sind \u00fcber f\u00fcnf verschiedene L\u00e4nder verteilt \u2013 D\u00e4nemark, Schweden, Norwegen, England, Deutschland und die Schweiz \u2013 und machen es Ihnen leicht, &#8230; <a title=\"H\u00e4ndler\" class=\"read-more\" href=\"https:\/\/pot-ole.dk\/de\/haendler\/\" aria-label=\"Mehr Informationen \u00fcber H\u00e4ndler\">Weiterlesen &#8230;<\/a><\/p>\n","protected":false},"author":5,"featured_media":0,"parent":0,"menu_order":1040,"comment_status":"closed","ping_status":"closed","template":"","meta":{"_acf_changed":false,"footnotes":""},"categories":[],"class_list":["post-16005","page","type-page","status-publish"],"acf":[],"yoast_head":"<!-- This site is optimized with the Yoast SEO plugin v27.4 - https:\/\/yoast.com\/product\/yoast-seo-wordpress\/ -->\n<title>H\u00e4ndler | W.E.T. BY POT OL\u00c9 ApS<\/title>\n<meta name=\"robots\" content=\"index, follow, max-snippet:-1, max-image-preview:large, max-video-preview:-1\" \/>\n<link rel=\"canonical\" href=\"https:\/\/pot-ole.dk\/de\/haendler\/\" \/>\n<meta property=\"og:locale\" content=\"de_DE\" \/>\n<meta property=\"og:type\" content=\"article\" \/>\n<meta property=\"og:title\" content=\"H\u00e4ndler | W.E.T. BY POT OL\u00c9 ApS\" \/>\n<meta property=\"og:description\" content=\"H\u00e4ndler H\u00e4ndler\u00fcbersicht Pot Ol\u00e9 ist f\u00fchrend im Bereich einzigartiger und antiker T\u00f6pfe Unsere H\u00e4ndler\u00fcbersicht Finden Sie Ihre lokale Auswahl an einzigartigen Gl\u00e4sern und T\u00f6pfen, perfekt f\u00fcr den Innen- und Au\u00dfenbereich. Unsere sorgf\u00e4ltig ausgew\u00e4hlten H\u00e4ndler sind \u00fcber f\u00fcnf verschiedene L\u00e4nder verteilt \u2013 D\u00e4nemark, Schweden, Norwegen, England, Deutschland und die Schweiz \u2013 und machen es Ihnen leicht, ... Weiterlesen ...\" \/>\n<meta property=\"og:url\" content=\"https:\/\/pot-ole.dk\/de\/haendler\/\" \/>\n<meta property=\"og:site_name\" content=\"W.E.T. BY POT OL\u00c9 ApS\" \/>\n<meta property=\"article:modified_time\" content=\"2026-02-13T08:41:41+00:00\" \/>\n<meta name=\"twitter:card\" content=\"summary_large_image\" \/>\n<meta name=\"twitter:label1\" content=\"Gesch\u00e4tzte Lesezeit\" \/>\n\t<meta name=\"twitter:data1\" content=\"1\u00a0Minute\" \/>\n<script type=\"application\/ld+json\" class=\"yoast-schema-graph\">{\"@context\":\"https:\\\/\\\/schema.org\",\"@graph\":[{\"@type\":\"WebPage\",\"@id\":\"https:\\\/\\\/pot-ole.dk\\\/de\\\/haendler\\\/\",\"url\":\"https:\\\/\\\/pot-ole.dk\\\/de\\\/haendler\\\/\",\"name\":\"H\u00e4ndler | W.E.T. BY POT OL\u00c9 ApS\",\"isPartOf\":{\"@id\":\"https:\\\/\\\/pot-ole.dk\\\/de\\\/#website\"},\"datePublished\":\"2025-07-22T07:26:40+00:00\",\"dateModified\":\"2026-02-13T08:41:41+00:00\",\"breadcrumb\":{\"@id\":\"https:\\\/\\\/pot-ole.dk\\\/de\\\/haendler\\\/#breadcrumb\"},\"inLanguage\":\"de\",\"potentialAction\":[{\"@type\":\"ReadAction\",\"target\":[\"https:\\\/\\\/pot-ole.dk\\\/de\\\/haendler\\\/\"]}]},{\"@type\":\"BreadcrumbList\",\"@id\":\"https:\\\/\\\/pot-ole.dk\\\/de\\\/haendler\\\/#breadcrumb\",\"itemListElement\":[{\"@type\":\"ListItem\",\"position\":1,\"name\":\"Forside\",\"item\":\"https:\\\/\\\/pot-ole.dk\\\/de\\\/front\\\/\"},{\"@type\":\"ListItem\",\"position\":2,\"name\":\"H\u00e4ndler\"}]},{\"@type\":\"WebSite\",\"@id\":\"https:\\\/\\\/pot-ole.dk\\\/de\\\/#website\",\"url\":\"https:\\\/\\\/pot-ole.dk\\\/de\\\/\",\"name\":\"W.E.T. BY POT OL\u00c9 ApS\",\"description\":\"W.E.T. BY POT OL\u00c9 ApS:\",\"publisher\":{\"@id\":\"https:\\\/\\\/pot-ole.dk\\\/de\\\/#organization\"},\"potentialAction\":[{\"@type\":\"SearchAction\",\"target\":{\"@type\":\"EntryPoint\",\"urlTemplate\":\"https:\\\/\\\/pot-ole.dk\\\/de\\\/?s={search_term_string}\"},\"query-input\":{\"@type\":\"PropertyValueSpecification\",\"valueRequired\":true,\"valueName\":\"search_term_string\"}}],\"inLanguage\":\"de\"},{\"@type\":\"Organization\",\"@id\":\"https:\\\/\\\/pot-ole.dk\\\/de\\\/#organization\",\"name\":\"W.E.T. BY POT OL\u00c9 ApS\",\"url\":\"https:\\\/\\\/pot-ole.dk\\\/de\\\/\",\"logo\":{\"@type\":\"ImageObject\",\"inLanguage\":\"de\",\"@id\":\"https:\\\/\\\/pot-ole.dk\\\/de\\\/#\\\/schema\\\/logo\\\/image\\\/\",\"url\":\"https:\\\/\\\/pot-ole.dk\\\/wp-content\\\/uploads\\\/2025\\\/07\\\/logo_hvid_1360_2878.svg\",\"contentUrl\":\"https:\\\/\\\/pot-ole.dk\\\/wp-content\\\/uploads\\\/2025\\\/07\\\/logo_hvid_1360_2878.svg\",\"width\":163,\"height\":66,\"caption\":\"W.E.T. BY POT OL\u00c9 ApS\"},\"image\":{\"@id\":\"https:\\\/\\\/pot-ole.dk\\\/de\\\/#\\\/schema\\\/logo\\\/image\\\/\"}}]}<\/script>\n<!-- \/ Yoast SEO plugin. -->","yoast_head_json":{"title":"H\u00e4ndler | W.E.T. BY POT OL\u00c9 ApS","robots":{"index":"index","follow":"follow","max-snippet":"max-snippet:-1","max-image-preview":"max-image-preview:large","max-video-preview":"max-video-preview:-1"},"canonical":"https:\/\/pot-ole.dk\/de\/haendler\/","og_locale":"de_DE","og_type":"article","og_title":"H\u00e4ndler | W.E.T. BY POT OL\u00c9 ApS","og_description":"H\u00e4ndler H\u00e4ndler\u00fcbersicht Pot Ol\u00e9 ist f\u00fchrend im Bereich einzigartiger und antiker T\u00f6pfe Unsere H\u00e4ndler\u00fcbersicht Finden Sie Ihre lokale Auswahl an einzigartigen Gl\u00e4sern und T\u00f6pfen, perfekt f\u00fcr den Innen- und Au\u00dfenbereich. Unsere sorgf\u00e4ltig ausgew\u00e4hlten H\u00e4ndler sind \u00fcber f\u00fcnf verschiedene L\u00e4nder verteilt \u2013 D\u00e4nemark, Schweden, Norwegen, England, Deutschland und die Schweiz \u2013 und machen es Ihnen leicht, ... Weiterlesen ...","og_url":"https:\/\/pot-ole.dk\/de\/haendler\/","og_site_name":"W.E.T. BY POT OL\u00c9 ApS","article_modified_time":"2026-02-13T08:41:41+00:00","twitter_card":"summary_large_image","twitter_misc":{"Gesch\u00e4tzte Lesezeit":"1\u00a0Minute"},"schema":{"@context":"https:\/\/schema.org","@graph":[{"@type":"WebPage","@id":"https:\/\/pot-ole.dk\/de\/haendler\/","url":"https:\/\/pot-ole.dk\/de\/haendler\/","name":"H\u00e4ndler | W.E.T. BY POT OL\u00c9 ApS","isPartOf":{"@id":"https:\/\/pot-ole.dk\/de\/#website"},"datePublished":"2025-07-22T07:26:40+00:00","dateModified":"2026-02-13T08:41:41+00:00","breadcrumb":{"@id":"https:\/\/pot-ole.dk\/de\/haendler\/#breadcrumb"},"inLanguage":"de","potentialAction":[{"@type":"ReadAction","target":["https:\/\/pot-ole.dk\/de\/haendler\/"]}]},{"@type":"BreadcrumbList","@id":"https:\/\/pot-ole.dk\/de\/haendler\/#breadcrumb","itemListElement":[{"@type":"ListItem","position":1,"name":"Forside","item":"https:\/\/pot-ole.dk\/de\/front\/"},{"@type":"ListItem","position":2,"name":"H\u00e4ndler"}]},{"@type":"WebSite","@id":"https:\/\/pot-ole.dk\/de\/#website","url":"https:\/\/pot-ole.dk\/de\/","name":"W.E.T. BY POT OL\u00c9 ApS","description":"W.E.T. BY POT OL\u00c9 ApS:","publisher":{"@id":"https:\/\/pot-ole.dk\/de\/#organization"},"potentialAction":[{"@type":"SearchAction","target":{"@type":"EntryPoint","urlTemplate":"https:\/\/pot-ole.dk\/de\/?s={search_term_string}"},"query-input":{"@type":"PropertyValueSpecification","valueRequired":true,"valueName":"search_term_string"}}],"inLanguage":"de"},{"@type":"Organization","@id":"https:\/\/pot-ole.dk\/de\/#organization","name":"W.E.T. BY POT OL\u00c9 ApS","url":"https:\/\/pot-ole.dk\/de\/","logo":{"@type":"ImageObject","inLanguage":"de","@id":"https:\/\/pot-ole.dk\/de\/#\/schema\/logo\/image\/","url":"https:\/\/pot-ole.dk\/wp-content\/uploads\/2025\/07\/logo_hvid_1360_2878.svg","contentUrl":"https:\/\/pot-ole.dk\/wp-content\/uploads\/2025\/07\/logo_hvid_1360_2878.svg","width":163,"height":66,"caption":"W.E.T. BY POT OL\u00c9 ApS"},"image":{"@id":"https:\/\/pot-ole.dk\/de\/#\/schema\/logo\/image\/"}}]}},"_links":{"self":[{"href":"https:\/\/pot-ole.dk\/de\/wp-json\/wp\/v2\/pages\/16005","targetHints":{"allow":["GET"]}}],"collection":[{"href":"https:\/\/pot-ole.dk\/de\/wp-json\/wp\/v2\/pages"}],"about":[{"href":"https:\/\/pot-ole.dk\/de\/wp-json\/wp\/v2\/types\/page"}],"author":[{"embeddable":true,"href":"https:\/\/pot-ole.dk\/de\/wp-json\/wp\/v2\/users\/5"}],"replies":[{"embeddable":true,"href":"https:\/\/pot-ole.dk\/de\/wp-json\/wp\/v2\/comments?post=16005"}],"version-history":[{"count":3,"href":"https:\/\/pot-ole.dk\/de\/wp-json\/wp\/v2\/pages\/16005\/revisions"}],"predecessor-version":[{"id":20914,"href":"https:\/\/pot-ole.dk\/de\/wp-json\/wp\/v2\/pages\/16005\/revisions\/20914"}],"wp:attachment":[{"href":"https:\/\/pot-ole.dk\/de\/wp-json\/wp\/v2\/media?parent=16005"}],"wp:term":[{"taxonomy":"category","embeddable":true,"href":"https:\/\/pot-ole.dk\/de\/wp-json\/wp\/v2\/categories?post=16005"}],"curies":[{"name":"wp","href":"https:\/\/api.w.org\/{rel}","templated":true}]}}