{"id":15661,"date":"2025-07-24T10:51:50","date_gmt":"2025-07-24T08:51:50","guid":{"rendered":"https:\/\/pot-ole.dk\/haendler-werden\/"},"modified":"2026-02-13T09:42:02","modified_gmt":"2026-02-13T08:42:02","slug":"haendler-werden","status":"publish","type":"page","link":"https:\/\/pot-ole.dk\/de\/haendler-werden\/","title":{"rendered":"H\u00e4ndler werden"},"content":{"rendered":"\t\t<div data-elementor-type=\"wp-page\" data-elementor-id=\"15661\" class=\"elementor elementor-15661 elementor-10750\" data-elementor-post-type=\"page\">\n\t\t\t\t<div class=\"elementor-element elementor-element-078a5d3 e-flex e-con-boxed e-con e-parent\" data-id=\"078a5d3\" data-element_type=\"container\" data-e-type=\"container\" data-settings=\"{&quot;background_background&quot;:&quot;classic&quot;,&quot;shape_divider_bottom&quot;:&quot;waves&quot;}\">\n\t\t\t\t\t<div class=\"e-con-inner\">\n\t\t\t\t<div class=\"elementor-shape elementor-shape-bottom\" aria-hidden=\"true\" data-negative=\"false\">\n\t\t\t<svg xmlns=\"http:\/\/www.w3.org\/2000\/svg\" viewBox=\"0 0 1000 100\" preserveAspectRatio=\"none\">\n\t<path class=\"elementor-shape-fill\" d=\"M421.9,6.5c22.6-2.5,51.5,0.4,75.5,5.3c23.6,4.9,70.9,23.5,100.5,35.7c75.8,32.2,133.7,44.5,192.6,49.7\n\tc23.6,2.1,48.7,3.5,103.4-2.5c54.7-6,106.2-25.6,106.2-25.6V0H0v30.3c0,0,72,32.6,158.4,30.5c39.2-0.7,92.8-6.7,134-22.4\n\tc21.2-8.1,52.2-18.2,79.7-24.2C399.3,7.9,411.6,7.5,421.9,6.5z\"\/>\n<\/svg>\t\t<\/div>\n\t\t<div class=\"elementor-element elementor-element-beacc66 e-con-full no-padding e-flex e-con e-child\" data-id=\"beacc66\" data-element_type=\"container\" data-e-type=\"container\">\n\t\t\t\t<div class=\"elementor-element elementor-element-af39975 elementor-widget elementor-widget-heading\" data-id=\"af39975\" data-element_type=\"widget\" data-e-type=\"widget\" data-widget_type=\"heading.default\">\n\t\t\t\t<div class=\"elementor-widget-container\">\n\t\t\t\t\t<h1 class=\"elementor-heading-title elementor-size-default\">H\u00e4ndler werden<\/h1>\t\t\t\t<\/div>\n\t\t\t\t<\/div>\n\t\t\t\t<\/div>\n\t\t\t\t\t<\/div>\n\t\t\t\t<\/div>\n\t\t<div class=\"elementor-element elementor-element-399b924 light e-flex e-con-boxed e-con e-parent\" data-id=\"399b924\" data-element_type=\"container\" data-e-type=\"container\" data-settings=\"{&quot;background_background&quot;:&quot;classic&quot;}\">\n\t\t\t\t\t<div class=\"e-con-inner\">\n\t\t<div class=\"elementor-element elementor-element-cb863e5 e-con-full e-flex e-con e-child\" data-id=\"cb863e5\" data-element_type=\"container\" data-e-type=\"container\" data-settings=\"{&quot;background_background&quot;:&quot;classic&quot;}\">\n\t\t<div class=\"elementor-element elementor-element-150b7dc e-con-full e-flex e-con e-child\" data-id=\"150b7dc\" data-element_type=\"container\" data-e-type=\"container\" data-settings=\"{&quot;background_background&quot;:&quot;classic&quot;}\">\n\t\t\t\t<div class=\"elementor-element elementor-element-88a312a elementor-widget-tablet__width-inherit elementor-widget-mobile__width-inherit elementor-widget elementor-widget-text-editor\" data-id=\"88a312a\" data-element_type=\"widget\" data-e-type=\"widget\" data-widget_type=\"text-editor.default\">\n\t\t\t\t<div class=\"elementor-widget-container\">\n\t\t\t\t\t\t\t\t\t<p>Kontaktieren Sie uns noch heute<\/p>\t\t\t\t\t\t\t\t<\/div>\n\t\t\t\t<\/div>\n\t\t\t\t<div class=\"elementor-element elementor-element-bbaa304 elementor-widget elementor-widget-heading\" data-id=\"bbaa304\" data-element_type=\"widget\" data-e-type=\"widget\" data-widget_type=\"heading.default\">\n\t\t\t\t<div class=\"elementor-widget-container\">\n\t\t\t\t\t<h2 class=\"elementor-heading-title elementor-size-default\">M\u00f6chten Sie H\u00e4ndler werden?<\/h2>\t\t\t\t<\/div>\n\t\t\t\t<\/div>\n\t\t\t\t<div class=\"elementor-element elementor-element-027ec06 elementor-widget elementor-widget-text-editor\" data-id=\"027ec06\" data-element_type=\"widget\" data-e-type=\"widget\" data-widget_type=\"text-editor.default\">\n\t\t\t\t<div class=\"elementor-widget-container\">\n\t\t\t\t\t\t\t\t\t<p>\u200bWET BY POT OL\u00c9 ApS<br> \u00d8sterled 28G, 4300 Holbaek<br> <a title=\"Klicken Sie hier f\u00fcr eine Wegbeschreibung\" href=\"https:\/\/www.google.com\/maps\/place\/%C3%98sterled+28G,+4300+Holb%C3%A6k\/@55.7178025,11.7391073,17z\/data=!3m1!4b1!4m6!3m5!1s0x46527c6db7d268ff:0x3eaab1ced7150cde!8m2!3d55.7177995!4d11.7416876!16s%2Fg%2F11c118yvzv?entry=ttu&amp;g_ep=EgoyMDI0MTEyNC4xIKXMDSoASAFQAw%3D%3D\" target=\"_self\">Klicken Sie hier f\u00fcr eine Wegbeschreibung<\/a><\/p><p>CVR: 32466052<\/p>\t\t\t\t\t\t\t\t<\/div>\n\t\t\t\t<\/div>\n\t\t\t\t<div class=\"elementor-element elementor-element-21ed6f3 elementor-icon-list--layout-inline elementor-list-item-link-full_width elementor-widget elementor-widget-icon-list\" data-id=\"21ed6f3\" data-element_type=\"widget\" data-e-type=\"widget\" data-widget_type=\"icon-list.default\">\n\t\t\t\t<div class=\"elementor-widget-container\">\n\t\t\t\t\t\t\t<ul class=\"elementor-icon-list-items elementor-inline-items\">\n\t\t\t\t\t\t\t<li class=\"elementor-icon-list-item elementor-inline-item\">\n\t\t\t\t\t\t\t\t\t\t\t<a href=\"tel:+4540173358\">\n\n\t\t\t\t\t\t\t\t\t\t\t\t<span class=\"elementor-icon-list-icon\">\n\t\t\t\t\t\t\t<svg aria-hidden=\"true\" class=\"e-font-icon-svg e-fas-phone\" viewBox=\"0 0 512 512\" xmlns=\"http:\/\/www.w3.org\/2000\/svg\"><path d=\"M493.4 24.6l-104-24c-11.3-2.6-22.9 3.3-27.5 13.9l-48 112c-4.2 9.8-1.4 21.3 6.9 28l60.6 49.6c-36 76.7-98.9 140.5-177.2 177.2l-49.6-60.6c-6.8-8.3-18.2-11.1-28-6.9l-112 48C3.9 366.5-2 378.1.6 389.4l24 104C27.1 504.2 36.7 512 48 512c256.1 0 464-207.5 464-464 0-11.2-7.7-20.9-18.6-23.4z\"><\/path><\/svg>\t\t\t\t\t\t<\/span>\n\t\t\t\t\t\t\t\t\t\t<span class=\"elementor-icon-list-text\">+45 40 17 33 58<\/span>\n\t\t\t\t\t\t\t\t\t\t\t<\/a>\n\t\t\t\t\t\t\t\t\t<\/li>\n\t\t\t\t\t\t<\/ul>\n\t\t\t\t\t\t<\/div>\n\t\t\t\t<\/div>\n\t\t\t\t<div class=\"elementor-element elementor-element-904c4f6 elementor-widget-divider--view-line elementor-widget elementor-widget-divider\" data-id=\"904c4f6\" data-element_type=\"widget\" data-e-type=\"widget\" data-widget_type=\"divider.default\">\n\t\t\t\t<div class=\"elementor-widget-container\">\n\t\t\t\t\t\t\t<div class=\"elementor-divider\">\n\t\t\t<span class=\"elementor-divider-separator\">\n\t\t\t\t\t\t<\/span>\n\t\t<\/div>\n\t\t\t\t\t\t<\/div>\n\t\t\t\t<\/div>\n\t\t<div class=\"elementor-element elementor-element-7a64eb9 e-con-full e-flex e-con e-child\" data-id=\"7a64eb9\" data-element_type=\"container\" data-e-type=\"container\">\n\t\t\t\t<div class=\"elementor-element elementor-element-96a550f elementor-widget elementor-widget-text-editor\" data-id=\"96a550f\" data-element_type=\"widget\" data-e-type=\"widget\" data-widget_type=\"text-editor.default\">\n\t\t\t\t<div class=\"elementor-widget-container\">\n\t\t\t\t\t\t\t\t\t<p>F\u00fcllen Sie unser Kontaktformular aus und wir melden uns innerhalb von 24 Stunden bei Ihnen.<\/p>\t\t\t\t\t\t\t\t<\/div>\n\t\t\t\t<\/div>\n\t\t\t\t<\/div>\n\t\t\t\t<\/div>\n\t\t<div class=\"elementor-element elementor-element-16d83ff e-con-full dark e-flex e-con e-child\" data-id=\"16d83ff\" data-element_type=\"container\" data-e-type=\"container\" data-settings=\"{&quot;background_background&quot;:&quot;classic&quot;}\">\n\t\t\t\t<div class=\"elementor-element elementor-element-6741e34 elementor-widget elementor-widget-wp-widget-forminator_widget\" data-id=\"6741e34\" data-element_type=\"widget\" data-e-type=\"widget\" data-widget_type=\"wp-widget-forminator_widget.default\">\n\t\t\t\t<div class=\"elementor-widget-container\">\n\t\t\t\t\t<form id=\"forminator-module-199\" class=\"forminator-custom-form forminator-custom-form-199\" method=\"post\" data-forminator-render=\"0\" data-uid=\"69e948ce6575c\"><div role=\"alert\" aria-live=\"polite\" class=\"forminator-response-message forminator-error\" aria-hidden=\"true\"><\/div><\/form>\t\t\t\t<\/div>\n\t\t\t\t<\/div>\n\t\t\t\t<\/div>\n\t\t\t\t<\/div>\n\t\t\t\t\t<\/div>\n\t\t\t\t<\/div>\n\t\t\t\t<\/div>\n\t\t","protected":false},"excerpt":{"rendered":"<p>H\u00e4ndler werden Kontaktieren Sie uns noch heute M\u00f6chten Sie H\u00e4ndler werden? \u200bWET BY POT OL\u00c9 ApS \u00d8sterled 28G, 4300 Holbaek Klicken Sie hier f\u00fcr eine Wegbeschreibung CVR: 32466052 +45 40 17 33 58 F\u00fcllen Sie unser Kontaktformular aus und wir melden uns innerhalb von 24 Stunden bei Ihnen.<\/p>\n","protected":false},"author":5,"featured_media":0,"parent":0,"menu_order":0,"comment_status":"closed","ping_status":"closed","template":"","meta":{"_acf_changed":false,"footnotes":""},"categories":[],"class_list":["post-15661","page","type-page","status-publish"],"acf":[],"yoast_head":"<!-- This site is optimized with the Yoast SEO plugin v27.4 - https:\/\/yoast.com\/product\/yoast-seo-wordpress\/ -->\n<title>H\u00e4ndler werden | W.E.T. BY POT OL\u00c9 ApS<\/title>\n<meta name=\"robots\" content=\"index, follow, max-snippet:-1, max-image-preview:large, max-video-preview:-1\" \/>\n<link rel=\"canonical\" href=\"https:\/\/pot-ole.dk\/de\/haendler-werden\/\" \/>\n<meta property=\"og:locale\" content=\"de_DE\" \/>\n<meta property=\"og:type\" content=\"article\" \/>\n<meta property=\"og:title\" content=\"H\u00e4ndler werden | W.E.T. BY POT OL\u00c9 ApS\" \/>\n<meta property=\"og:description\" content=\"H\u00e4ndler werden Kontaktieren Sie uns noch heute M\u00f6chten Sie H\u00e4ndler werden? \u200bWET BY POT OL\u00c9 ApS \u00d8sterled 28G, 4300 Holbaek Klicken Sie hier f\u00fcr eine Wegbeschreibung CVR: 32466052 +45 40 17 33 58 F\u00fcllen Sie unser Kontaktformular aus und wir melden uns innerhalb von 24 Stunden bei Ihnen.\" \/>\n<meta property=\"og:url\" content=\"https:\/\/pot-ole.dk\/de\/haendler-werden\/\" \/>\n<meta property=\"og:site_name\" content=\"W.E.T. BY POT OL\u00c9 ApS\" \/>\n<meta property=\"article:modified_time\" content=\"2026-02-13T08:42:02+00:00\" \/>\n<meta name=\"twitter:card\" content=\"summary_large_image\" \/>\n<script type=\"application\/ld+json\" class=\"yoast-schema-graph\">{\"@context\":\"https:\\\/\\\/schema.org\",\"@graph\":[{\"@type\":\"WebPage\",\"@id\":\"https:\\\/\\\/pot-ole.dk\\\/de\\\/haendler-werden\\\/\",\"url\":\"https:\\\/\\\/pot-ole.dk\\\/de\\\/haendler-werden\\\/\",\"name\":\"H\u00e4ndler werden | W.E.T. BY POT OL\u00c9 ApS\",\"isPartOf\":{\"@id\":\"https:\\\/\\\/pot-ole.dk\\\/de\\\/#website\"},\"datePublished\":\"2025-07-24T08:51:50+00:00\",\"dateModified\":\"2026-02-13T08:42:02+00:00\",\"breadcrumb\":{\"@id\":\"https:\\\/\\\/pot-ole.dk\\\/de\\\/haendler-werden\\\/#breadcrumb\"},\"inLanguage\":\"de\",\"potentialAction\":[{\"@type\":\"ReadAction\",\"target\":[\"https:\\\/\\\/pot-ole.dk\\\/de\\\/haendler-werden\\\/\"]}]},{\"@type\":\"BreadcrumbList\",\"@id\":\"https:\\\/\\\/pot-ole.dk\\\/de\\\/haendler-werden\\\/#breadcrumb\",\"itemListElement\":[{\"@type\":\"ListItem\",\"position\":1,\"name\":\"Forside\",\"item\":\"https:\\\/\\\/pot-ole.dk\\\/de\\\/front\\\/\"},{\"@type\":\"ListItem\",\"position\":2,\"name\":\"H\u00e4ndler werden\"}]},{\"@type\":\"WebSite\",\"@id\":\"https:\\\/\\\/pot-ole.dk\\\/de\\\/#website\",\"url\":\"https:\\\/\\\/pot-ole.dk\\\/de\\\/\",\"name\":\"W.E.T. BY POT OL\u00c9 ApS\",\"description\":\"W.E.T. BY POT OL\u00c9 ApS:\",\"publisher\":{\"@id\":\"https:\\\/\\\/pot-ole.dk\\\/de\\\/#organization\"},\"potentialAction\":[{\"@type\":\"SearchAction\",\"target\":{\"@type\":\"EntryPoint\",\"urlTemplate\":\"https:\\\/\\\/pot-ole.dk\\\/de\\\/?s={search_term_string}\"},\"query-input\":{\"@type\":\"PropertyValueSpecification\",\"valueRequired\":true,\"valueName\":\"search_term_string\"}}],\"inLanguage\":\"de\"},{\"@type\":\"Organization\",\"@id\":\"https:\\\/\\\/pot-ole.dk\\\/de\\\/#organization\",\"name\":\"W.E.T. BY POT OL\u00c9 ApS\",\"url\":\"https:\\\/\\\/pot-ole.dk\\\/de\\\/\",\"logo\":{\"@type\":\"ImageObject\",\"inLanguage\":\"de\",\"@id\":\"https:\\\/\\\/pot-ole.dk\\\/de\\\/#\\\/schema\\\/logo\\\/image\\\/\",\"url\":\"https:\\\/\\\/pot-ole.dk\\\/wp-content\\\/uploads\\\/2025\\\/07\\\/logo_hvid_1360_2878.svg\",\"contentUrl\":\"https:\\\/\\\/pot-ole.dk\\\/wp-content\\\/uploads\\\/2025\\\/07\\\/logo_hvid_1360_2878.svg\",\"width\":163,\"height\":66,\"caption\":\"W.E.T. BY POT OL\u00c9 ApS\"},\"image\":{\"@id\":\"https:\\\/\\\/pot-ole.dk\\\/de\\\/#\\\/schema\\\/logo\\\/image\\\/\"}}]}<\/script>\n<!-- \/ Yoast SEO plugin. -->","yoast_head_json":{"title":"H\u00e4ndler werden | W.E.T. BY POT OL\u00c9 ApS","robots":{"index":"index","follow":"follow","max-snippet":"max-snippet:-1","max-image-preview":"max-image-preview:large","max-video-preview":"max-video-preview:-1"},"canonical":"https:\/\/pot-ole.dk\/de\/haendler-werden\/","og_locale":"de_DE","og_type":"article","og_title":"H\u00e4ndler werden | W.E.T. BY POT OL\u00c9 ApS","og_description":"H\u00e4ndler werden Kontaktieren Sie uns noch heute M\u00f6chten Sie H\u00e4ndler werden? \u200bWET BY POT OL\u00c9 ApS \u00d8sterled 28G, 4300 Holbaek Klicken Sie hier f\u00fcr eine Wegbeschreibung CVR: 32466052 +45 40 17 33 58 F\u00fcllen Sie unser Kontaktformular aus und wir melden uns innerhalb von 24 Stunden bei Ihnen.","og_url":"https:\/\/pot-ole.dk\/de\/haendler-werden\/","og_site_name":"W.E.T. BY POT OL\u00c9 ApS","article_modified_time":"2026-02-13T08:42:02+00:00","twitter_card":"summary_large_image","schema":{"@context":"https:\/\/schema.org","@graph":[{"@type":"WebPage","@id":"https:\/\/pot-ole.dk\/de\/haendler-werden\/","url":"https:\/\/pot-ole.dk\/de\/haendler-werden\/","name":"H\u00e4ndler werden | W.E.T. BY POT OL\u00c9 ApS","isPartOf":{"@id":"https:\/\/pot-ole.dk\/de\/#website"},"datePublished":"2025-07-24T08:51:50+00:00","dateModified":"2026-02-13T08:42:02+00:00","breadcrumb":{"@id":"https:\/\/pot-ole.dk\/de\/haendler-werden\/#breadcrumb"},"inLanguage":"de","potentialAction":[{"@type":"ReadAction","target":["https:\/\/pot-ole.dk\/de\/haendler-werden\/"]}]},{"@type":"BreadcrumbList","@id":"https:\/\/pot-ole.dk\/de\/haendler-werden\/#breadcrumb","itemListElement":[{"@type":"ListItem","position":1,"name":"Forside","item":"https:\/\/pot-ole.dk\/de\/front\/"},{"@type":"ListItem","position":2,"name":"H\u00e4ndler werden"}]},{"@type":"WebSite","@id":"https:\/\/pot-ole.dk\/de\/#website","url":"https:\/\/pot-ole.dk\/de\/","name":"W.E.T. BY POT OL\u00c9 ApS","description":"W.E.T. BY POT OL\u00c9 ApS:","publisher":{"@id":"https:\/\/pot-ole.dk\/de\/#organization"},"potentialAction":[{"@type":"SearchAction","target":{"@type":"EntryPoint","urlTemplate":"https:\/\/pot-ole.dk\/de\/?s={search_term_string}"},"query-input":{"@type":"PropertyValueSpecification","valueRequired":true,"valueName":"search_term_string"}}],"inLanguage":"de"},{"@type":"Organization","@id":"https:\/\/pot-ole.dk\/de\/#organization","name":"W.E.T. BY POT OL\u00c9 ApS","url":"https:\/\/pot-ole.dk\/de\/","logo":{"@type":"ImageObject","inLanguage":"de","@id":"https:\/\/pot-ole.dk\/de\/#\/schema\/logo\/image\/","url":"https:\/\/pot-ole.dk\/wp-content\/uploads\/2025\/07\/logo_hvid_1360_2878.svg","contentUrl":"https:\/\/pot-ole.dk\/wp-content\/uploads\/2025\/07\/logo_hvid_1360_2878.svg","width":163,"height":66,"caption":"W.E.T. BY POT OL\u00c9 ApS"},"image":{"@id":"https:\/\/pot-ole.dk\/de\/#\/schema\/logo\/image\/"}}]}},"_links":{"self":[{"href":"https:\/\/pot-ole.dk\/de\/wp-json\/wp\/v2\/pages\/15661","targetHints":{"allow":["GET"]}}],"collection":[{"href":"https:\/\/pot-ole.dk\/de\/wp-json\/wp\/v2\/pages"}],"about":[{"href":"https:\/\/pot-ole.dk\/de\/wp-json\/wp\/v2\/types\/page"}],"author":[{"embeddable":true,"href":"https:\/\/pot-ole.dk\/de\/wp-json\/wp\/v2\/users\/5"}],"replies":[{"embeddable":true,"href":"https:\/\/pot-ole.dk\/de\/wp-json\/wp\/v2\/comments?post=15661"}],"version-history":[{"count":6,"href":"https:\/\/pot-ole.dk\/de\/wp-json\/wp\/v2\/pages\/15661\/revisions"}],"predecessor-version":[{"id":20925,"href":"https:\/\/pot-ole.dk\/de\/wp-json\/wp\/v2\/pages\/15661\/revisions\/20925"}],"wp:attachment":[{"href":"https:\/\/pot-ole.dk\/de\/wp-json\/wp\/v2\/media?parent=15661"}],"wp:term":[{"taxonomy":"category","embeddable":true,"href":"https:\/\/pot-ole.dk\/de\/wp-json\/wp\/v2\/categories?post=15661"}],"curies":[{"name":"wp","href":"https:\/\/api.w.org\/{rel}","templated":true}]}}